{"id":569,"date":"2015-12-03T10:44:31","date_gmt":"2015-12-03T10:44:31","guid":{"rendered":"http:\/\/harasranchofatima.com\/?page_id=569"},"modified":"2026-03-31T19:56:06","modified_gmt":"2026-03-31T19:56:06","slug":"home-1","status":"publish","type":"page","link":"https:\/\/ranchofatima.com\/","title":{"rendered":"Haras"},"content":{"rendered":"<p>[vc_row][vc_column]<h1 id=\"noticias\" class=\"sc_title sc_title_regular margin_top_small\" style=\"color:#000000;\">Noticias<\/h1>[vc_empty_space][\/vc_column][\/vc_row][vc_row][vc_column][vc_basic_grid post_type=\u00bbpost\u00bb max_items=\u00bb3&#8243; style=\u00bbload-more\u00bb items_per_page=\u00bb3&#8243; grid_id=\u00bbvc_gid:1774986198269-d3c8e4228bc72dbcf78ce9249763580e-8&#8243; taxonomies=\u00bb26&#8243;][\/vc_column][\/vc_row][vc_row][vc_column][vc_btn title=\u00bbVer M\u00e1s\u00bb align=\u00bbcenter\u00bb link=\u00bburl:https%3A%2F%2Franchofatima.com%2Findex.php%2Fnoticias%2F|title:Blog\u00bb][\/vc_column][\/vc_row][vc_row][vc_column]<h2 id=\"ultimos-triunfos\" class=\"sc_title sc_title_regular margin_top_small\" style=\"color:#000000;\">\u00daltimos Triunfos<\/h2>[\/vc_column][\/vc_row][vc_row css=\u00bb.vc_custom_1680266279043{margin-top: 50px !important;}\u00bb][vc_column width=\u00bb2\/5&#8243;][vc_empty_space height=\u00bb40px\u00bb][vc_video link=\u00bbhttps:\/\/youtu.be\/3T8YZbYU1uA?si=Hiqd4bsPJY3Y7Gaw\u00bb align=\u00bbcenter\u00bb][vc_column_text el_class=\u00bbinterlineado texto-parrafo\u00bb css=\u00bb.vc_custom_1774986888485{margin-top: 5px !important;}\u00bb]<\/p>\n<p style=\"text-align: center;\"><strong>Criptonita (Class Leader)<br \/>\nStud H. La Quebrada<br \/>\nHandicap<br \/>\n1.200m c\u00e9sped<br \/>\n30 de Marzo del 2026<\/strong><\/p>\n<p>[\/vc_column_text][vc_empty_space][\/vc_column][vc_column width=\u00bb1\/5&#8243;][vc_video link=\u00bbhttps:\/\/youtu.be\/EiJ-yNZvBsM?si=1vy3VfvVm945h7ry\u00bb align=\u00bbcenter\u00bb][vc_column_text el_class=\u00bbinterlineado\u00bb css=\u00bb.vc_custom_1774986830475{margin-top: 15px !important;}\u00bb]<\/p>\n<p style=\"text-align: center; font-size: 12px;\"><strong>Pr\u00edncipe Gael (Eye On Jacob)<br \/>\nStud El Ruso<br \/>\nHandicap<br \/>\n1.600m arena<br \/>\n30 de Marzo del 2026<\/strong><\/p>\n<p>[\/vc_column_text][vc_empty_space][vc_video link=\u00bbhttps:\/\/youtu.be\/2irpE73l7BA?si=rfLZmCauGQI8KwX1&#8243; align=\u00bbcenter\u00bb][vc_column_text el_class=\u00bbinterlineado\u00bb css=\u00bb.vc_custom_1774986576302{margin-top: 15px !important;}\u00bb]<\/p>\n<p style=\"text-align: center; font-size: 12px;\"><strong>Suemy (Singe The Turf)<br \/>\nStud The Race Horse Experience<br \/>\nCl. Socios Vitalicios del JCP &#8211; A<br \/>\n1.600m c\u00e9sped<br \/>\n29 de Marzo del 2026<\/strong><\/p>\n<p>[\/vc_column_text][vc_empty_space][\/vc_column][vc_column width=\u00bb1\/5&#8243;][vc_video link=\u00bbhttps:\/\/youtu.be\/LLUWs7_DNJU?si=s65sKLkU_3wmd6-f\u00bb align=\u00bbcenter\u00bb][vc_column_text el_class=\u00bbinterlineado\u00bb css=\u00bb.vc_custom_1774986734315{margin-top: 15px !important;}\u00bb]<\/p>\n<p style=\"text-align: center; font-size: 12px;\"><strong>Salvina (Singe The Turf)<br \/>\nStud Tito<br \/>\nHandicap<br \/>\n1.800m c\u00e9sped<br \/>\n30 de Marzo del 2026<\/strong><\/p>\n<p>[\/vc_column_text][vc_empty_space][vc_video link=\u00bbhttps:\/\/youtu.be\/JQIy0WW6WkM?si=BYVyCpzdQXN2IDix\u00bb align=\u00bbcenter\u00bb][vc_column_text el_class=\u00bbinterlineado\u00bb css=\u00bb.vc_custom_1774986504788{margin-top: 15px !important;}\u00bb]<\/p>\n<p style=\"text-align: center; font-size: 12px;\"><strong>Regalote (Singe The Turf)<br \/>\nStud Juan de Arona<br \/>\n3 a. no ganadores<br \/>\n1.800m c\u00e9sped<br \/>\n23 de Marzo del 2026<\/strong><\/p>\n<p>[\/vc_column_text][vc_empty_space][\/vc_column][vc_column width=\u00bb1\/5&#8243;][vc_video link=\u00bbhttps:\/\/youtu.be\/1ymVIsVSlHU?si=gTDEcAihWli1ZiPx\u00bb align=\u00bbcenter\u00bb][vc_column_text el_class=\u00bbinterlineado\u00bb css=\u00bb.vc_custom_1774986636717{margin-top: 15px !important;}\u00bb]<\/p>\n<p style=\"text-align: center; font-size: 12px;\"><strong>Lola Lola (Singe The Turf)<br \/>\nStud Friends<br \/>\nCl. Socios Vitalicios del JCP &#8211; B<br \/>\n1.600m c\u00e9sped<br \/>\n29 de Marzo del 2026<\/strong><\/p>\n<p>[\/vc_column_text][vc_empty_space][vc_video link=\u00bbhttps:\/\/youtu.be\/zLChvmIsScI?si=6p1TAqsQm884-S6M\u00bb align=\u00bbcenter\u00bb][vc_column_text el_class=\u00bbinterlineado\u00bb css=\u00bb.vc_custom_1774986451420{margin-top: 15px !important;}\u00bb]<\/p>\n<p style=\"text-align: center; font-size: 12px;\"><strong>Bujamero (Super Nao)<br \/>\nStud Dos Mar\u00edas<br \/>\nCl. Carlos II Watson y Eduardo F.G. Watson [L]<br \/>\n1.200m arena<br \/>\n22 de Marzo del 2026<\/strong><\/p>\n<p>[\/vc_column_text][vc_empty_space][\/vc_column][\/vc_row][vc_row css=\u00bb.vc_custom_1680266439400{margin-top: 50px !important;}\u00bb][vc_column][vc_btn title=\u00bbVer M\u00e1s\u00bb align=\u00bbcenter\u00bb link=\u00bburl:https%3A%2F%2Franchofatima.com%2Findex.php%2Fabout%2Fultimos-triunfos%2F|title:Ultimos%20Triunfos\u00bb][\/vc_column][\/vc_row][vc_row disable_element=\u00bbyes\u00bb][vc_column]<h2 id=\"proximos-programas\" class=\"sc_title sc_title_regular margin_top_small\" style=\"color:#000000;\">Pr\u00f3ximos Programas<\/h2><div id=\"tabla1\" class=\"sc_table aligncenter table-striped tabla \" style=\"width:100%;\"><\/p>\n<table width=\"879\">\n<tbody>\n<tr>\n<td style=\"background: #D21C19; color: white;\" colspan=\"9\" width=\"879\">Sabado 1 de abril<\/td>\n<\/tr>\n<tr>\n<td class=\"negrita\">Nombre<\/td>\n<td>Edad<\/td>\n<td>Sexo<\/td>\n<td class=\"negrita\">Carrera<\/td>\n<td>Condicion<\/td>\n<td>Distancia<\/td>\n<td>Pista<\/td>\n<td>Padre<\/td>\n<td class=\"negrita\">Madre<\/td>\n<\/tr>\n<tr>\n<td><strong>Valiant Dream<\/strong><\/td>\n<td>3<\/td>\n<td>Hembra<\/td>\n<td><strong>4ta<\/strong><\/td>\n<td>Potrancas 3a. No. Gan<\/td>\n<td>1300m<\/td>\n<td>Cesped<\/td>\n<td>Class Leader<\/td>\n<td><strong>Stinger Gal<\/strong><\/td>\n<\/tr>\n<tr>\n<td><strong>Shemar<\/strong><\/td>\n<td>5<\/td>\n<td>Hembra<\/td>\n<td><strong>7ma<\/strong><\/td>\n<td>Handicap H5<\/td>\n<td>1000m<\/td>\n<td>Arena<\/td>\n<td>Singe the Turf<\/td>\n<td><strong>Toowoomba<\/strong><\/td>\n<\/tr>\n<tr>\n<td><strong>Natividad<\/strong><\/td>\n<td>3<\/td>\n<td>Hembra<\/td>\n<td><strong>8va<\/strong><\/td>\n<td>Potrancas 3a. No. Gan<\/td>\n<td>1300m<\/td>\n<td>Cesped<\/td>\n<td>Riviera Cocktail<\/td>\n<td><strong>Elita Bonita<\/strong><\/td>\n<\/tr>\n<\/tbody>\n<\/table>\n<p>\u00a0<\/p>\n<table width=\"879\">\n<tbody>\n<tr>\n<td style=\"background: #D21C19; color: white;\" colspan=\"9\" width=\"879\">Domingo 2 de abril<\/td>\n<\/tr>\n<tr>\n<td>Nombre<\/td>\n<td>Edad<\/td>\n<td>Sexo<\/td>\n<td>Carrera<\/td>\n<td>Condicion<\/td>\n<td>Distancia<\/td>\n<td>Pista<\/td>\n<td>Padre<\/td>\n<td>Madre<\/td>\n<\/tr>\n<tr>\n<td><strong>Ulpiano<\/strong><\/td>\n<td>3<\/td>\n<td>Macho<\/td>\n<td><strong>2da<\/strong><\/td>\n<td>Productos 3a Gan 2 y 3<\/td>\n<td>2000m<\/td>\n<td>Cesped<\/td>\n<td>Singe the Turf<\/td>\n<td><strong>Tesoro<\/strong><\/td>\n<\/tr>\n<tr>\n<td><strong>Quri Sam<\/strong><\/td>\n<td>5<\/td>\n<td>Hembra<\/td>\n<td><strong>6ta<\/strong><\/td>\n<td>Cl. Ernesto Ayulo Pardo<\/td>\n<td>2000m<\/td>\n<td>Cesped<\/td>\n<td>Riviera Cocktail<\/td>\n<td><strong>Quiz<\/strong><\/td>\n<\/tr>\n<tr>\n<td><strong>Rabanal<\/strong><\/td>\n<td>6<\/td>\n<td>Macho<\/td>\n<td><strong>9na<\/strong><\/td>\n<td>Handicap H5<\/td>\n<td>1000m<\/td>\n<td>Arena<\/td>\n<td>Riviera Cocktail<\/td>\n<td><strong>Lastarina<\/strong><\/td>\n<\/tr>\n<tr>\n<td><strong>Mama Queca<\/strong><\/td>\n<td>4<\/td>\n<td>Hembra<\/td>\n<td><strong>10ma<\/strong><\/td>\n<td>Handicap hasta el 10 tabla<\/td>\n<td>1000m<\/td>\n<td>Cesped<\/td>\n<td>Riviera Cocktail<\/td>\n<td><strong>Anabella<\/strong><\/td>\n<\/tr>\n<\/tbody>\n<\/table>\n<p>\u00a0<\/p>\n<table width=\"879\">\n<tbody>\n<tr>\n<td style=\"background: #D21C19; color: white;\" colspan=\"9\" width=\"879\">Lunes 3 de abril<\/td>\n<\/tr>\n<tr>\n<td>Nombre<\/td>\n<td>Edad<\/td>\n<td>Sexo<\/td>\n<td>Carrera<\/td>\n<td>Condicion<\/td>\n<td>Distancia<\/td>\n<td>Pista<\/td>\n<td>Padre<\/td>\n<td>Madre<\/td>\n<\/tr>\n<tr>\n<td><strong>Asfaloth<\/strong><\/td>\n<td>9<\/td>\n<td>Macho<\/td>\n<td><strong>2da<\/strong><\/td>\n<td>Handicap H2<\/td>\n<td>1600m<\/td>\n<td>Arena<\/td>\n<td>Riviera Cocktail<\/td>\n<td><strong>Toowoomba<\/strong><\/td>\n<\/tr>\n<tr>\n<td><strong>Candente<\/strong><\/td>\n<td>4<\/td>\n<td>Hembra<\/td>\n<td><strong>2da<\/strong><\/td>\n<td>Handicap H2<\/td>\n<td>1600m<\/td>\n<td>Arena<\/td>\n<td>Cyrus Alexander<\/td>\n<td><strong>Quiz<\/strong><\/td>\n<\/tr>\n<tr>\n<td><strong>Toni Kroos<\/strong><\/td>\n<td>6<\/td>\n<td>Macho<\/td>\n<td><strong>2da<\/strong><\/td>\n<td>Handicap H2<\/td>\n<td>1600m<\/td>\n<td>Arena<\/td>\n<td>Riviera Cocktail<\/td>\n<td><strong>Loretta<\/strong><\/td>\n<\/tr>\n<tr>\n<td><strong>Balentino<\/strong><\/td>\n<td>4<\/td>\n<td>Macho<\/td>\n<td><strong>2da<\/strong><\/td>\n<td>Handicap H2<\/td>\n<td>1600m<\/td>\n<td>Arena<\/td>\n<td>Bay of Plenty<\/td>\n<td><strong>Rizopatronita<\/strong><\/td>\n<\/tr>\n<tr>\n<td><strong>Tarantino<\/strong><\/td>\n<td>7<\/td>\n<td>Macho<\/td>\n<td><strong>7ma<\/strong><\/td>\n<td>Handicap H3<\/td>\n<td>1200m<\/td>\n<td>Arena<\/td>\n<td>Timely Advice<\/td>\n<td><strong>La Soraya<\/strong><\/td>\n<\/tr>\n<\/tbody>\n<\/table>\n<p><\/div>[vc_empty_space height=\u00bb70px\u00bb][\/vc_column][\/vc_row][vc_row full_width=\u00bbstretch_row_content\u00bb parallax=\u00bbcontent-moving\u00bb parallax_image=\u00bb3296&#8243; parallax_speed_bg=\u00bb3.5&#8243;][vc_column width=\u00bb1\/4&#8243;][\/vc_column][vc_column width=\u00bb1\/2&#8243;][vc_column_text el_class=\u00bbtexto-justificado\u00bb css=\u00bb.vc_custom_1690295539610{margin-top: 35px !important;padding-top: 20px !important;padding-right: 20px !important;padding-bottom: 20px !important;padding-left: 20px !important;background-color: rgba(216,216,216,0.42) !important;*background-color: rgb(216,216,216) !important;}\u00bb]<\/p>\n<h2 style=\"text-align: center;\">Premios Post\u00edn<\/h2>\n<p style=\"color: black;\">Los premios Post\u00edn son el reconocimiento a los mejores caballos del a\u00f1o.<\/p>\n<p style=\"color: black;\">Son 18 categor\u00edas que var\u00edan seg\u00fan el sexo, edad (2a, 3a y adultos), superficie (arena o c\u00e9sped) y distancia (velocidad, milla y fondo).<\/p>\n<p>[\/vc_column_text][vc_empty_space][vc_btn title=\u00bbConocer M\u00e1s\u00bb color=\u00bbblack\u00bb align=\u00bbcenter\u00bb i_icon_fontawesome=\u00bbfas fa-hand-point-right\u00bb add_icon=\u00bbtrue\u00bb link=\u00bburl:https%3A%2F%2Franchofatima.com%2Findex.php%2Fpremios-postin%2F|title:Premios%20Postin\u00bb][\/vc_column][vc_column width=\u00bb1\/4&#8243;][\/vc_column][\/vc_row][vc_row][vc_column]<h2 id=\"ultimos-triunfos\" class=\"sc_title sc_title_regular margin_top_small margin_bottom_small\" style=\"color:#000000;\">Cat\u00e1logos<\/h2>[\/vc_column][\/vc_row][vc_row][vc_column width=\u00bb1\/3&#8243;][vc_single_image image=\u00bb4816&#8243; img_size=\u00bbmedium\u00bb alignment=\u00bbcenter\u00bb style=\u00bbvc_box_border\u00bb onclick=\u00bbcustom_link\u00bb img_link_target=\u00bb_blank\u00bb link=\u00bbhttps:\/\/ranchofatima.com\/wp-content\/uploads\/documentos\/catalogo_2025b.pdf\u00bb]<h5 class=\"sc_title sc_title_regular margin_top_tiny\"><\/p>\n<p style=\"text-align: center;\"><strong>Cat\u00e1logo 2025<\/strong><\/p>\n<p><\/h5>[vc_column_text css=\u00bb.vc_custom_1761846348394{margin-top: -30px !important;}\u00bb]<\/p>\n<p style=\"text-align: center;\">Remate de Fin de Temporada<\/p>\n<p>[\/vc_column_text][vc_empty_space][\/vc_column][vc_column width=\u00bb1\/3&#8243;][vc_single_image image=\u00bb4816&#8243; img_size=\u00bbmedium\u00bb alignment=\u00bbcenter\u00bb style=\u00bbvc_box_border\u00bb onclick=\u00bbcustom_link\u00bb img_link_target=\u00bb_blank\u00bb link=\u00bbhttps:\/\/ranchofatima.com\/wp-content\/uploads\/documentos\/catalogo_2025.pdf\u00bb]<h5 class=\"sc_title sc_title_regular margin_top_tiny\"><\/p>\n<p style=\"text-align: center;\"><strong>Cat\u00e1logo 2025<\/strong><\/p>\n<p><\/h5>[vc_column_text css=\u00bb.vc_custom_1755013243180{margin-top: -30px !important;}\u00bb]<\/p>\n<p style=\"text-align: center;\">Generaci\u00f3n 2023<\/p>\n<p>[\/vc_column_text][vc_empty_space][\/vc_column][vc_column width=\u00bb1\/3&#8243;][vc_single_image image=\u00bb4814&#8243; img_size=\u00bbmedium\u00bb alignment=\u00bbcenter\u00bb style=\u00bbvc_box_border\u00bb onclick=\u00bbcustom_link\u00bb img_link_target=\u00bb_blank\u00bb link=\u00bbhttps:\/\/ranchofatima.com\/wp-content\/uploads\/documentos\/catalogo_2024c.pdf\u00bb]<h5 class=\"sc_title sc_title_regular margin_top_tiny\"><\/p>\n<p style=\"text-align: center;\"><strong>Cat\u00e1logo 2024<\/strong><\/p>\n<p><\/h5>[vc_column_text css=\u00bb.vc_custom_1755013126088{margin-top: -30px !important;}\u00bb]<\/p>\n<p style=\"text-align: center;\">Generaci\u00f3n 2022<\/p>\n<p>[\/vc_column_text][vc_empty_space][\/vc_column][\/vc_row][vc_row css=\u00bb.vc_custom_1680266439400{margin-top: 50px !important;}\u00bb][vc_column][vc_btn title=\u00bbVer M\u00e1s\u00bb align=\u00bbcenter\u00bb link=\u00bburl:https%3A%2F%2Franchofatima.com%2Findex.php%2Fremates%2F|title:Ultimos%20Triunfos\u00bb][\/vc_column][\/vc_row][vc_row full_width=\u00bbstretch_row_content\u00bb][vc_column][vc_separator border_width=\u00bb2&#8243;][vc_empty_space height=\u00bb15px\u00bb][\/vc_column][\/vc_row][vc_row][vc_column][vc_separator style=\u00bbdouble\u00bb border_width=\u00bb2&#8243;][\/vc_column][\/vc_row]<\/p>\n","protected":false},"excerpt":{"rendered":"<p>[vc_row][vc_column][vc_empty_space][\/vc_column][\/vc_row][vc_row][vc_column][vc_basic_grid post_type=\u00bbpost\u00bb max_items=\u00bb3&#8243; style=\u00bbload-more\u00bb items_per_page=\u00bb3&#8243; grid_id=\u00bbvc_gid:1774986198269-d3c8e4228bc72dbcf78ce9249763580e-8&#8243; taxonomies=\u00bb26&#8243;][\/vc_column][\/vc_row][vc_row][vc_column][vc_btn title=\u00bbVer M\u00e1s\u00bb align=\u00bbcenter\u00bb link=\u00bburl:https%3A%2F%2Franchofatima.com%2Findex.php%2Fnoticias%2F|title:Blog\u00bb][\/vc_column][\/vc_row][vc_row][vc_column][\/vc_column][\/vc_row][vc_row css=\u00bb.vc_custom_1680266279043{margin-top: 50px !important;}\u00bb][vc_column width=\u00bb2\/5&#8243;][vc_empty_space height=\u00bb40px\u00bb][vc_video link=\u00bbhttps:\/\/youtu.be\/3T8YZbYU1uA?si=Hiqd4bsPJY3Y7Gaw\u00bb align=\u00bbcenter\u00bb][vc_column_text el_class=\u00bbinterlineado texto-parrafo\u00bb css=\u00bb.vc_custom_1774986888485{margin-top: 5px !important;}\u00bb] Criptonita (Class Leader) Stud H. La Quebrada Handicap 1.200m c\u00e9sped 30 de Marzo del 2026 [\/vc_column_text][vc_empty_space][\/vc_column][vc_column width=\u00bb1\/5&#8243;][vc_video link=\u00bbhttps:\/\/youtu.be\/EiJ-yNZvBsM?si=1vy3VfvVm945h7ry\u00bb align=\u00bbcenter\u00bb][vc_column_text el_class=\u00bbinterlineado\u00bb css=\u00bb.vc_custom_1774986830475{margin-top: 15px !important;}\u00bb] Pr\u00edncipe Gael (Eye On Jacob) Stud El Ruso Handicap [&hellip;]<\/p>\n","protected":false},"author":1,"featured_media":0,"parent":0,"menu_order":0,"comment_status":"closed","ping_status":"closed","template":"","meta":{"_monsterinsights_skip_tracking":false,"_monsterinsights_sitenote_active":false,"_monsterinsights_sitenote_note":"","_monsterinsights_sitenote_category":0,"footnotes":""},"class_list":["post-569","page","type-page","status-publish","hentry"],"aioseo_notices":[],"_links":{"self":[{"href":"https:\/\/ranchofatima.com\/index.php\/wp-json\/wp\/v2\/pages\/569","targetHints":{"allow":["GET"]}}],"collection":[{"href":"https:\/\/ranchofatima.com\/index.php\/wp-json\/wp\/v2\/pages"}],"about":[{"href":"https:\/\/ranchofatima.com\/index.php\/wp-json\/wp\/v2\/types\/page"}],"author":[{"embeddable":true,"href":"https:\/\/ranchofatima.com\/index.php\/wp-json\/wp\/v2\/users\/1"}],"replies":[{"embeddable":true,"href":"https:\/\/ranchofatima.com\/index.php\/wp-json\/wp\/v2\/comments?post=569"}],"version-history":[{"count":226,"href":"https:\/\/ranchofatima.com\/index.php\/wp-json\/wp\/v2\/pages\/569\/revisions"}],"predecessor-version":[{"id":5476,"href":"https:\/\/ranchofatima.com\/index.php\/wp-json\/wp\/v2\/pages\/569\/revisions\/5476"}],"wp:attachment":[{"href":"https:\/\/ranchofatima.com\/index.php\/wp-json\/wp\/v2\/media?parent=569"}],"curies":[{"name":"wp","href":"https:\/\/api.w.org\/{rel}","templated":true}]}}