{"id":2700,"date":"2023-05-08T11:53:54","date_gmt":"2023-05-08T11:53:54","guid":{"rendered":"http:\/\/harasranchofatima.com\/?page_id=2700"},"modified":"2023-06-28T08:35:20","modified_gmt":"2023-06-28T08:35:20","slug":"laubali","status":"publish","type":"page","link":"https:\/\/ranchofatima.com\/index.php\/laubali\/","title":{"rendered":"Laubali"},"content":{"rendered":"<p>[vc_row][vc_column][vc_separator border_width=\u00bb2&#8243;][vc_column_text css=\u00bb.vc_custom_1687941310682{margin-top: 50px !important;}\u00bb]<\/p>\n<h2 style=\"color: black; text-align: center;\">LAUBALI (EEUU)<\/h2>\n<p>[\/vc_column_text]<h5 class=\"sc_title sc_title_regular\" style=\"color:#000000;\"><\/p>\n<p style=\"text-align: center;\"><strong>Mr. Prospector \u2013 Fair to All por Al Nasr<\/strong><\/p>\n<p><\/h5>[vc_empty_space][vc_single_image image=\u00bb2760&#8243; img_size=\u00bb750&#215;550&#8243; alignment=\u00bbcenter\u00bb][vc_tta_tabs shape=\u00bbsquare\u00bb spacing=\u00bb\u00bb alignment=\u00bbcenter\u00bb active_section=\u00bb1&#8243; no_fill_content_area=\u00bbtrue\u00bb][vc_tta_section title=\u00bbRese\u00f1a\u00bb tab_id=\u00bb1677670015874-8e1aa575-4f11&#8243;][vc_column_text el_class=\u00bbtexto-justificado\u00bb]Laubali fue un hijo de Mr. Prospector nacido en Overbrook Farm y fue adquirido a los 2 a\u00f1os por Shadwell Stud. Gan\u00f3 cuatro carreras entre Newmarket y Nad Al Sheba, para los colores de la caba\u00adlleriza de la familia Al Maktoum, para luego llegar al Per\u00fa importado como semental. La madre de Laubali era Fair To All (EEUU, Al Nasr), que luego producir\u00eda al sensacio\u00adnal Honor And Glory (EEUU, Relaunch) y que ten\u00eda como bisabuela a Cequillo (EEUU, Princequillo), la misma bisabuela de Fappiano, el padre de Farallon P.[\/vc_column_text][\/vc_tta_section][vc_tta_section i_icon_fontawesome=\u00bbfar fa-file-pdf\u00bb add_icon=\u00bbtrue\u00bb title=\u00bbPedigree\u00bb tab_id=\u00bb1677670015874-7c27ce94-dcc5&#8243;][vc_column_text]<\/p>\n<p style=\"text-align: center;\"><strong>LAUBALI<\/strong><\/p>\n<p style=\"text-align: center;\">Alaz\u00e1n nacido en EEUU en 1991<br \/>\nPropietario: Haras Rancho F\u00e1tima[\/vc_column_text][vc_empty_space][vc_single_image image=\u00bb2759&#8243; img_size=\u00bbfull\u00bb alignment=\u00bbcenter\u00bb][\/vc_tta_section][vc_tta_section title=\u00bbProducci\u00f3n\u00bb tab_id=\u00bb1677670494909-c8ca0cc2-b39d\u00bb][vc_column_text]<strong>Hijos Ganadores Cl\u00e1sicos (20):<\/strong><\/p>\n<p><strong>FAYUZ<\/strong> 1ro Am\u00e9rica TV<\/p>\n<p><strong>LA SAMI<\/strong> Ganadora de 5 cl\u00e1sicos: Gran Derby Nacional (Gr.1), Polla de Potrancas (Gr.1), Copa de Oro, Carlos Palacios Villacampa y Eduardo Escribens Correa. <strong>Potranca Campeona 3 a\u00f1os.<\/strong><\/p>\n<p><strong>LA SOFI<\/strong> 1ra Oscar Berckemeyer Pazos (Gr.2) y Eduardo Escribens Correa.<\/p>\n<p><strong>LA SORAYA<\/strong> Ganadora de 5 cl\u00e1sicos incluido: Pamplona (Gr.1) \u2013 2 veces, Oscar Berckemeyer Pazos (Gr.2) y Rep\u00fablica Argentina (Gr.3). <strong>Potranca Campeona 3 a\u00f1os C\u00e9sped.<\/strong><\/p>\n<p><strong>LABAYO<\/strong> 1ro Santor\u00edn (Gr.3) \u2013 2 veces y Republica de Chile<\/p>\n<p><strong>LADIES FIRST<\/strong> Ganadora de 4 cl\u00e1sicos: Oscar Berckemeyer Pazos (Gr.2), Batalla de Tarapac\u00e1 (Gr.3), La Chaposa y Pedro D. Gallagher. <strong>Yegua Adulta Campeona.<\/strong><\/p>\n<p><strong>LADY FAST<\/strong> 1ra GPN Augusto B. Legu\u00eda (Gr.1), Maidenform (L) y Combate Dos de Mayo (L).<\/p>\n<p><strong>LADY SINGER<\/strong> 1ra Kimba<\/p>\n<p><strong>LANCHO<\/strong> 1ro Presidente de la Rep\u00fablica (Gr.2) y Batalla de Ayacucho (L).<\/p>\n<p><strong>LARIA<\/strong> 1ra Polla de Potrancas (Gr.1)<\/p>\n<p><strong>LASKY<\/strong> 1ra Fuerza A\u00e9rea del Per\u00fa (L)<\/p>\n<p><strong>LATINO<\/strong> Ganador de 4 cl\u00e1sicos: GPN Augusto B. Legu\u00eda (Gr.1), Post\u00edn (Gr.2), Claudio Fern\u00e1ndez Concha (Gr.3) y Aniversario del Jockey Club del Peru (L). <strong>Potrillo Campe\u00f3n 3 A\u00f1os C\u00e9sped. Caballo Adulto Campe\u00f3n C\u00e9sped.<\/strong><\/p>\n<p><strong>LAUD<\/strong> 1ro Almirante Miguel Grau Seminario (Gr.2) y Republica de Chile<\/p>\n<p><strong>LAUDABLE<\/strong> 1ro Pertinaz<\/p>\n<p><strong>LAUDETTE<\/strong> 1ra Mari July<\/p>\n<p><strong>LAUXIN<\/strong> 1ro Rio Pallanga<\/p>\n<p><strong>LIGHTNING SILVER<\/strong> 1ro Marcial<\/p>\n<p><strong>LORD SIDNEY<\/strong> 1ro Batalla de Tarapac\u00e1<\/p>\n<p><strong>LUCINA<\/strong> Ganadora de 7 cl\u00e1sicos: Maidenform (L), Libertador Jos\u00e9 de San Mart\u00edn (L), Laredo (L), La Chaposa, Santa Rosa de Lima, Rep\u00fablica de Ecuador y Eduardo Escribens Correa.<\/p>\n<p><strong>TRACATRAN TRACATRAN<\/strong> Ganador de 4 cl\u00e1sicos: Jockey Club del Per\u00fa (Gr.1), Selectos, Stash y Asociaci\u00f3n de Criadores de Caballos de Carrera del Per\u00fa[\/vc_column_text][\/vc_tta_section][vc_tta_section title=\u00bbEstad\u00edsticas\u00bb tab_id=\u00bb1677670513028-1f000dbd-5ff3&#8243;][\/vc_tta_section][vc_tta_section title=\u00bbGaler\u00eda\u00bb tab_id=\u00bb1677774347649-91be740c-f0d1&#8243;][\/vc_tta_section][\/vc_tta_tabs][\/vc_column][\/vc_row][vc_row full_width=\u00bbstretch_row_content\u00bb css=\u00bb.vc_custom_1681989376842{margin-top: 15px !important;}\u00bb][vc_column][vc_separator border_width=\u00bb2&#8243;][vc_empty_space height=\u00bb15px\u00bb][\/vc_column][\/vc_row][vc_row][vc_column][vc_separator style=\u00bbdouble\u00bb border_width=\u00bb2&#8243;][\/vc_column][\/vc_row]<\/p>\n","protected":false},"excerpt":{"rendered":"<p>[vc_row][vc_column][vc_separator border_width=\u00bb2&#8243;][vc_column_text css=\u00bb.vc_custom_1687941310682{margin-top: 50px !important;}\u00bb] LAUBALI (EEUU) [\/vc_column_text][vc_empty_space][vc_single_image image=\u00bb2760&#8243; img_size=\u00bb750&#215;550&#8243; alignment=\u00bbcenter\u00bb][vc_tta_tabs shape=\u00bbsquare\u00bb spacing=\u00bb\u00bb alignment=\u00bbcenter\u00bb active_section=\u00bb1&#8243; no_fill_content_area=\u00bbtrue\u00bb][vc_tta_section title=\u00bbRese\u00f1a\u00bb tab_id=\u00bb1677670015874-8e1aa575-4f11&#8243;][vc_column_text el_class=\u00bbtexto-justificado\u00bb]Laubali fue un hijo de Mr. Prospector nacido en Overbrook Farm y fue adquirido a los 2 a\u00f1os por Shadwell Stud. Gan\u00f3 cuatro carreras entre Newmarket y Nad Al Sheba, para los colores de la caba\u00adlleriza de [&hellip;]<\/p>\n","protected":false},"author":1,"featured_media":0,"parent":0,"menu_order":0,"comment_status":"closed","ping_status":"closed","template":"","meta":{"_monsterinsights_skip_tracking":false,"_monsterinsights_sitenote_active":false,"_monsterinsights_sitenote_note":"","_monsterinsights_sitenote_category":0,"footnotes":""},"class_list":["post-2700","page","type-page","status-publish","hentry"],"aioseo_notices":[],"_links":{"self":[{"href":"https:\/\/ranchofatima.com\/index.php\/wp-json\/wp\/v2\/pages\/2700","targetHints":{"allow":["GET"]}}],"collection":[{"href":"https:\/\/ranchofatima.com\/index.php\/wp-json\/wp\/v2\/pages"}],"about":[{"href":"https:\/\/ranchofatima.com\/index.php\/wp-json\/wp\/v2\/types\/page"}],"author":[{"embeddable":true,"href":"https:\/\/ranchofatima.com\/index.php\/wp-json\/wp\/v2\/users\/1"}],"replies":[{"embeddable":true,"href":"https:\/\/ranchofatima.com\/index.php\/wp-json\/wp\/v2\/comments?post=2700"}],"version-history":[{"count":11,"href":"https:\/\/ranchofatima.com\/index.php\/wp-json\/wp\/v2\/pages\/2700\/revisions"}],"predecessor-version":[{"id":3161,"href":"https:\/\/ranchofatima.com\/index.php\/wp-json\/wp\/v2\/pages\/2700\/revisions\/3161"}],"wp:attachment":[{"href":"https:\/\/ranchofatima.com\/index.php\/wp-json\/wp\/v2\/media?parent=2700"}],"curies":[{"name":"wp","href":"https:\/\/api.w.org\/{rel}","templated":true}]}}