{"id":2698,"date":"2023-05-08T11:50:59","date_gmt":"2023-05-08T11:50:59","guid":{"rendered":"http:\/\/harasranchofatima.com\/?page_id=2698"},"modified":"2023-06-28T08:35:59","modified_gmt":"2023-06-28T08:35:59","slug":"farallon-p","status":"publish","type":"page","link":"https:\/\/ranchofatima.com\/index.php\/farallon-p\/","title":{"rendered":"Farallon P."},"content":{"rendered":"<p>[vc_row][vc_column][vc_separator border_width=\u00bb2&#8243;][vc_column_text css=\u00bb.vc_custom_1687941349532{margin-top: 50px !important;}\u00bb]<\/p>\n<h2 style=\"color: black; text-align: center;\">FARALLON P. (EEUU)<\/h2>\n<p>[\/vc_column_text]<h5 class=\"sc_title sc_title_regular\" style=\"color:#000000;\"><\/p>\n<p style=\"text-align: center;\"><strong>Fappiano \u2013 Sheer Ice por Cutlass<\/strong><\/p>\n<p><\/h5>[vc_empty_space][vc_single_image image=\u00bb2752&#8243; img_size=\u00bb750&#215;550&#8243; alignment=\u00bbcenter\u00bb][vc_tta_tabs shape=\u00bbsquare\u00bb spacing=\u00bb\u00bb alignment=\u00bbcenter\u00bb active_section=\u00bb1&#8243; no_fill_content_area=\u00bbtrue\u00bb][vc_tta_section title=\u00bbRese\u00f1a\u00bb tab_id=\u00bb1677670015874-8e1aa575-4f11&#8243;][vc_column_text el_class=\u00bbtexto-justificado\u00bb]De color tordillo y m\u00e1s de 600kg, Farall\u00f3n P. s\u00f3lo corri\u00f3 dos veces debido a una lesi\u00f3n que lo sac\u00f3 prematuramente de la actividad. Fue adquirido por el Haras Rancho F\u00e1tima debido a su excelso pedigr\u00ed, pues era hijo de Fappiano (EEUU, Mr. Prospector), que ya hab\u00eda producido grandes corredores como Roy, Cryptoclearance, Quiet American y Unbridled; que a la postre fueron grandes padrillos. Farall\u00f3n P ingres\u00f3 a la cr\u00eda en 1994 y r\u00e1pidamente empez\u00f3 hacer su propio camino en la industria del purasangre en el Per\u00fa. Encajaba perfecto con las hijas de Stack y Stallion; produjo veintid\u00f3s hijos ganadores cl\u00e1sicos y fue premiado dos veces Padrillo del A\u00f1o en el Per\u00fa.\u00a0Como abuelo materno, Farallon P. ha destacado con sus nietos <strong>Asfaloth<\/strong> (15 veces ganador cl\u00e1sico), <strong>Tonga<\/strong> (potrillo campe\u00f3n 3 a\u00f1os en c\u00e9sped y ganador de GPN Augusto B. Leguia Gr.1), <strong>Don Feres<\/strong> (Potrillo invicto y campe\u00f3n 2 a\u00f1os en c\u00e9sped), <strong>Tamborine<\/strong> (M\u00faltiple ganadora y reproductora cl\u00e1sica), <strong>El Gran Blanco<\/strong> (Ganador del Cl\u00e1sico Postin Gr.2), <strong>I Have a Dream<\/strong> (M\u00faltiple ganadora cl\u00e1sica).[\/vc_column_text][\/vc_tta_section][vc_tta_section i_icon_fontawesome=\u00bbfar fa-file-pdf\u00bb add_icon=\u00bbtrue\u00bb title=\u00bbPedigree\u00bb tab_id=\u00bb1677670015874-7c27ce94-dcc5&#8243;][vc_column_text]<\/p>\n<p style=\"text-align: center;\"><strong>FARALLON P.<\/strong><\/p>\n<p style=\"text-align: center;\">Tordillo nacido en EEUU en 1990<br \/>\nPropietario: Haras Rancho F\u00e1tima[\/vc_column_text][vc_empty_space][vc_single_image image=\u00bb2754&#8243; img_size=\u00bbfull\u00bb alignment=\u00bbcenter\u00bb][\/vc_tta_section][vc_tta_section title=\u00bbProducci\u00f3n\u00bb tab_id=\u00bb1677670494909-c8ca0cc2-b39d\u00bb][vc_column_text]<strong>Hijos Ganadores Cl\u00e1sicos (25):<\/strong><\/p>\n<p><strong>FABRE<\/strong> Ganador de 7 cl\u00e1sicos, incluidos: Jos\u00e9 Soyer Nash (Gr.2), Gustavo Prado Heudebert (Gr.2) \u2013 2 veces, Rep\u00fablica Federativa de Brasil (L) y Juan Magot Rosell\u00f3 (L)<\/p>\n<p><strong>FABRIA<\/strong> 1ra Gustavo Prado Heudebert (Gr.2) y Cesar del Rio Suito (Gr.3). Adem\u00e1s gan\u00f3 el Governor Cup y el Saudi Seaport Authority\u2019s Cup en Arabia Saudita. Tambi\u00e9n partici\u00f3 en la Godolphin Cup (Gr.2) en Dubai. <strong>Yegua Adulta Campeona.<\/strong><\/p>\n<p><strong>FAMESI<\/strong> 1ra Ej\u00e9rcito del Per\u00fa y Arrabal<\/p>\n<p><strong>FAMOSA<\/strong> 1ra Hip\u00f3dromo de Santa Beatriz (L)<\/p>\n<p><strong>FANTAS\u00cdA<\/strong> Ganadora de 7 cl\u00e1sicos incluidos el Enrique Ayulo pardo (Gr.1), Jos\u00e9 Rodr\u00edguez Razzeto (Gr.3), Cesar del Rio Suito (Gr.3), Poder Judicial (L), Felipe Pardo y Barreda (L). <strong>Potranca Campeona 3 A\u00f1os.<\/strong><\/p>\n<p><strong>FANTASMA<\/strong> 1ro Asociaci\u00f3n de Propietarios de Caballos de Carrera del Per\u00fa (Gr.2), Mariano Ignacio Prado (Gr.2) y Diario El Comercio<\/p>\n<p><strong>FARABELLA<\/strong> 1ra Texfina (Gr.3)<\/p>\n<p><strong>FARACRUZ<\/strong> 1ra Reina Isabel II de Inglaterra (L), Ministerio P\u00fablico, Estados Unidos de Am\u00e9rica<\/p>\n<p><strong>FARAQUEEN<\/strong> 1ra Enrique Ayulo Pardo (Gr.1) y Alfredo Benavides y Alfredo Benavides Diez Canseco<\/p>\n<p><strong>FARENZA<\/strong> 1ra Mario Manzur Chamy (Gr.2) y Poder Judicial (L)<\/p>\n<p><strong>FARING<\/strong> Ganadora de 7 cl\u00e1sicos incluidos: Felipe Pardo y Barreda (L) \u2013 2 veces y Estados Unidos de Norteam\u00e9rica (L)<\/p>\n<p><strong>FARREL<\/strong> Ganador de 10 cl\u00e1sicos incluidos: OSAF (Gr.2), Coronel Alfonso Ugarte (L) y Juan Magot Rosell\u00f3 (L). <strong>Caballo Campe\u00f3n de la Milla.<\/strong><\/p>\n<p><strong>FARRITA<\/strong> 1ra Augusto Mostajo Barreda (Gr.3)<\/p>\n<p><strong>FASKY<\/strong> 1ra Estados Unidos de Norteam\u00e9rica, Texfina y Poder Judicial<\/p>\n<p><strong>FAUNA<\/strong> 1ra Reina Isabel II de Inglaterra (L)<\/p>\n<p><strong>FAYNA<\/strong> 1ra Copa de Criadores &#8211; Juveniles<\/p>\n<p><strong>FEDERICA<\/strong> 1ra Criadores<\/p>\n<p><strong>FELIPE<\/strong> 1ro Claudio Fern\u00e1ndez Concha (Gr.3)<\/p>\n<p><strong>FILOSOFIA<\/strong> 1ra Ilustre Colegio de Abogados de Lima<\/p>\n<p><strong>FORTANYO<\/strong> Ganador de 4 cl\u00e1sicos: Jockey Club del Peru (Gr.1), Hip\u00f3dromo de Monterrico (Gr.2), Marcial y Alfredo Benavides<\/p>\n<p><strong>FRECUENCIA<\/strong> 1ra Mariano Ignacio Prado (Gr.2), Batalla de Ayacucho (L) y Copa de Criadores &#8211; Hembras<\/p>\n<p><strong>FUNNY FACE<\/strong> 1ra Polla de Potrancas (Gr.1) y Marcial<\/p>\n<p><strong>GRANIZO<\/strong> Ganador de 5 cl\u00e1sicos incluidos el GPN Augusto B. Legu\u00eda (Gr.1), Luis Olaechea Du Bois (Gr.3), Mario Manzur Chamy (L) e Hip\u00f3dromo de San Felipe (L). <strong>Potrillo Campe\u00f3n 2 A\u00f1os. Potrillo Campe\u00f3n 3 A\u00f1os C\u00e9sped.<\/strong><\/p>\n<p><strong>IRON WESTERN<\/strong> 1ro Ejercito e Per\u00fa<\/p>\n<p><strong>TEAHUPPO<\/strong> 1ra Ricardo Ortiz de Zevallos (Gr.1)[\/vc_column_text][\/vc_tta_section][vc_tta_section title=\u00bbEstad\u00edsticas\u00bb tab_id=\u00bb1677670513028-1f000dbd-5ff3&#8243;][\/vc_tta_section][vc_tta_section title=\u00bbGaler\u00eda\u00bb tab_id=\u00bb1677774347649-91be740c-f0d1&#8243;][\/vc_tta_section][\/vc_tta_tabs][\/vc_column][\/vc_row][vc_row full_width=\u00bbstretch_row_content\u00bb css=\u00bb.vc_custom_1681989376842{margin-top: 15px !important;}\u00bb][vc_column][vc_separator border_width=\u00bb2&#8243;][vc_empty_space height=\u00bb15px\u00bb][\/vc_column][\/vc_row][vc_row][vc_column][vc_separator style=\u00bbdouble\u00bb border_width=\u00bb2&#8243;][\/vc_column][\/vc_row]<\/p>\n","protected":false},"excerpt":{"rendered":"<p>[vc_row][vc_column][vc_separator border_width=\u00bb2&#8243;][vc_column_text css=\u00bb.vc_custom_1687941349532{margin-top: 50px !important;}\u00bb] FARALLON P. (EEUU) [\/vc_column_text][vc_empty_space][vc_single_image image=\u00bb2752&#8243; img_size=\u00bb750&#215;550&#8243; alignment=\u00bbcenter\u00bb][vc_tta_tabs shape=\u00bbsquare\u00bb spacing=\u00bb\u00bb alignment=\u00bbcenter\u00bb active_section=\u00bb1&#8243; no_fill_content_area=\u00bbtrue\u00bb][vc_tta_section title=\u00bbRese\u00f1a\u00bb tab_id=\u00bb1677670015874-8e1aa575-4f11&#8243;][vc_column_text el_class=\u00bbtexto-justificado\u00bb]De color tordillo y m\u00e1s de 600kg, Farall\u00f3n P. s\u00f3lo corri\u00f3 dos veces debido a una lesi\u00f3n que lo sac\u00f3 prematuramente de la actividad. Fue adquirido por el Haras Rancho F\u00e1tima debido a su excelso pedigr\u00ed, [&hellip;]<\/p>\n","protected":false},"author":1,"featured_media":0,"parent":0,"menu_order":0,"comment_status":"closed","ping_status":"closed","template":"","meta":{"_monsterinsights_skip_tracking":false,"_monsterinsights_sitenote_active":false,"_monsterinsights_sitenote_note":"","_monsterinsights_sitenote_category":0,"footnotes":""},"class_list":["post-2698","page","type-page","status-publish","hentry"],"aioseo_notices":[],"_links":{"self":[{"href":"https:\/\/ranchofatima.com\/index.php\/wp-json\/wp\/v2\/pages\/2698","targetHints":{"allow":["GET"]}}],"collection":[{"href":"https:\/\/ranchofatima.com\/index.php\/wp-json\/wp\/v2\/pages"}],"about":[{"href":"https:\/\/ranchofatima.com\/index.php\/wp-json\/wp\/v2\/types\/page"}],"author":[{"embeddable":true,"href":"https:\/\/ranchofatima.com\/index.php\/wp-json\/wp\/v2\/users\/1"}],"replies":[{"embeddable":true,"href":"https:\/\/ranchofatima.com\/index.php\/wp-json\/wp\/v2\/comments?post=2698"}],"version-history":[{"count":11,"href":"https:\/\/ranchofatima.com\/index.php\/wp-json\/wp\/v2\/pages\/2698\/revisions"}],"predecessor-version":[{"id":3162,"href":"https:\/\/ranchofatima.com\/index.php\/wp-json\/wp\/v2\/pages\/2698\/revisions\/3162"}],"wp:attachment":[{"href":"https:\/\/ranchofatima.com\/index.php\/wp-json\/wp\/v2\/media?parent=2698"}],"curies":[{"name":"wp","href":"https:\/\/api.w.org\/{rel}","templated":true}]}}