{"id":2696,"date":"2023-05-08T11:50:55","date_gmt":"2023-05-08T11:50:55","guid":{"rendered":"http:\/\/harasranchofatima.com\/?page_id=2696"},"modified":"2023-06-28T08:36:43","modified_gmt":"2023-06-28T08:36:43","slug":"stack","status":"publish","type":"page","link":"https:\/\/ranchofatima.com\/index.php\/stack\/","title":{"rendered":"Stack"},"content":{"rendered":"<p>[vc_row][vc_column][vc_separator border_width=\u00bb2&#8243;][vc_column_text css=\u00bb.vc_custom_1687941394182{margin-top: 50px !important;}\u00bb]<\/p>\n<h2 style=\"color: black; text-align: center;\">STACK (EEUU)<\/h2>\n<p>[\/vc_column_text]<h5 class=\"sc_title sc_title_regular\" style=\"color:#000000;\"><\/p>\n<p style=\"text-align: center;\"><strong>Nijinsky \u2013 File por Tom Rolfe<\/strong><\/p>\n<p><\/h5>[vc_empty_space][vc_single_image image=\u00bb2748&#8243; img_size=\u00bb800&#215;600&#8243; alignment=\u00bbcenter\u00bb][vc_tta_tabs shape=\u00bbsquare\u00bb spacing=\u00bb\u00bb alignment=\u00bbcenter\u00bb active_section=\u00bb1&#8243; no_fill_content_area=\u00bbtrue\u00bb][vc_tta_section title=\u00bbRese\u00f1a\u00bb tab_id=\u00bb1677670015874-8e1aa575-4f11&#8243;][vc_column_text el_class=\u00bbtexto-justificado\u00bb]Stack naci\u00f3 en Claiborne Farm y fue hijo de Nijinsky II; triple coronado ingl\u00e9s, Jefe de Raza e influyente semental en el mundo. Por otro lado, era el primog\u00e9nito de la matrona File (EEUU, Tom Rolfe). File fue vencedora cl\u00e1sica y hermana de otros ganadores cl\u00e1sicos como los propios hermanos Yamanin (EEUU, Herbager) y Perpetual (EEUU, Herbager), as\u00ed como de Tuerta (EEUU, Forli), madre de Swale (EEUU, Seattle Slew), doble coronado ameri\u00adcano, vencedor del Kentucky Derby (G1) y del Belmont Stakes (G1). File luego ser\u00eda madre del sensacional corredor y gigante gen\u00e9tico Forty Niner (Mr. Prospector).<\/p>\n<p>Stack gan\u00f3 cuatro carreras entre los 1.600 y 2.200 metros en Aqueduct (Nueva York), Gulfstream Park (Florida) y Arlington Park (Illinois). Importado al Per\u00fa inici\u00f3 funciones en el Haras Rancho F\u00e1tima en 1987, lo que dio inicio a una era que se extender\u00eda por casi veinte a\u00f1os. En el mercado peruano, Stack fue tres veces l\u00edder en la Estad\u00edstica General de Padrillos y tres veces Padrillo del A\u00f1o. Produjo treintaitr\u00e9s hijos ganadores cl\u00e1sicos, siendo por mucho tiempo el semental con m\u00e1s descen\u00addientes ganadores de carreras de nivel, luego del sensacional Post\u00edn.<\/p>\n<p>Sin duda, su mejor hijo fue\u00a0<strong>STASH<\/strong>, Caballo del A\u00f1o y Campe\u00f3n de 3 a\u00f1os en 1992 y Caballo Campe\u00f3n en 1993, ganador de la Cu\u00e1druple Corona Peruana (Polla de Potri\u00adllos \u2013 G1, Ricardo Ortiz de Zevallos \u2013 G1, Gran Derby Nacional \u2013 G1 y GPN Augusto B. Legu\u00eda \u2013 G1), adem\u00e1s de ser vencedor de punta a punta en el GPI Latinoamericano (G1), disputado en el Hip\u00f3dromo de Monterrico.[\/vc_column_text][\/vc_tta_section][vc_tta_section i_icon_fontawesome=\u00bbfar fa-file-pdf\u00bb add_icon=\u00bbtrue\u00bb title=\u00bbPedigree\u00bb tab_id=\u00bb1677670015874-7c27ce94-dcc5&#8243;][vc_column_text]<\/p>\n<p style=\"text-align: center;\"><strong>STACK<\/strong><\/p>\n<p style=\"text-align: center;\">Alaz\u00e1n nacido en EEUU en 1982<br \/>\nPropietario: Haras Rancho F\u00e1tima[\/vc_column_text][vc_empty_space][vc_single_image image=\u00bb2747&#8243; img_size=\u00bbfull\u00bb alignment=\u00bbcenter\u00bb][\/vc_tta_section][vc_tta_section title=\u00bbProducci\u00f3n\u00bb tab_id=\u00bb1677670494909-c8ca0cc2-b39d\u00bb][vc_column_text]<strong>Hijos Ganadores Cl\u00e1sicos (37):<\/strong><\/p>\n<p><strong>COROT<\/strong> 1ro Sim\u00f3n Bolivar (L)<\/p>\n<p><strong>DANTON<\/strong> 1ro Santorin (G.2)<\/p>\n<p><strong>KISSING<\/strong> 1ro GPN Augusto B. Legu\u00eda (Gr.1) y Post\u00edn (Gr.2). <strong>Padrillo.<\/strong><\/p>\n<p><strong>L\u2019 GRAN ROBESPIERRE<\/strong> 1ro Flaminio<\/p>\n<p><strong>PLATANAL<\/strong> 1ro OSAF (Gr.1) y Enrique Martinelli Tiz\u00f3n<\/p>\n<p><strong>QUEEN OF SABA<\/strong> 1ra Claudio Fern\u00e1ndez Concha y Augusto Maggiolo Cavenecia<\/p>\n<p><strong>SAMIRIA<\/strong> 1ra Polla de Potrancas (Gr.1)<\/p>\n<p><strong>SAN MARINO<\/strong> 1ro Rep\u00fablica de Bolivia y Asociaci\u00f3n de Criadores de Caballos de Carrera del Per\u00fa<\/p>\n<p><strong>SANTA RITA<\/strong> 1ra Oscar Berckemeyer Pazos (Gr.2), Reina Isabel II de Inglaterra (L), Coronel Alfonso Ugarte (L), Pedro D. Gallagher y Provincia Constitucional del Callao<\/p>\n<p><strong>SANTA SOF\u00cdA<\/strong> 1ra V\u00edctor C. Larco Hoyle<\/p>\n<p><strong>SARABAYA<\/strong> 1ra Enrique Martinelli Tiz\u00f3n (L) y Carlos Palacios Villacampa (L)<\/p>\n<p><strong>SIDNEY<\/strong> 1ro Rep\u00fablica de Panam\u00e1<\/p>\n<p><strong>SKARA<\/strong> Ganadora de 9 cl\u00e1sicos, incluidos 4 de Grupo: Poder Judicial (Gr.2), Hip\u00f3dromo de Santa Beatriz (Gr.3), Texfina (Gr.3) y Eduardo Villar\u00e1n Freyre (Gr.3)<\/p>\n<p><strong>SKAXIA<\/strong> 1ra Maidenform (Gr.3), Galeno y Mari July<\/p>\n<p><strong>SKEMA<\/strong> 1ra Reino de Espa\u00f1a<\/p>\n<p><strong>SKINGER<\/strong> Ganadora de 6 cl\u00e1sicos: Enrique Ayulo Pardo (Gr.1), Oscar Berckemeyer Pazos (Gr.2), Reina Isabel II de Inglaterra (L), Texfina (L), General Roque Saenz Pe\u00f1a y La Chaposa. <strong>Yegua Adulta Campeona.<\/strong><\/p>\n<p><strong>SKIXIA<\/strong> 1ra Marina de Guerra del Per\u00fa (L)<\/p>\n<p><strong>SKORPION<\/strong> 1ro Miguel Fort Magot (L)<\/p>\n<p><strong>SKULDA<\/strong> 1ra Maidenform (Gr.2)<\/p>\n<p><strong>SKY DREAM<\/strong> 1ra Jos\u00e9 de San Mart\u00edn (L)<\/p>\n<p><strong>SKY FLIGHT<\/strong> 1ra Presidente de la Rep\u00fablica (Gr.2) y Augusto N. Wiese (L)<\/p>\n<p><strong>SKY LIGHT<\/strong> Ganadora de 4 cl\u00e1sicos: Iniciaci\u00f3n, Enrique D. Barreda y Ricardo Barreda Laos, Roberto \u00c1lvarez Calder\u00f3n Granados y Gustavo Luna Vertiz<\/p>\n<p><strong>SKY LILLY<\/strong> 1ra Rep\u00fablica de Bolivia<\/p>\n<p><strong>SKY MARSHALL<\/strong> Ganador de 6 cl\u00e1sicos: Presidente de la Rep\u00fablica (Gr.2), Almirante Miguel Grau Seminario (Gr.2), Homenaje a los Ex Presidentes del Jockey Club del Per\u00fa (Gr.2), Batalla de Ayacucho (L), Combate del Dos de Mayo (L) y Laredo. <strong>Potrillo Campe\u00f3n 3 a\u00f1os C\u00e9sped.<\/strong><\/p>\n<p><strong>SKY THRILL<\/strong> 1ra Copa de Oro \u2013 Selecci\u00f3n Potrancas (Gr.1). <strong>Potranca Campeona 2 a\u00f1os.<\/strong><\/p>\n<p><strong>SLOVENIA<\/strong> Ganadora de 5 cl\u00e1sicos: Maidenform (Gr.3), Republica de Argentina (L), Rep\u00fablica de Panam\u00e1, Propina y Rep\u00fablica de Argentina<\/p>\n<p><strong>SOYUZ<\/strong> 1ro Augusto Maggiolo<\/p>\n<p><strong>ST. JUSTI<\/strong> Ganadora de 4 cl\u00e1sicos: Hip\u00f3dromo Santa Beatriz (Gr.2), Felipe Pardo y Barreda (Gr.2), Luis Olaechea Du Bois y Reino de Espa\u00f1a<\/p>\n<p><strong>STACKIM<\/strong> 1ra Alfredo Dammert Muelle<\/p>\n<p><strong>STARCK<\/strong> 1ro Gustavo Prado Heudebert (L)<\/p>\n<p><strong>STASH<\/strong> Ganador del Gran Premio Latinoamericano (Gr.1) adem\u00e1s de ser Cu\u00e1druple Coronado: 1ro Polla de Potrillos (Gr.1), Ricardo Ortiz de Zevallos (Gr.1), Gran Derby Nacional (Gr.1), GPN Augusto B. Legu\u00eda (Gr.1). Tambi\u00e9n gan\u00f3 el Selecci\u00f3n de Padrillos y el Jos\u00e9 Soyer Nash. <strong>Caballo del A\u00f1o. Potrillo Campe\u00f3n 3 A\u00f1os. Caballo Adulto Campe\u00f3n.<\/strong><\/p>\n<p><strong>STAY FOREVER<\/strong> Ganadora de 6 cl\u00e1sicos en EEUU: WinStar Galaxy St. (Gr.2), Mint Julep S. (Gr.3), Noble Royalty Handicap, Solo Haina S., Franks Farm Filly and Mare Turf S. y Hollywood Wildcat Breeders Cup H.<\/p>\n<p><strong>STOKOSKY<\/strong> 1ro Tropical Turf Handicap (Gr.3) en EEUU<\/p>\n<p><strong>SUCRE<\/strong> 1ro Hip\u00f3dromo de Monterrico (Gr.2) y Misilero<\/p>\n<p><strong>SUGAR RAY<\/strong> 1ro Belisario Sosa Artola<\/p>\n<p><strong>VANIA<\/strong> Ganadora de 4 cl\u00e1sicos: Felipe Pardo y Barreda (Gr.2), Iniciaci\u00f3n, Selecci\u00f3n de Padrillos, Estrellas<\/p>\n<p><strong>SIERRA VIRGEN<\/strong> 1ra Ascot Handicap (Gr.3) y Piedra Foundation H. en EEUU[\/vc_column_text][\/vc_tta_section][vc_tta_section title=\u00bbEstad\u00edsticas\u00bb tab_id=\u00bb1677670513028-1f000dbd-5ff3&#8243;][\/vc_tta_section][vc_tta_section title=\u00bbGaler\u00eda\u00bb tab_id=\u00bb1677774347649-91be740c-f0d1&#8243;][\/vc_tta_section][\/vc_tta_tabs][\/vc_column][\/vc_row][vc_row full_width=\u00bbstretch_row_content\u00bb css=\u00bb.vc_custom_1681989376842{margin-top: 15px !important;}\u00bb][vc_column][vc_separator border_width=\u00bb2&#8243;][vc_empty_space height=\u00bb15px\u00bb][\/vc_column][\/vc_row][vc_row][vc_column][vc_separator style=\u00bbdouble\u00bb border_width=\u00bb2&#8243;][\/vc_column][\/vc_row]<\/p>\n","protected":false},"excerpt":{"rendered":"<p>[vc_row][vc_column][vc_separator border_width=\u00bb2&#8243;][vc_column_text css=\u00bb.vc_custom_1687941394182{margin-top: 50px !important;}\u00bb] STACK (EEUU) [\/vc_column_text][vc_empty_space][vc_single_image image=\u00bb2748&#8243; img_size=\u00bb800&#215;600&#8243; alignment=\u00bbcenter\u00bb][vc_tta_tabs shape=\u00bbsquare\u00bb spacing=\u00bb\u00bb alignment=\u00bbcenter\u00bb active_section=\u00bb1&#8243; no_fill_content_area=\u00bbtrue\u00bb][vc_tta_section title=\u00bbRese\u00f1a\u00bb tab_id=\u00bb1677670015874-8e1aa575-4f11&#8243;][vc_column_text el_class=\u00bbtexto-justificado\u00bb]Stack naci\u00f3 en Claiborne Farm y fue hijo de Nijinsky II; triple coronado ingl\u00e9s, Jefe de Raza e influyente semental en el mundo. Por otro lado, era el primog\u00e9nito de la matrona File (EEUU, Tom Rolfe). File [&hellip;]<\/p>\n","protected":false},"author":1,"featured_media":0,"parent":0,"menu_order":0,"comment_status":"closed","ping_status":"closed","template":"","meta":{"_monsterinsights_skip_tracking":false,"_monsterinsights_sitenote_active":false,"_monsterinsights_sitenote_note":"","_monsterinsights_sitenote_category":0,"footnotes":""},"class_list":["post-2696","page","type-page","status-publish","hentry"],"aioseo_notices":[],"_links":{"self":[{"href":"https:\/\/ranchofatima.com\/index.php\/wp-json\/wp\/v2\/pages\/2696","targetHints":{"allow":["GET"]}}],"collection":[{"href":"https:\/\/ranchofatima.com\/index.php\/wp-json\/wp\/v2\/pages"}],"about":[{"href":"https:\/\/ranchofatima.com\/index.php\/wp-json\/wp\/v2\/types\/page"}],"author":[{"embeddable":true,"href":"https:\/\/ranchofatima.com\/index.php\/wp-json\/wp\/v2\/users\/1"}],"replies":[{"embeddable":true,"href":"https:\/\/ranchofatima.com\/index.php\/wp-json\/wp\/v2\/comments?post=2696"}],"version-history":[{"count":10,"href":"https:\/\/ranchofatima.com\/index.php\/wp-json\/wp\/v2\/pages\/2696\/revisions"}],"predecessor-version":[{"id":3163,"href":"https:\/\/ranchofatima.com\/index.php\/wp-json\/wp\/v2\/pages\/2696\/revisions\/3163"}],"wp:attachment":[{"href":"https:\/\/ranchofatima.com\/index.php\/wp-json\/wp\/v2\/media?parent=2696"}],"curies":[{"name":"wp","href":"https:\/\/api.w.org\/{rel}","templated":true}]}}