{"id":2694,"date":"2023-05-08T11:49:43","date_gmt":"2023-05-08T11:49:43","guid":{"rendered":"http:\/\/harasranchofatima.com\/?page_id=2694"},"modified":"2023-06-28T08:37:23","modified_gmt":"2023-06-28T08:37:23","slug":"stallion","status":"publish","type":"page","link":"https:\/\/ranchofatima.com\/index.php\/stallion\/","title":{"rendered":"Stallion"},"content":{"rendered":"<p>[vc_row][vc_column][vc_separator border_width=\u00bb2&#8243;][vc_column_text css=\u00bb.vc_custom_1687941433862{margin-top: 50px !important;}\u00bb]<\/p>\n<h2 style=\"color: black; text-align: center;\">STALLION (ARG)<\/h2>\n<p>[\/vc_column_text]<h5 class=\"sc_title sc_title_regular\" style=\"color:#000000;\"><\/p>\n<p style=\"text-align: center;\"><strong>Tan Pronto \u2013 Dign\u00edsima por Sideral<\/strong><\/p>\n<p><\/h5>[vc_empty_space][vc_single_image image=\u00bb2742&#8243; img_size=\u00bb750&#215;500&#8243; alignment=\u00bbcenter\u00bb][vc_tta_tabs shape=\u00bbsquare\u00bb spacing=\u00bb\u00bb alignment=\u00bbcenter\u00bb active_section=\u00bb1&#8243; no_fill_content_area=\u00bbtrue\u00bb][vc_tta_section title=\u00bbRese\u00f1a\u00bb tab_id=\u00bb1677670015874-8e1aa575-4f11&#8243;][vc_column_text el_class=\u00bbtexto-justificado\u00bb]Stallion, por su parte, era uno de los buenos hijos de Tan Pronto en Argentina y pertenec\u00eda a la l\u00ednea materna de la yegua Judea (ARG, Congreve), gran corredora, que gan\u00f3 el GPI 25 de mayo (G1). Naci\u00f3 en Rancho Luj\u00e1n y a los 2 a\u00f1os solo corri\u00f3 una vez (y gan\u00f3) en su pa\u00eds de origen en una prueba condicional de 1.100 metros. Problemas org\u00e1nicos paralizaron su training y fue enviado a Per\u00fa para aprovechar sus corrientes de sangre. Aqu\u00ed se recuper\u00f3 y volvi\u00f3 a las pistas para ganar siete carreras, incluyendo un cl\u00e1sico. Ante la muerte de su padre, Stallion fue llevado a la cr\u00eda y produjo catorce ganadores cl\u00e1sicos, entre ellos\u00a0<strong>Quicklift, St. Cloud<\/strong>,\u00a0<strong>No me Sigan y Stay Fast<\/strong>. Su influencia sigue presente a trav\u00e9s de sus hijas\u00a0<strong>Singer, St. Sari y St. Croix<\/strong>.[\/vc_column_text][\/vc_tta_section][vc_tta_section i_icon_fontawesome=\u00bbfar fa-file-pdf\u00bb add_icon=\u00bbtrue\u00bb title=\u00bbPedigree\u00bb tab_id=\u00bb1677670015874-7c27ce94-dcc5&#8243;][vc_column_text]<\/p>\n<p style=\"text-align: center;\"><strong>STALLION<\/strong><\/p>\n<p style=\"text-align: center;\">Casta\u00f1o nacido en Argentina en 1977<br \/>\nPropietario: Haras Rancho F\u00e1tima[\/vc_column_text][vc_empty_space][vc_single_image image=\u00bb2744&#8243; img_size=\u00bbfull\u00bb alignment=\u00bbcenter\u00bb][\/vc_tta_section][vc_tta_section title=\u00bbProducci\u00f3n\u00bb tab_id=\u00bb1677670494909-c8ca0cc2-b39d\u00bb][vc_column_text]<strong>Hijos Ganadores Cl\u00e1sicos (11):<\/strong><\/p>\n<p><strong>LENIN<\/strong> 1ro Post\u00edn (Gr.2) y Mariano Ignacio Pardo Ugarteche<\/p>\n<p><strong>NO ME SIGAN<\/strong> Ganadora de 9 Cl\u00e1sicos incluido el Competencia (Gr.1) e Hip\u00f3dromo de Santa Beatriz (Gr.3). <strong>Yegua Adulta Campeona.<\/strong><\/p>\n<p><strong>QUICKLIFT<\/strong> Ganador de 14 cl\u00e1sicos, incluidos 13 de grupo: Gran Derby Nacional (Gr.1), Independencia (Gr.1) \u2013 2 veces, Mariano Ignacio Prado (Gr.2), Ernesto Ayulo Pardo (Gr.2), Hip\u00f3dromo de Monterrico (Gr.2) \u2013 3 veces, Ciudad de Lima (Gr.2), La Copa (Gr.2), Asoc. Propietarios de Caballos de Carrera del Per\u00fa (Gr.2) y Comercio (Gr.3) \u2013 2 veces. <strong>Potrillo Campe\u00f3n 3 A\u00f1os. Caballo Adulto Campe\u00f3n.<\/strong><\/p>\n<p><strong>SAN JORGE<\/strong> 1ro Rep\u00fablica de Panam\u00e1 y Batalla de Tarapac\u00e1<\/p>\n<p><strong>SHEBA<\/strong> 1ra Reina Isabel II de Inglaterra (L), Laredo y Eduardo Escribens \u2013 Estudie Su Polla<\/p>\n<p><strong>SILVERA<\/strong> 1ra La Sambi<\/p>\n<p><strong>ST. CLOUD<\/strong> Ganador de 7 cl\u00e1sicos, incluidos 5 de grupo: Polla de Potrillos (Gr.1), Ricardo Ortiz de Zevallos (Gr.1), OSAF (Gr.1), Hip\u00f3dromo de Monterrico (Gr.2) y Comercio (Gr.3). <strong>Potrillo Campe\u00f3n 3 A\u00f1os.<\/strong><\/p>\n<p><strong>ST. GALL<\/strong> 1ra Coronel Jos\u00e9 G\u00e1lvez<\/p>\n<p><strong>ST.SARI<\/strong> 1ra Batalla de Ayacucho<\/p>\n<p><strong>STAY FAST<\/strong> Ganadora de 9 cl\u00e1sicos, incluidos el Hip\u00f3dromo de Santa Beatriz (Gr.3), Reina Isabel II de Inglaterra (L), Augusto N. Wiese (L) y Carlos Palacios Villacampa<\/p>\n<p><strong>STOWE<\/strong> 1ro Congreso de la Rep\u00fablica (L)[\/vc_column_text][\/vc_tta_section][vc_tta_section title=\u00bbEstad\u00edsticas\u00bb tab_id=\u00bb1677670513028-1f000dbd-5ff3&#8243;][\/vc_tta_section][vc_tta_section title=\u00bbGaler\u00eda\u00bb tab_id=\u00bb1677774347649-91be740c-f0d1&#8243;][\/vc_tta_section][\/vc_tta_tabs][\/vc_column][\/vc_row][vc_row full_width=\u00bbstretch_row_content\u00bb css=\u00bb.vc_custom_1681989376842{margin-top: 15px !important;}\u00bb][vc_column][vc_separator border_width=\u00bb2&#8243;][vc_empty_space height=\u00bb15px\u00bb][\/vc_column][\/vc_row][vc_row][vc_column][vc_separator style=\u00bbdouble\u00bb border_width=\u00bb2&#8243;][\/vc_column][\/vc_row]<\/p>\n","protected":false},"excerpt":{"rendered":"<p>[vc_row][vc_column][vc_separator border_width=\u00bb2&#8243;][vc_column_text css=\u00bb.vc_custom_1687941433862{margin-top: 50px !important;}\u00bb] STALLION (ARG) [\/vc_column_text][vc_empty_space][vc_single_image image=\u00bb2742&#8243; img_size=\u00bb750&#215;500&#8243; alignment=\u00bbcenter\u00bb][vc_tta_tabs shape=\u00bbsquare\u00bb spacing=\u00bb\u00bb alignment=\u00bbcenter\u00bb active_section=\u00bb1&#8243; no_fill_content_area=\u00bbtrue\u00bb][vc_tta_section title=\u00bbRese\u00f1a\u00bb tab_id=\u00bb1677670015874-8e1aa575-4f11&#8243;][vc_column_text el_class=\u00bbtexto-justificado\u00bb]Stallion, por su parte, era uno de los buenos hijos de Tan Pronto en Argentina y pertenec\u00eda a la l\u00ednea materna de la yegua Judea (ARG, Congreve), gran corredora, que gan\u00f3 el GPI 25 de mayo (G1). [&hellip;]<\/p>\n","protected":false},"author":1,"featured_media":0,"parent":0,"menu_order":0,"comment_status":"closed","ping_status":"closed","template":"","meta":{"_monsterinsights_skip_tracking":false,"_monsterinsights_sitenote_active":false,"_monsterinsights_sitenote_note":"","_monsterinsights_sitenote_category":0,"footnotes":""},"class_list":["post-2694","page","type-page","status-publish","hentry"],"aioseo_notices":[],"_links":{"self":[{"href":"https:\/\/ranchofatima.com\/index.php\/wp-json\/wp\/v2\/pages\/2694","targetHints":{"allow":["GET"]}}],"collection":[{"href":"https:\/\/ranchofatima.com\/index.php\/wp-json\/wp\/v2\/pages"}],"about":[{"href":"https:\/\/ranchofatima.com\/index.php\/wp-json\/wp\/v2\/types\/page"}],"author":[{"embeddable":true,"href":"https:\/\/ranchofatima.com\/index.php\/wp-json\/wp\/v2\/users\/1"}],"replies":[{"embeddable":true,"href":"https:\/\/ranchofatima.com\/index.php\/wp-json\/wp\/v2\/comments?post=2694"}],"version-history":[{"count":9,"href":"https:\/\/ranchofatima.com\/index.php\/wp-json\/wp\/v2\/pages\/2694\/revisions"}],"predecessor-version":[{"id":3164,"href":"https:\/\/ranchofatima.com\/index.php\/wp-json\/wp\/v2\/pages\/2694\/revisions\/3164"}],"wp:attachment":[{"href":"https:\/\/ranchofatima.com\/index.php\/wp-json\/wp\/v2\/media?parent=2694"}],"curies":[{"name":"wp","href":"https:\/\/api.w.org\/{rel}","templated":true}]}}