{"id":2692,"date":"2023-05-08T11:48:29","date_gmt":"2023-05-08T11:48:29","guid":{"rendered":"http:\/\/harasranchofatima.com\/?page_id=2692"},"modified":"2023-06-28T08:38:03","modified_gmt":"2023-06-28T08:38:03","slug":"berrys-noble","status":"publish","type":"page","link":"https:\/\/ranchofatima.com\/index.php\/berrys-noble\/","title":{"rendered":"Berry\u2019s Noble"},"content":{"rendered":"<p>[vc_row][vc_column][vc_separator border_width=\u00bb2&#8243;][vc_column_text css=\u00bb.vc_custom_1687941473310{margin-top: 50px !important;}\u00bb]<\/p>\n<h2 style=\"color: black; text-align: center;\">BERRY\u2019S NOBLE (EEUU)<\/h2>\n<p>[\/vc_column_text]<h5 class=\"sc_title sc_title_regular\" style=\"color:#000000;\"><\/p>\n<p style=\"text-align: center;\"><strong>Sir Ivor \u2013 Pampered Miss por Sadair<\/strong><\/p>\n<p><\/h5>[vc_empty_space][vc_single_image image=\u00bb2736&#8243; img_size=\u00bb800&#215;600&#8243; alignment=\u00bbcenter\u00bb][vc_tta_tabs shape=\u00bbsquare\u00bb spacing=\u00bb\u00bb alignment=\u00bbcenter\u00bb active_section=\u00bb1&#8243; no_fill_content_area=\u00bbtrue\u00bb][vc_tta_section title=\u00bbRese\u00f1a\u00bb tab_id=\u00bb1677670015874-8e1aa575-4f11&#8243;][vc_column_text el_class=\u00bbtexto-justificado\u00bb]Berry\u2019s Noble desciende de Sir Ivor y Pampered Miss (EEUU, Sadair). Esta \u00faltima, hija de la matrona peruana Pamplona (Post\u00edn), quien hab\u00eda ganado la Poule d\u2019Essai des Puliches \u2013 las 1000 Guineas de Francia \u2013 en 1970, seis a\u00f1os antes de que su her\u00admano Empery (GB, Vaguely Noble) ganara el Epsom Derby. Sir Ivor, en tanto, era hijo de Sir Gaylord (EEUU, Turn To y Somethingroyal), hermano materno de Secretariat. Berry\u2019s Noble gan\u00f3 dos carreras y fue plac\u00e9 cl\u00e1sico en EEUU antes que se incor\u00adpore como padrillo titular en el Haras Rancho F\u00e1tima. Tuvo una serie de grandes ganadores cl\u00e1sicos, como\u00a0<strong>St. Bernardette\u00a0<\/strong>(Cu\u00e1druple Coronada en el c\u00e9sped),\u00a0<strong>Noble Sharon<\/strong> (ganadora de diez cl\u00e1sicos, cinco de grupo incluido el Pamplona \u2013 G1),\u00a0<strong>Colesterol, Mufasa, El Bolo<\/strong>, entre otros. Asimismo, su influencia como abuelo materno fue notable.\u00a0<strong>Faraqueen y Loca Amy\u00a0<\/strong>son algunas de sus nietas m\u00e1s destacadas que luego sobresalieron en la crianza. El generoso padrillo muri\u00f3 en 1998.[\/vc_column_text][\/vc_tta_section][vc_tta_section i_icon_fontawesome=\u00bbfar fa-file-pdf\u00bb add_icon=\u00bbtrue\u00bb title=\u00bbPedigree\u00bb tab_id=\u00bb1677670015874-7c27ce94-dcc5&#8243;][vc_column_text]<\/p>\n<p style=\"text-align: center;\"><strong>BERRY\u2019S NOBLE<\/strong><\/p>\n<p style=\"text-align: center;\">Alaz\u00e1n nacido en EEUU en 1978<br \/>\nPropietario: Haras Rancho F\u00e1tima[\/vc_column_text][vc_empty_space][vc_single_image image=\u00bb3110&#8243; img_size=\u00bbfull\u00bb alignment=\u00bbcenter\u00bb][\/vc_tta_section][vc_tta_section title=\u00bbProducci\u00f3n\u00bb tab_id=\u00bb1677670494909-c8ca0cc2-b39d\u00bb][vc_column_text]<strong>Hijos Ganadores Cl\u00e1sicos (8):<\/strong><\/p>\n<p><strong>BEGONIA<\/strong> 1ra Estados Unidos de Norte Am\u00e9rica (L) y Copa Criadores<\/p>\n<p><strong>BERLIN<\/strong> 1ro Empery (L)<\/p>\n<p><strong>BERTI<\/strong> 1ra Ernesto Ayulo Pardo (Gr.2)<\/p>\n<p><strong>BERTRAN<\/strong> 1ro Copa Criadores<\/p>\n<p><strong>FALLOWS FAMILY<\/strong> Ganador de 9 cl\u00e1sicos incluido el Coronel Francisco Bolognesi (Gr.3)<\/p>\n<p><strong>MUFASA<\/strong> 1ro Santorin (G.2), Miguel A. Checa Eguiguren (G.3) y Copa Criadores<\/p>\n<p><strong>NOBLE SHARON<\/strong> Ganadora de 10 cl\u00e1sicos, incluido Pamplona (Gr.1), Almirante Miguel Grau (Gr.2) \u2013 2 veces, Maidenform (Gr.3) y Coronel Francisco Bolognesi (Gr.3)<\/p>\n<p><strong>ST. BERNARDETTE<\/strong> Ganadora de la cu\u00e1druple corona en el c\u00e9sped: GPN Augusto B. Legu\u00eda (Gr.1), Post\u00edn (Gr.2), Miguel Fort Magot (Gr.3) y Libertador Jos\u00e9 de San Martin. <strong>Potranca Campeona 3 a\u00f1os C\u00e9sped.<\/strong>[\/vc_column_text][\/vc_tta_section][vc_tta_section title=\u00bbEstad\u00edsticas\u00bb tab_id=\u00bb1677670513028-1f000dbd-5ff3&#8243;][\/vc_tta_section][vc_tta_section title=\u00bbGaler\u00eda\u00bb tab_id=\u00bb1677774347649-91be740c-f0d1&#8243;][\/vc_tta_section][\/vc_tta_tabs][\/vc_column][\/vc_row][vc_row full_width=\u00bbstretch_row_content\u00bb css=\u00bb.vc_custom_1681989376842{margin-top: 15px !important;}\u00bb][vc_column][vc_separator border_width=\u00bb2&#8243;][vc_empty_space height=\u00bb15px\u00bb][\/vc_column][\/vc_row][vc_row][vc_column][vc_separator style=\u00bbdouble\u00bb border_width=\u00bb2&#8243;][\/vc_column][\/vc_row]<\/p>\n","protected":false},"excerpt":{"rendered":"<p>[vc_row][vc_column][vc_separator border_width=\u00bb2&#8243;][vc_column_text css=\u00bb.vc_custom_1687941473310{margin-top: 50px !important;}\u00bb] BERRY\u2019S NOBLE (EEUU) [\/vc_column_text][vc_empty_space][vc_single_image image=\u00bb2736&#8243; img_size=\u00bb800&#215;600&#8243; alignment=\u00bbcenter\u00bb][vc_tta_tabs shape=\u00bbsquare\u00bb spacing=\u00bb\u00bb alignment=\u00bbcenter\u00bb active_section=\u00bb1&#8243; no_fill_content_area=\u00bbtrue\u00bb][vc_tta_section title=\u00bbRese\u00f1a\u00bb tab_id=\u00bb1677670015874-8e1aa575-4f11&#8243;][vc_column_text el_class=\u00bbtexto-justificado\u00bb]Berry\u2019s Noble desciende de Sir Ivor y Pampered Miss (EEUU, Sadair). Esta \u00faltima, hija de la matrona peruana Pamplona (Post\u00edn), quien hab\u00eda ganado la Poule d\u2019Essai des Puliches \u2013 las 1000 Guineas de Francia \u2013 en [&hellip;]<\/p>\n","protected":false},"author":1,"featured_media":0,"parent":0,"menu_order":0,"comment_status":"closed","ping_status":"closed","template":"","meta":{"_monsterinsights_skip_tracking":false,"_monsterinsights_sitenote_active":false,"_monsterinsights_sitenote_note":"","_monsterinsights_sitenote_category":0,"footnotes":""},"class_list":["post-2692","page","type-page","status-publish","hentry"],"aioseo_notices":[],"_links":{"self":[{"href":"https:\/\/ranchofatima.com\/index.php\/wp-json\/wp\/v2\/pages\/2692","targetHints":{"allow":["GET"]}}],"collection":[{"href":"https:\/\/ranchofatima.com\/index.php\/wp-json\/wp\/v2\/pages"}],"about":[{"href":"https:\/\/ranchofatima.com\/index.php\/wp-json\/wp\/v2\/types\/page"}],"author":[{"embeddable":true,"href":"https:\/\/ranchofatima.com\/index.php\/wp-json\/wp\/v2\/users\/1"}],"replies":[{"embeddable":true,"href":"https:\/\/ranchofatima.com\/index.php\/wp-json\/wp\/v2\/comments?post=2692"}],"version-history":[{"count":12,"href":"https:\/\/ranchofatima.com\/index.php\/wp-json\/wp\/v2\/pages\/2692\/revisions"}],"predecessor-version":[{"id":3165,"href":"https:\/\/ranchofatima.com\/index.php\/wp-json\/wp\/v2\/pages\/2692\/revisions\/3165"}],"wp:attachment":[{"href":"https:\/\/ranchofatima.com\/index.php\/wp-json\/wp\/v2\/media?parent=2692"}],"curies":[{"name":"wp","href":"https:\/\/api.w.org\/{rel}","templated":true}]}}