{"id":2688,"date":"2023-05-08T11:45:34","date_gmt":"2023-05-08T11:45:34","guid":{"rendered":"http:\/\/harasranchofatima.com\/?page_id=2688"},"modified":"2023-06-28T08:39:24","modified_gmt":"2023-06-28T08:39:24","slug":"valetchka","status":"publish","type":"page","link":"https:\/\/ranchofatima.com\/index.php\/valetchka\/","title":{"rendered":"Valetchka"},"content":{"rendered":"<p>[vc_row][vc_column][vc_separator border_width=\u00bb2&#8243;][vc_column_text css=\u00bb.vc_custom_1687941554828{margin-top: 50px !important;}\u00bb]<\/p>\n<h2 style=\"color: black; text-align: center;\">VALETCHKA (EEUU)<\/h2>\n<p>[\/vc_column_text]<h5 class=\"sc_title sc_title_regular\" style=\"color:#000000;\"><\/p>\n<p style=\"text-align: center;\"><strong>Nijinsky \u2013 Sales Ring por Bold Ruler<\/strong><\/p>\n<p><\/h5>[vc_empty_space][vc_single_image image=\u00bb3061&#8243; img_size=\u00bbfull\u00bb alignment=\u00bbcenter\u00bb][vc_tta_tabs shape=\u00bbsquare\u00bb spacing=\u00bb\u00bb alignment=\u00bbcenter\u00bb active_section=\u00bb1&#8243; no_fill_content_area=\u00bbtrue\u00bb][vc_tta_section title=\u00bbRese\u00f1a\u00bb tab_id=\u00bb1677670015874-8e1aa575-4f11&#8243;][vc_column_text]Valetchka, un fornido casta\u00f1o nacido en Claibor\u00adne Farm, hijo del triple coronado ingl\u00e9s Nijinsky II (Northern Dancer) y de Sales Ring (Bold Ruler), propia hermana del influyente padrillo Bold Bidder. El caballo fue enviado a Irlanda, pero no pudo desarrollar campa\u00f1a como dos a\u00f1ero. Regres\u00f3 a Estados Unidos donde gan\u00f3 dos carreras y fue plac\u00e9 en otras cuatro en una corta campa\u00f1a debido a una lesi\u00f3n. Importado a Per\u00fa rein\u00f3 por algunas tempo\u00adradas. Produjo caballos como\u00a0<strong>Chono<\/strong><strong>,\u00a0Vallespina,\u00a0El Soberbio,\u00a0Gran Chuncho,\u00a0Molendorf<\/strong>, entre otros. Adem\u00e1s, como abuelo materno, estuvo presente en los pedigr\u00eds de caballos muy importantes como\u00a0<strong>Quicklift\u00a0<\/strong>(Stallion),\u00a0<strong>No me Sigan\u00a0<\/strong>(Stallion),\u00a0<strong>Noble Sharon\u00a0<\/strong>(Berry\u2019s Noble),\u00a0<strong>Mufasa\u00a0<\/strong>(Berry\u2019s Noble),\u00a0<strong>Lordonio\u00a0<\/strong>(Lord Layabout),\u00a0<strong>Viste Bien\u00a0<\/strong>(CHI, Stately Form), entre otros.[\/vc_column_text][\/vc_tta_section][vc_tta_section i_icon_fontawesome=\u00bbfar fa-file-pdf\u00bb add_icon=\u00bbtrue\u00bb title=\u00bbPedigree\u00bb tab_id=\u00bb1677670015874-7c27ce94-dcc5&#8243;][vc_column_text]<\/p>\n<p style=\"text-align: center;\"><strong>VALETCHKA<\/strong><\/p>\n<p style=\"text-align: center;\">Casta\u00f1o nacido en EEUU en 1974<br \/>\nPropietario: Haras Rancho F\u00e1tima[\/vc_column_text][vc_empty_space][vc_single_image image=\u00bb2724&#8243; img_size=\u00bbfull\u00bb alignment=\u00bbcenter\u00bb][\/vc_tta_section][vc_tta_section title=\u00bbProducci\u00f3n\u00bb tab_id=\u00bb1677670494909-c8ca0cc2-b39d\u00bb][vc_column_text]<strong>Hijos Ganadores Cl\u00e1sicos (4):<\/strong><\/p>\n<p><strong>CHONO<\/strong> Ganador de 9 cl\u00e1sicos incluido 4 de Grupo: Am\u00e9rica \u2013 Internacional (Gr.1), Velocidad (Gr.1), Flor de Loto (Gr.2) e Hip\u00f3dromo de San Felipe (Gr.3). Caballo Campe\u00f3n de la Velocidad.<\/p>\n<p><strong>EL MAGN\u00cdFICO<\/strong> 1ro Carlos II Watson y Eduardo F.G. Watson (Gr.2)<\/p>\n<p><strong>EL SOBERBIO<\/strong> 1ro Asociaci\u00f3n de Periodistas H\u00edpicos del Per\u00fa y Jun\u00edn<\/p>\n<p><strong>VALLESPINA<\/strong> 1ra Polla de Potrancas (Gr.1)[\/vc_column_text][\/vc_tta_section][vc_tta_section title=\u00bbEstad\u00edsticas\u00bb tab_id=\u00bb1677670513028-1f000dbd-5ff3&#8243;][\/vc_tta_section][vc_tta_section title=\u00bbGaler\u00eda\u00bb tab_id=\u00bb1677774347649-91be740c-f0d1&#8243;][\/vc_tta_section][\/vc_tta_tabs][\/vc_column][\/vc_row][vc_row full_width=\u00bbstretch_row_content\u00bb css=\u00bb.vc_custom_1681989376842{margin-top: 15px !important;}\u00bb][vc_column][vc_separator border_width=\u00bb2&#8243;][vc_empty_space height=\u00bb15px\u00bb][\/vc_column][\/vc_row][vc_row][vc_column][vc_separator style=\u00bbdouble\u00bb border_width=\u00bb2&#8243;][\/vc_column][\/vc_row]<\/p>\n","protected":false},"excerpt":{"rendered":"<p>[vc_row][vc_column][vc_separator border_width=\u00bb2&#8243;][vc_column_text css=\u00bb.vc_custom_1687941554828{margin-top: 50px !important;}\u00bb] VALETCHKA (EEUU) [\/vc_column_text][vc_empty_space][vc_single_image image=\u00bb3061&#8243; img_size=\u00bbfull\u00bb alignment=\u00bbcenter\u00bb][vc_tta_tabs shape=\u00bbsquare\u00bb spacing=\u00bb\u00bb alignment=\u00bbcenter\u00bb active_section=\u00bb1&#8243; no_fill_content_area=\u00bbtrue\u00bb][vc_tta_section title=\u00bbRese\u00f1a\u00bb tab_id=\u00bb1677670015874-8e1aa575-4f11&#8243;][vc_column_text]Valetchka, un fornido casta\u00f1o nacido en Claibor\u00adne Farm, hijo del triple coronado ingl\u00e9s Nijinsky II (Northern Dancer) y de Sales Ring (Bold Ruler), propia hermana del influyente padrillo Bold Bidder. El caballo fue enviado a Irlanda, pero no [&hellip;]<\/p>\n","protected":false},"author":1,"featured_media":0,"parent":0,"menu_order":0,"comment_status":"closed","ping_status":"closed","template":"","meta":{"_monsterinsights_skip_tracking":false,"_monsterinsights_sitenote_active":false,"_monsterinsights_sitenote_note":"","_monsterinsights_sitenote_category":0,"footnotes":""},"class_list":["post-2688","page","type-page","status-publish","hentry"],"aioseo_notices":[],"_links":{"self":[{"href":"https:\/\/ranchofatima.com\/index.php\/wp-json\/wp\/v2\/pages\/2688","targetHints":{"allow":["GET"]}}],"collection":[{"href":"https:\/\/ranchofatima.com\/index.php\/wp-json\/wp\/v2\/pages"}],"about":[{"href":"https:\/\/ranchofatima.com\/index.php\/wp-json\/wp\/v2\/types\/page"}],"author":[{"embeddable":true,"href":"https:\/\/ranchofatima.com\/index.php\/wp-json\/wp\/v2\/users\/1"}],"replies":[{"embeddable":true,"href":"https:\/\/ranchofatima.com\/index.php\/wp-json\/wp\/v2\/comments?post=2688"}],"version-history":[{"count":10,"href":"https:\/\/ranchofatima.com\/index.php\/wp-json\/wp\/v2\/pages\/2688\/revisions"}],"predecessor-version":[{"id":3167,"href":"https:\/\/ranchofatima.com\/index.php\/wp-json\/wp\/v2\/pages\/2688\/revisions\/3167"}],"wp:attachment":[{"href":"https:\/\/ranchofatima.com\/index.php\/wp-json\/wp\/v2\/media?parent=2688"}],"curies":[{"name":"wp","href":"https:\/\/api.w.org\/{rel}","templated":true}]}}