{"id":2684,"date":"2023-05-08T10:55:28","date_gmt":"2023-05-08T10:55:28","guid":{"rendered":"http:\/\/harasranchofatima.com\/?page_id=2684"},"modified":"2023-06-28T08:40:47","modified_gmt":"2023-06-28T08:40:47","slug":"three-kingdoms","status":"publish","type":"page","link":"https:\/\/ranchofatima.com\/index.php\/three-kingdoms\/","title":{"rendered":"Three Kingdoms"},"content":{"rendered":"<p>[vc_row][vc_column][vc_separator border_width=\u00bb2&#8243;][vc_column_text css=\u00bb.vc_custom_1687941644348{margin-top: 50px !important;}\u00bb]<\/p>\n<h2 style=\"color: black; text-align: center;\">Three Kingdoms (EEUU)<\/h2>\n<p>[\/vc_column_text]<h5 class=\"sc_title sc_title_regular\" style=\"color:#000000;\"><\/p>\n<p style=\"text-align: center;\"><strong>Princequillo \u2013 My Sister Kate por Native Dancer<\/strong><\/p>\n<p><\/h5>[vc_empty_space][vc_single_image image=\u00bb3061&#8243; img_size=\u00bbfull\u00bb alignment=\u00bbcenter\u00bb][vc_tta_tabs shape=\u00bbsquare\u00bb spacing=\u00bb\u00bb alignment=\u00bbcenter\u00bb active_section=\u00bb1&#8243; no_fill_content_area=\u00bbtrue\u00bb][vc_tta_section title=\u00bbRese\u00f1a\u00bb tab_id=\u00bb1677670015874-8e1aa575-4f11&#8243;][vc_column_text]Three Kingdoms llego al Haras Rancho F\u00e1tima a mediados de la d\u00e9cada de los 70s. Un fornido alaz\u00e1n hijo de Princequillo (abuelo materno de Se\u00adcretariat) y My Sister Kate (Native Dancer y Raise You), esta \u00faltima propia hermana del gran Raise a Native. Criado en Kentucky, Three Kingdoms corri\u00f3 poco, pero por su destacado pedigr\u00ed fue llevado a la reproducci\u00f3n. Hizo sentir su influencia b\u00e1sicamente a trav\u00e9s de tres de sus hijas: Tres Mar\u00edas, llevada a EEUU donde produjo a Fuxia, que vino al Per\u00fa para dar origen a la l\u00ednea de\u00a0<strong>Skixia<\/strong><strong>,\u00a0Skaxia<\/strong><strong>\u00a0<\/strong>y<strong>\u00a0Sugestiva<\/strong>; Peruvian Queen, la abuela de\u00a0<strong>Faraqueen\u00a0<\/strong>(madre de\u00a0<strong>Tamborine<\/strong>, que a su vez es madre de\u00a0<strong>Within Temptation<\/strong>); y, Red Cloud (la abuela de\u00a0<strong>St. Cloud<\/strong><strong> y <\/strong><strong>Goldfield<\/strong>).[\/vc_column_text][\/vc_tta_section][vc_tta_section i_icon_fontawesome=\u00bbfar fa-file-pdf\u00bb add_icon=\u00bbtrue\u00bb title=\u00bbPedigree\u00bb tab_id=\u00bb1677670015874-7c27ce94-dcc5&#8243;][vc_column_text]<\/p>\n<p style=\"text-align: center;\"><strong>THREE KINGDOMS<\/strong><\/p>\n<p style=\"text-align: center;\">Alaz\u00e1n nacido en EEUU en 1963<br \/>\nPropietario: Haras Rancho F\u00e1tima[\/vc_column_text][vc_empty_space][vc_single_image image=\u00bb2713&#8243; img_size=\u00bbfull\u00bb alignment=\u00bbcenter\u00bb][\/vc_tta_section][vc_tta_section title=\u00bbProducci\u00f3n\u00bb tab_id=\u00bb1677670494909-c8ca0cc2-b39d\u00bb][vc_column_text]<strong>Hijos Ganadores Cl\u00e1sicos (1):<\/strong><\/p>\n<p><strong>KING TREASURE<\/strong>\u00a01ro Sociedad Fundadores de la Independencia[\/vc_column_text][\/vc_tta_section][vc_tta_section title=\u00bbEstad\u00edsticas\u00bb tab_id=\u00bb1677670513028-1f000dbd-5ff3&#8243;][\/vc_tta_section][vc_tta_section title=\u00bbGaler\u00eda\u00bb tab_id=\u00bb1677774347649-91be740c-f0d1&#8243;][\/vc_tta_section][\/vc_tta_tabs][\/vc_column][\/vc_row][vc_row full_width=\u00bbstretch_row_content\u00bb css=\u00bb.vc_custom_1681989376842{margin-top: 15px !important;}\u00bb][vc_column][vc_separator border_width=\u00bb2&#8243;][vc_empty_space height=\u00bb15px\u00bb][\/vc_column][\/vc_row][vc_row][vc_column][vc_separator style=\u00bbdouble\u00bb border_width=\u00bb2&#8243;][\/vc_column][\/vc_row]<\/p>\n","protected":false},"excerpt":{"rendered":"<p>[vc_row][vc_column][vc_separator border_width=\u00bb2&#8243;][vc_column_text css=\u00bb.vc_custom_1687941644348{margin-top: 50px !important;}\u00bb] Three Kingdoms (EEUU) [\/vc_column_text][vc_empty_space][vc_single_image image=\u00bb3061&#8243; img_size=\u00bbfull\u00bb alignment=\u00bbcenter\u00bb][vc_tta_tabs shape=\u00bbsquare\u00bb spacing=\u00bb\u00bb alignment=\u00bbcenter\u00bb active_section=\u00bb1&#8243; no_fill_content_area=\u00bbtrue\u00bb][vc_tta_section title=\u00bbRese\u00f1a\u00bb tab_id=\u00bb1677670015874-8e1aa575-4f11&#8243;][vc_column_text]Three Kingdoms llego al Haras Rancho F\u00e1tima a mediados de la d\u00e9cada de los 70s. Un fornido alaz\u00e1n hijo de Princequillo (abuelo materno de Se\u00adcretariat) y My Sister Kate (Native Dancer y Raise You), esta \u00faltima propia [&hellip;]<\/p>\n","protected":false},"author":1,"featured_media":0,"parent":0,"menu_order":0,"comment_status":"closed","ping_status":"closed","template":"","meta":{"_monsterinsights_skip_tracking":false,"_monsterinsights_sitenote_active":false,"_monsterinsights_sitenote_note":"","_monsterinsights_sitenote_category":0,"footnotes":""},"class_list":["post-2684","page","type-page","status-publish","hentry"],"aioseo_notices":[],"_links":{"self":[{"href":"https:\/\/ranchofatima.com\/index.php\/wp-json\/wp\/v2\/pages\/2684","targetHints":{"allow":["GET"]}}],"collection":[{"href":"https:\/\/ranchofatima.com\/index.php\/wp-json\/wp\/v2\/pages"}],"about":[{"href":"https:\/\/ranchofatima.com\/index.php\/wp-json\/wp\/v2\/types\/page"}],"author":[{"embeddable":true,"href":"https:\/\/ranchofatima.com\/index.php\/wp-json\/wp\/v2\/users\/1"}],"replies":[{"embeddable":true,"href":"https:\/\/ranchofatima.com\/index.php\/wp-json\/wp\/v2\/comments?post=2684"}],"version-history":[{"count":11,"href":"https:\/\/ranchofatima.com\/index.php\/wp-json\/wp\/v2\/pages\/2684\/revisions"}],"predecessor-version":[{"id":3169,"href":"https:\/\/ranchofatima.com\/index.php\/wp-json\/wp\/v2\/pages\/2684\/revisions\/3169"}],"wp:attachment":[{"href":"https:\/\/ranchofatima.com\/index.php\/wp-json\/wp\/v2\/media?parent=2684"}],"curies":[{"name":"wp","href":"https:\/\/api.w.org\/{rel}","templated":true}]}}