{"id":2681,"date":"2023-05-08T10:44:04","date_gmt":"2023-05-08T10:44:04","guid":{"rendered":"http:\/\/harasranchofatima.com\/?page_id=2681"},"modified":"2023-06-28T08:41:23","modified_gmt":"2023-06-28T08:41:23","slug":"society-ii","status":"publish","type":"page","link":"https:\/\/ranchofatima.com\/index.php\/society-ii\/","title":{"rendered":"Society II"},"content":{"rendered":"<p>[vc_row][vc_column][vc_separator border_width=\u00bb2&#8243;][vc_column_text css=\u00bb.vc_custom_1687941674426{margin-top: 50px !important;}\u00bb]<\/p>\n<h2 style=\"color: black; text-align: center;\">SOCIETY II (IRL)<\/h2>\n<p>[\/vc_column_text]<h5 class=\"sc_title sc_title_regular\" style=\"color:#000000;\"><\/p>\n<p style=\"text-align: center;\"><strong>Sheshoon \u2013 Blue Society por Count Fleet<\/strong><\/p>\n<p><\/h5>[vc_empty_space][vc_single_image image=\u00bb3061&#8243; img_size=\u00bbfull\u00bb alignment=\u00bbcenter\u00bb][vc_tta_tabs shape=\u00bbsquare\u00bb spacing=\u00bb\u00bb alignment=\u00bbcenter\u00bb active_section=\u00bb1&#8243; no_fill_content_area=\u00bbtrue\u00bb][vc_tta_section title=\u00bbRese\u00f1a\u00bb tab_id=\u00bb1677670015874-8e1aa575-4f11&#8243;][vc_column_text el_class=\u00bbtexto-justificado\u00bb]Nacido en 1965, Society II fue ganador del Anglesey Stakes en The Curragh y del Blue Riband Trial Stakes en Epsom. Luego fue llevado a los Estados Unidos donde gan\u00f3 doce carreras y alcanz\u00f3 destacados plac\u00e9 cl\u00e1sicos en la costa oeste de ese pa\u00eds, como el Camino Real Handicap de Santa Anita Park y el Sunset Handicap de Hollywood Park. Fue exportado como padrillo a la Argentina en 1972, y desde 1974 empez\u00f3 a venir a Per\u00fa para servir en el Haras Rancho F\u00e1tima.<\/p>\n<p>Society II no tuvo una vasta producci\u00f3n en Per\u00fa, pero su aporte a la crianza fue notable. Su principal hija fue <strong>Santa Cruz<\/strong>, titular de la Polla de Potrancas (G1) y que luego se convirti\u00f3 en una reproductora generosa con influencia hasta nuestros tiempos. Society II fue tambi\u00e9n abuelo materno del campe\u00f3n velocista y ganador de G1 <strong>Chono<\/strong> (Valetchka) mediante su hija Dinky Star; as\u00ed como bisabuelo materno del campe\u00f3n y triple coronado en el pasto <strong>Latino<\/strong> (G1, G2 y G3) (Laubali) y de <strong>Labayo<\/strong> (Laubali), ganador de Grupo 3; ambos hijos de Tiabaya (ARG, Tan Pronto).[\/vc_column_text][\/vc_tta_section][vc_tta_section i_icon_fontawesome=\u00bbfar fa-file-pdf\u00bb add_icon=\u00bbtrue\u00bb title=\u00bbPedigree\u00bb tab_id=\u00bb1677670015874-7c27ce94-dcc5&#8243;][vc_column_text]<\/p>\n<p style=\"text-align: center;\"><strong>Society II<\/strong><\/p>\n<p style=\"text-align: center;\">Alaz\u00e1n nacido en Irlanda en 1965<br \/>\nPropietario: Haras Rancho F\u00e1tima[\/vc_column_text][vc_empty_space][vc_single_image image=\u00bb2706&#8243; img_size=\u00bbfull\u00bb alignment=\u00bbcenter\u00bb][\/vc_tta_section][vc_tta_section title=\u00bbProducci\u00f3n\u00bb tab_id=\u00bb1677670494909-c8ca0cc2-b39d\u00bb][vc_column_text]<strong>Hijos Ganadores Cl\u00e1sicos (1):<\/strong><\/p>\n<p><strong>SANTA CRUZ<\/strong> 1ra en Polla de Potrancas (Gr.1), Club H\u00edpico Peruano y Competencia[\/vc_column_text][\/vc_tta_section][vc_tta_section title=\u00bbEstad\u00edsticas\u00bb tab_id=\u00bb1677670513028-1f000dbd-5ff3&#8243;][\/vc_tta_section][vc_tta_section title=\u00bbGaler\u00eda\u00bb tab_id=\u00bb1683550013361-b21aa0f3-bb5e\u00bb][\/vc_tta_section][\/vc_tta_tabs][\/vc_column][\/vc_row][vc_row full_width=\u00bbstretch_row_content\u00bb css=\u00bb.vc_custom_1681989376842{margin-top: 15px !important;}\u00bb][vc_column][vc_separator border_width=\u00bb2&#8243;][vc_empty_space height=\u00bb15px\u00bb][\/vc_column][\/vc_row][vc_row][vc_column][vc_separator style=\u00bbdouble\u00bb border_width=\u00bb2&#8243;][\/vc_column][\/vc_row]<\/p>\n","protected":false},"excerpt":{"rendered":"<p>[vc_row][vc_column][vc_separator border_width=\u00bb2&#8243;][vc_column_text css=\u00bb.vc_custom_1687941674426{margin-top: 50px !important;}\u00bb] SOCIETY II (IRL) [\/vc_column_text][vc_empty_space][vc_single_image image=\u00bb3061&#8243; img_size=\u00bbfull\u00bb alignment=\u00bbcenter\u00bb][vc_tta_tabs shape=\u00bbsquare\u00bb spacing=\u00bb\u00bb alignment=\u00bbcenter\u00bb active_section=\u00bb1&#8243; no_fill_content_area=\u00bbtrue\u00bb][vc_tta_section title=\u00bbRese\u00f1a\u00bb tab_id=\u00bb1677670015874-8e1aa575-4f11&#8243;][vc_column_text el_class=\u00bbtexto-justificado\u00bb]Nacido en 1965, Society II fue ganador del Anglesey Stakes en The Curragh y del Blue Riband Trial Stakes en Epsom. Luego fue llevado a los Estados Unidos donde gan\u00f3 doce carreras y alcanz\u00f3 destacados plac\u00e9 [&hellip;]<\/p>\n","protected":false},"author":1,"featured_media":0,"parent":0,"menu_order":0,"comment_status":"closed","ping_status":"closed","template":"","meta":{"_monsterinsights_skip_tracking":false,"_monsterinsights_sitenote_active":false,"_monsterinsights_sitenote_note":"","_monsterinsights_sitenote_category":0,"footnotes":""},"class_list":["post-2681","page","type-page","status-publish","hentry"],"aioseo_notices":[],"_links":{"self":[{"href":"https:\/\/ranchofatima.com\/index.php\/wp-json\/wp\/v2\/pages\/2681","targetHints":{"allow":["GET"]}}],"collection":[{"href":"https:\/\/ranchofatima.com\/index.php\/wp-json\/wp\/v2\/pages"}],"about":[{"href":"https:\/\/ranchofatima.com\/index.php\/wp-json\/wp\/v2\/types\/page"}],"author":[{"embeddable":true,"href":"https:\/\/ranchofatima.com\/index.php\/wp-json\/wp\/v2\/users\/1"}],"replies":[{"embeddable":true,"href":"https:\/\/ranchofatima.com\/index.php\/wp-json\/wp\/v2\/comments?post=2681"}],"version-history":[{"count":14,"href":"https:\/\/ranchofatima.com\/index.php\/wp-json\/wp\/v2\/pages\/2681\/revisions"}],"predecessor-version":[{"id":3170,"href":"https:\/\/ranchofatima.com\/index.php\/wp-json\/wp\/v2\/pages\/2681\/revisions\/3170"}],"wp:attachment":[{"href":"https:\/\/ranchofatima.com\/index.php\/wp-json\/wp\/v2\/media?parent=2681"}],"curies":[{"name":"wp","href":"https:\/\/api.w.org\/{rel}","templated":true}]}}