{"id":2242,"date":"2023-03-16T09:14:55","date_gmt":"2023-03-16T09:14:55","guid":{"rendered":"http:\/\/harasranchofatima.com\/?page_id=2242"},"modified":"2024-01-15T14:08:26","modified_gmt":"2024-01-15T14:08:26","slug":"grano-de-oro","status":"publish","type":"page","link":"https:\/\/ranchofatima.com\/index.php\/grano-de-oro\/","title":{"rendered":"Grano de Oro"},"content":{"rendered":"<p>[vc_row][vc_column][vc_separator border_width=\u00bb2&#8243;][vc_column_text css=\u00bb.vc_custom_1685088914674{margin-top: 50px !important;}\u00bb]<\/p>\n<h2 style=\"text-align: center; color: black; margin-bottom: -25px;\">GRANO DE ORO (EEUU)<\/h2>\n<p>[\/vc_column_text][vc_empty_space]<h5 class=\"sc_title sc_title_regular\" style=\"color:#000000;\"><\/p>\n<p style=\"text-align: center\"><strong>Mshawish-Tap Dance por Pleasant Tap<\/strong><\/p>\n<p><\/h5>[vc_empty_space][vc_single_image image=\u00bb2414&#8243; img_size=\u00bb750&#215;500&#8243; alignment=\u00bbcenter\u00bb][vc_tta_tabs shape=\u00bbsquare\u00bb spacing=\u00bb\u00bb alignment=\u00bbcenter\u00bb active_section=\u00bb1&#8243; no_fill_content_area=\u00bbtrue\u00bb][vc_tta_section title=\u00bbRese\u00f1a\u00bb tab_id=\u00bb1677670015874-8e1aa575-4f11&#8243;][vc_column_text el_class=\u00bbtexto-justificado\u00bb css=\u00bb.vc_custom_1685010724039{margin-top: 25px !important;}\u00bb]<strong>Grano de Oro<\/strong>\u00a0es hijo de Mshawish y Tap Dance (Pleasant Tap); importado al Per\u00fa a los 2 a\u00f1os por el Stud Agust\u00edn Gabril. En Monterrico gan\u00f3 8 carreras en 11 presentaciones en la pista de c\u00e9sped entre los 1.400 y 1.900m, incluido 5 cl\u00e1sicos: Miguel Checa Eguiguren (G3), coronel Francisco Bolognesi (L), Batalla de Tarapac\u00e1 (L), Marina de Guerra del Per\u00fa y Comando \u00cdntimo. Llevado al doble kil\u00f3metro tambi\u00e9n supo llegar 2do en los cl\u00e1sicos Enrique Meiggs (G2) y Baldomero Asp\u00edllaga (G3).<br \/>\nActualmente posee el r\u00e9cord para la milla en el c\u00e9sped de Monterrico registrando <strong>1min33s18<\/strong>.<\/p>\n<p>Su campa\u00f1a deportiva culmin\u00f3 prematuramente debido a una lesi\u00f3n en la entre cuerda, e iniciar\u00e1 como reproductor en el II semestre del 2023.[\/vc_column_text][\/vc_tta_section][vc_tta_section i_icon_fontawesome=\u00bbfar fa-file-pdf\u00bb add_icon=\u00bbtrue\u00bb title=\u00bbPedigree\u00bb tab_id=\u00bb1677670015874-7c27ce94-dcc5&#8243;][vc_column_text]<\/p>\n<p style=\"text-align: center;\"><strong>GRANO DE ORO<\/strong><\/p>\n<p style=\"text-align: center;\">Alaz\u00e1n nacido el 19 de marzo de 2018<br \/>\nCriador: Mshawish Syndicate &amp; Lannister Holdings, Kentucky USA<br \/>\nPropietario: Haras Rancho F\u00e1tima[\/vc_column_text][vc_empty_space][vc_single_image image=\u00bb3017&#8243; img_size=\u00bbfull\u00bb alignment=\u00bbcenter\u00bb][vc_single_image image=\u00bb3019&#8243; img_size=\u00bbfull\u00bb][\/vc_tta_section][vc_tta_section title=\u00bbProducci\u00f3n\u00bb tab_id=\u00bb1677670494909-c8ca0cc2-b39d\u00bb][vc_column_text]En el II semestre del 2023 se iniciar\u00e1 como reproductor.[\/vc_column_text][\/vc_tta_section][vc_tta_section title=\u00bbEstad\u00edsticas\u00bb tab_id=\u00bb1677670513028-1f000dbd-5ff3&#8243;][vc_column_text]En este a\u00f1o 2023 se iniciar\u00e1 como reproductor.[\/vc_column_text][\/vc_tta_section][vc_tta_section title=\u00bbGaler\u00eda\u00bb tab_id=\u00bb1677774347649-91be740c-f0d1&#8243;][vc_gallery type=\u00bbimage_grid\u00bb images=\u00bb2256,2414&#8243; img_size=\u00bbmedium\u00bb][\/vc_tta_section][\/vc_tta_tabs][\/vc_column][\/vc_row][vc_row full_width=\u00bbstretch_row_content\u00bb][vc_column][vc_separator border_width=\u00bb2&#8243;][vc_empty_space height=\u00bb15px\u00bb][\/vc_column][\/vc_row][vc_row][vc_column][vc_separator style=\u00bbdouble\u00bb border_width=\u00bb2&#8243;][\/vc_column][\/vc_row]<\/p>\n","protected":false},"excerpt":{"rendered":"<p>[vc_row][vc_column][vc_separator border_width=\u00bb2&#8243;][vc_column_text css=\u00bb.vc_custom_1685088914674{margin-top: 50px !important;}\u00bb] GRANO DE ORO (EEUU) [\/vc_column_text][vc_empty_space][vc_empty_space][vc_single_image image=\u00bb2414&#8243; img_size=\u00bb750&#215;500&#8243; alignment=\u00bbcenter\u00bb][vc_tta_tabs shape=\u00bbsquare\u00bb spacing=\u00bb\u00bb alignment=\u00bbcenter\u00bb active_section=\u00bb1&#8243; no_fill_content_area=\u00bbtrue\u00bb][vc_tta_section title=\u00bbRese\u00f1a\u00bb tab_id=\u00bb1677670015874-8e1aa575-4f11&#8243;][vc_column_text el_class=\u00bbtexto-justificado\u00bb css=\u00bb.vc_custom_1685010724039{margin-top: 25px !important;}\u00bb]Grano de Oro\u00a0es hijo de Mshawish y Tap Dance (Pleasant Tap); importado al Per\u00fa a los 2 a\u00f1os por el Stud Agust\u00edn Gabril. En Monterrico gan\u00f3 8 carreras en 11 presentaciones en [&hellip;]<\/p>\n","protected":false},"author":1,"featured_media":0,"parent":0,"menu_order":0,"comment_status":"closed","ping_status":"closed","template":"","meta":{"_monsterinsights_skip_tracking":false,"_monsterinsights_sitenote_active":false,"_monsterinsights_sitenote_note":"","_monsterinsights_sitenote_category":0,"footnotes":""},"class_list":["post-2242","page","type-page","status-publish","hentry"],"aioseo_notices":[],"_links":{"self":[{"href":"https:\/\/ranchofatima.com\/index.php\/wp-json\/wp\/v2\/pages\/2242","targetHints":{"allow":["GET"]}}],"collection":[{"href":"https:\/\/ranchofatima.com\/index.php\/wp-json\/wp\/v2\/pages"}],"about":[{"href":"https:\/\/ranchofatima.com\/index.php\/wp-json\/wp\/v2\/types\/page"}],"author":[{"embeddable":true,"href":"https:\/\/ranchofatima.com\/index.php\/wp-json\/wp\/v2\/users\/1"}],"replies":[{"embeddable":true,"href":"https:\/\/ranchofatima.com\/index.php\/wp-json\/wp\/v2\/comments?post=2242"}],"version-history":[{"count":44,"href":"https:\/\/ranchofatima.com\/index.php\/wp-json\/wp\/v2\/pages\/2242\/revisions"}],"predecessor-version":[{"id":3510,"href":"https:\/\/ranchofatima.com\/index.php\/wp-json\/wp\/v2\/pages\/2242\/revisions\/3510"}],"wp:attachment":[{"href":"https:\/\/ranchofatima.com\/index.php\/wp-json\/wp\/v2\/media?parent=2242"}],"curies":[{"name":"wp","href":"https:\/\/api.w.org\/{rel}","templated":true}]}}