{"id":2240,"date":"2023-03-16T09:14:02","date_gmt":"2023-03-16T09:14:02","guid":{"rendered":"http:\/\/harasranchofatima.com\/?page_id=2240"},"modified":"2026-02-25T03:50:53","modified_gmt":"2026-02-25T03:50:53","slug":"singe-the-turf","status":"publish","type":"page","link":"https:\/\/ranchofatima.com\/index.php\/singe-the-turf\/","title":{"rendered":"Singe the Turf"},"content":{"rendered":"<p>[vc_row][vc_column][vc_separator border_width=\u00bb2&#8243;][vc_column_text css=\u00bb.vc_custom_1687941152845{margin-top: 50px !important;}\u00bb]<\/p>\n<h2 style=\"color: black; text-align: center;\">SINGE THE TURF (IRE)<\/h2>\n<p>[\/vc_column_text]<h5 class=\"sc_title sc_title_regular\" style=\"color:#000000;\"><\/p>\n<p style=\"text-align: center;\"><strong>Galileo-Affianced por Ernis Isle<\/strong><\/p>\n<p><\/h5>[vc_empty_space][vc_single_image image=\u00bb3011&#8243; img_size=\u00bbfull\u00bb alignment=\u00bbcenter\u00bb][vc_tta_tabs shape=\u00bbsquare\u00bb spacing=\u00bb\u00bb alignment=\u00bbcenter\u00bb active_section=\u00bb1&#8243; no_fill_content_area=\u00bbtrue\u00bb][vc_tta_section title=\u00bbRese\u00f1a\u00bb tab_id=\u00bb1677670015874-8e1aa575-4f11&#8243;][vc_column_text el_class=\u00bbtexto-justificado\u00bb css=\u00bb.vc_custom_1769541354121{margin-top: 25px !important;}\u00bb]<strong>Singe The Turf<\/strong> es un hijo de Galileo (IRL, Sadler&#8217;s Wells) y Affianced (IRL, Erins Isle) que solo corri\u00f3 dos carreras. Gan\u00f3 en su debut por 6 cuerpos en 1.800 metros y luego qued\u00f3 2do del m\u00faltiple ganador cl\u00e1sico Declaration of War.<\/p>\n<p>Es propio hermano de los sensacionales Soldier Of Fortune y Heliostatic. El primero fue ganador del Irish Derby (G1) en Irlanda y del Coronation Cup (G1) en Inglaterra, adem\u00e1s de otras carreras de Grupo en Francia y notable productor de ganadores cl\u00e1sicos. El segundo fue ganador de Grupo en Inglaterra y como semental dej\u00f3 su huella a trav\u00e9s de varios ganadores cl\u00e1sicos en Irlanda, Francia, Argentina y Brasil.<\/p>\n<p>Con 9 generaciones en las pistas, Singe The Turf ha producido 102 ganadores, de los cuales 22 son vencedores cl\u00e1sicos.<\/p>\n<p>Lo que este hijo de Galileo viene transmitiendo a sus hijos lo hacen un semental vers\u00e1til, pues ha producido a los hermanos enteros y campeones de 2 a\u00f1os en c\u00e9sped <strong>SIR JAMES\u00a0<\/strong>y\u00a0<strong>DON FERES <\/strong>(que adem\u00e1s es doble campe\u00f3n fondista en c\u00e9sped); fondistas como <strong>MAR\u00cdA LUISA [G1], <\/strong><strong>NABUCCO [G2] y ULPIANO [G3]<\/strong>; velocistas como <strong>CHIFL\u00d3N <\/strong>y <strong>SYSTEM OF A DOWN<\/strong>; y fondistas en arena, como <strong>SAUDITA [G3]<\/strong>.<\/p>\n<p>Con su d\u00e9cima producci\u00f3n pr\u00f3xima a debutar en el 2026, <strong>Singe The Turf<\/strong> cuenta hasta el 27 de enero del 2026, con un total de 164 cr\u00edas en edad de correr, de los cuales 141 son debutantes (89%), 102 ganadores (64%), 22 de ellos de pruebas cl\u00e1sicas (14%).[\/vc_column_text][\/vc_tta_section][vc_tta_section i_icon_fontawesome=\u00bbfar fa-file-pdf\u00bb add_icon=\u00bbtrue\u00bb title=\u00bbPedigree\u00bb tab_id=\u00bb1677670015874-7c27ce94-dcc5&#8243;][vc_column_text]<\/p>\n<p style=\"text-align: center;\"><strong>SINGE THE TURF<\/strong><\/p>\n<p style=\"text-align: center;\">Alaz\u00e1n nacido el 30 de mayo de 2008<br \/>\nCriador: Mrs J S Bolger<br \/>\nPropietario: Haras Rancho F\u00e1tima[\/vc_column_text][vc_empty_space][vc_single_image image=\u00bb3080&#8243; img_size=\u00bbfull\u00bb alignment=\u00bbcenter\u00bb][vc_single_image image=\u00bb2308&#8243; img_size=\u00bbfull\u00bb][vc_single_image image=\u00bb2307&#8243; img_size=\u00bbfull\u00bb][\/vc_tta_section][vc_tta_section title=\u00bbProducci\u00f3n\u00bb tab_id=\u00bb1677670494909-c8ca0cc2-b39d\u00bb][vc_column_text css=\u00bb.vc_custom_1771991421917{margin-top: 25px !important;}\u00bb]<strong><u>Hijos Ganadores Cl\u00e1sicos (23):<\/u><\/strong><\/p>\n<p><strong>DON FERES<\/strong> (m, 2019) (Fabella, por Farall\u00f3n P), <strong>Campe\u00f3n de 2 a\u00f1os en c\u00e9sped (2021), Campe\u00f3n Adulto en c\u00e9sped (2023), Campe\u00f3n Adulto en c\u00e9sped (2024)<\/strong>, 9 victorias, todas cl\u00e1sicas: Presidente de la Rep\u00fablica <strong>[G2]<\/strong>, Almirante Miguel Grau Seminario <strong>[G2]<\/strong>, Enrique Meiggs <strong>[G2]<\/strong>, Pedro Garc\u00eda Mir\u00f3 <strong>[G3]<\/strong>, Gustavo Prado Heudebert <strong>[G3]<\/strong>, Claudio Fern\u00e1ndez Concha <strong>[G3]<\/strong>, Miguel A. Checa Eguiguren<strong> [G3]<\/strong>, Empery, Selectos Potrillos &#8211; C\u00e9sped, 2do. Jos\u00e9 Rodr\u00edguez Razzeto <strong>[G3]<\/strong>, 3ro. Ciudad de Lima<strong> [G2]<\/strong>, Esp. Rumbo al Latino. Exportado a Argentina, 2do. GPI Latinoamericano <strong>[G1]<\/strong>, 3ro. GPI Carlos Pellegrini<strong> [G1]<\/strong>.<\/p>\n<p><strong>SYSTEM OF A DOWN<\/strong> (m, 2020) (Stumblin\u2019In, por Candy Ride), <strong>Campe\u00f3n de 3 a\u00f1os en c\u00e9sped (2023)<\/strong>, <strong>Campe\u00f3n Velocista en c\u00e9sped (2024),<\/strong> 9 victorias, Claudio Fern\u00e1ndez Concha <strong>[G3]<\/strong>, Francisco Bolognesi <strong>[L]<\/strong>, Vaduz, Deepak, Diario El Comercio, Marina de Guerra del Per\u00fa, 2do. Pedro Garc\u00eda Mir\u00f3 <strong>[G3]<\/strong>, Rep\u00fablica de Chile.<\/p>\n<p><strong>RADOSLAV <\/strong>(m, 2022) (Fast And Shifty, por Flanders Fields), <strong>Campe\u00f3n de 3 a\u00f1os en c\u00e9sped (2025)<\/strong>, 4 victorias, Gustavo Prado Heudebert <strong>[G3]<\/strong>, Claudio Ferm\u00e1ndez Concha<strong> [G3]<\/strong>, 3ro. Post\u00edn <strong>[G2]<\/strong>.<\/p>\n<p><strong>SIBERIA<\/strong> (h, 2014) (Massaibelle, por Street Cry), <strong>Campeona de 3 a\u00f1os en c\u00e9sped (2017)<\/strong>, 4 victorias, Oscar Berckemeyer Pazos <strong>[G2]<\/strong>, 2da. Post\u00edn <strong>[G2]<\/strong>, Kimba, 3ra. Miguel Fort Magot <strong>[G3]<\/strong>.<\/p>\n<p><strong>SAUDITA<\/strong> (h, 2020) (Shiwin, por Scorpion), <strong>Campeona Adulta (2024)<\/strong>, 6 victorias, C\u00e9sar A. del R\u00edo <strong>[G3]<\/strong>, Pedro D. Gallagher, Parlona, Provincia Constitucional del Callao, 2da. Felipe Pardo y Barreda <strong>[G3]<\/strong>, Pedro D. Gallagher, Luis Rodr\u00edguez Mari\u00e1tegui, 3ra. Jockey Club de Arequipa, Texfina.<\/p>\n<p><strong>SIR JAMES<\/strong> (m, 2014) (Fabella, por Farall\u00f3n P), <strong>Campe\u00f3n de 2 a\u00f1os en c\u00e9sped (2017)<\/strong>, 5 victorias, Selectos-Productos, Empery.<\/p>\n<p><strong>MAR\u00cdA LUISA<\/strong> (h, 2022) (Candynsky, por Bandini), 4 victorias, GPN Augusto B. Legu\u00eda <strong>[G1]<\/strong>, La Sambi, Ala Moana.<\/p>\n<p><strong>ULPIANO <\/strong>(m, 2019) (Tesoro, por Timely Advice), 9 victorias, Enrique Meiggs <strong>[G2]<\/strong>, Baldomero Asp\u00edllaga<strong> [G3]<\/strong>, Francisco Bolognesi <strong>[L]<\/strong>, Victoria de Tarapac\u00e1 <strong>[L]<\/strong>, Rep\u00fablica de Chile, 2do. Enrique Meiggs <strong>[G2]<\/strong>, Claudio Fern\u00e1ndez Concha <strong>[G3]<\/strong>, Miguel Checa Solari <strong>[G3]<\/strong>, Selectos-Potrillos, 3ro. Presidente de la Rep\u00fablica <strong>[G2]<\/strong> (2 veces), Laredo <strong>[L]<\/strong>, Sim\u00f3n Bol\u00edvar, Empery.<br \/>\n<strong><br \/>\nNABUCCO<\/strong> (m, 2015) (Quiz, por Quintill\u00f3n), 8 victorias, Almirante Miguel Grau Seminario <strong>[G2]<\/strong>, Rep\u00fablica de Chile, 3ro. Enrique Meiggs <strong>[G2]<\/strong> (2 veces), Baldomero Asp\u00edllaga Delgado <strong>[G3]<\/strong>.<\/p>\n<p><strong>ALEXANDRINA<\/strong> (h, 2018) (Katharina, por Alpha Plus), 10 victorias, Rep\u00fablica Argentina<strong> [G3]<\/strong>, Mari July<strong> [L]<\/strong>, 2da. Batalla de Ayacucho <strong>[L]<\/strong>, 3ra. Kimba, Morena.<\/p>\n<p><strong>BAHIA PRINCIPE<\/strong> (m, 2018) (Blanca Nieves, por Bonavena), 3 victorias, Gustavo Prado Heudebert <strong>[G3]<\/strong>, 2do. GPN Augusto B. Legu\u00eda<strong> [G1]<\/strong>, R\u00edo Pallanga, 3ro. Claudio Fern\u00e1ndez Concha <strong>[G3]<\/strong>.<\/p>\n<p><strong>HIZIR<\/strong> (m, 2015) (Resbalosa, por Privately Held), 6 victorias, Gustavo Prado Heudebert <strong>[G3]<\/strong>, 2do. Batalla de Tarapac\u00e1 <strong>[L]<\/strong>, 3ro. Laredo <strong>[L]<\/strong>.<\/p>\n<p><strong>SYDNARA <\/strong>(h, 2015) (Sweet Sunset, por Awesome Again), 12 victorias, Frau Astrid <strong>[L]<\/strong>, Snow Cort, 2da. India Brava (2 veces), Asociaci\u00f3n Nacional de Criadores y Propietarios de Caballos de Paso, Rep\u00fablica de Colombia, Estados Unidos Mejicanos, Diario El Comercio, 3ra. Gran Mariscal Andr\u00e9s A. C\u00e1ceres (2 veces), Rep\u00fablica de Ecuador (2 veces), Enrique Aguinaga Asenjo, Rep\u00fablica de Paraguay, Estados Unidos Mejicanos.<\/p>\n<p><strong>CHIFLON<\/strong> (m, 2014) (Potencia, por Point Given), 6 victorias, Augusto N. Wiese (2 veces), Snow Cort (2 veces), 2do. Ej\u00e9rcito del Per\u00fa, Poder Judicial, Fiestas Patrias, Asociaci\u00f3n Nacional de Propietarios y Criadores de Caballos Peruanos de Paso, Aristeo, 3ro. Coronel Leoncio Prado.<\/p>\n<p><strong>SONORA<\/strong> (h, 2014) (Bambola, por Belong to Me), 6 victorias, India Brava, Mari July, La Sambi, Kimba, 2da. Batalla de Ayacucho <strong>[L]<\/strong>, 3ra. Kimba (2 veces).<\/p>\n<p><strong>SANTI<\/strong> (m, 2014) (Intensa, por Include), 6 victorias, Vaduz, Diario El Comercio.<\/p>\n<p><b>LOLA LOLA <\/b>(h, 2022) (Miss Strauss, por Will Take Charge), 3 victorias, Madame Equis, Maidenform, 2da. Miguel Fort Magot <strong>[G3]<\/strong>.<\/p>\n<p><strong>ASTU<\/strong> (m, 2017) (Jaguar\u2019s Orchid, por Jaguar On The Run), 6 victorias, Poder Judicial, 2do. Snow Cort.<\/p>\n<p><strong>SAGRADA<\/strong> (h, 2016) (Fasky, por Farall\u00f3n P), 4 victorias, H\u00e9roe Nacional Capit\u00e1n FAP Jos\u00e9 A. Qui\u00f1ones, 2da. Carlos Acu\u00f1a Rey.<\/p>\n<p><strong>CHRIS FER<\/strong> (m, 2015) (Stumblin\u2019In, por Candy Ride), 4 victorias, R\u00edo Pallanga, 3ra. Post\u00edn <strong>[G2]<\/strong>, Claudio Fern\u00e1ndez Concha <strong>[G3]<\/strong>.<\/p>\n<p>Adem\u00e1s, es padre de <strong>ZUCCARO<\/strong>, <strong>INTR\u00c9PIDA<\/strong>, <strong>LA RUSIA<\/strong>, <strong>Hechizada [G2]<\/strong>, <strong>Juego de Tronos [G2]<\/strong>, <strong>Schiller Moon [G3]<\/strong>, <strong>Hesperia [G3]<\/strong>, <strong>El Notici\u00f3n [G3]<\/strong>, <strong>La Rosa [G3]<\/strong>, <strong>Samiax, Zuccaro<\/strong>, etc.<\/p>\n<p><strong>SINGE THE TURF<\/strong> es padre de 79 hembras. Abuelo de 45 nietos registrados, 18 debutantes, 14 ganadores, entre ellos: <strong>COMPASI\u00d3N<\/strong> (Cl\u00e1sico Post\u00edn <strong>[G2]<\/strong>, \u00d3scar Berckemeyer Pazos <strong>[G3]<\/strong>, Miguel Fort Magot <strong>[G3]<\/strong>), Rodrigo (2do. Selectos &#8211; Potrillos), <strong>Alnaldo<\/strong> (3ro. Polic\u00eda Nacional del Per\u00fa), etc.[\/vc_column_text][\/vc_tta_section][vc_tta_section title=\u00bbEstad\u00edsticas\u00bb tab_id=\u00bb1677670513028-1f000dbd-5ff3&#8243;][vc_single_image image=\u00bb3722&#8243; img_size=\u00bbfull\u00bb][\/vc_tta_section][vc_tta_section title=\u00bbGaler\u00eda\u00bb tab_id=\u00bb1677774347649-91be740c-f0d1&#8243;][vc_gallery type=\u00bbimage_grid\u00bb images=\u00bb2249,2420&#8243; img_size=\u00bbmedium\u00bb][\/vc_tta_section][\/vc_tta_tabs][\/vc_column][\/vc_row][vc_row full_width=\u00bbstretch_row_content\u00bb css=\u00bb.vc_custom_1681989506319{margin-top: 15px !important;}\u00bb][vc_column][vc_separator border_width=\u00bb2&#8243;][vc_empty_space height=\u00bb15px\u00bb][\/vc_column][\/vc_row][vc_row][vc_column][vc_separator style=\u00bbdouble\u00bb border_width=\u00bb2&#8243;][\/vc_column][\/vc_row]<\/p>\n","protected":false},"excerpt":{"rendered":"<p>[vc_row][vc_column][vc_separator border_width=\u00bb2&#8243;][vc_column_text css=\u00bb.vc_custom_1687941152845{margin-top: 50px !important;}\u00bb] SINGE THE TURF (IRE) [\/vc_column_text][vc_empty_space][vc_single_image image=\u00bb3011&#8243; img_size=\u00bbfull\u00bb alignment=\u00bbcenter\u00bb][vc_tta_tabs shape=\u00bbsquare\u00bb spacing=\u00bb\u00bb alignment=\u00bbcenter\u00bb active_section=\u00bb1&#8243; no_fill_content_area=\u00bbtrue\u00bb][vc_tta_section title=\u00bbRese\u00f1a\u00bb tab_id=\u00bb1677670015874-8e1aa575-4f11&#8243;][vc_column_text el_class=\u00bbtexto-justificado\u00bb css=\u00bb.vc_custom_1769541354121{margin-top: 25px !important;}\u00bb]Singe The Turf es un hijo de Galileo (IRL, Sadler&#8217;s Wells) y Affianced (IRL, Erins Isle) que solo corri\u00f3 dos carreras. Gan\u00f3 en su debut por 6 cuerpos en 1.800 metros y [&hellip;]<\/p>\n","protected":false},"author":1,"featured_media":0,"parent":0,"menu_order":0,"comment_status":"closed","ping_status":"closed","template":"","meta":{"_monsterinsights_skip_tracking":false,"_monsterinsights_sitenote_active":false,"_monsterinsights_sitenote_note":"","_monsterinsights_sitenote_category":0,"footnotes":""},"class_list":["post-2240","page","type-page","status-publish","hentry"],"aioseo_notices":[],"_links":{"self":[{"href":"https:\/\/ranchofatima.com\/index.php\/wp-json\/wp\/v2\/pages\/2240","targetHints":{"allow":["GET"]}}],"collection":[{"href":"https:\/\/ranchofatima.com\/index.php\/wp-json\/wp\/v2\/pages"}],"about":[{"href":"https:\/\/ranchofatima.com\/index.php\/wp-json\/wp\/v2\/types\/page"}],"author":[{"embeddable":true,"href":"https:\/\/ranchofatima.com\/index.php\/wp-json\/wp\/v2\/users\/1"}],"replies":[{"embeddable":true,"href":"https:\/\/ranchofatima.com\/index.php\/wp-json\/wp\/v2\/comments?post=2240"}],"version-history":[{"count":54,"href":"https:\/\/ranchofatima.com\/index.php\/wp-json\/wp\/v2\/pages\/2240\/revisions"}],"predecessor-version":[{"id":5399,"href":"https:\/\/ranchofatima.com\/index.php\/wp-json\/wp\/v2\/pages\/2240\/revisions\/5399"}],"wp:attachment":[{"href":"https:\/\/ranchofatima.com\/index.php\/wp-json\/wp\/v2\/media?parent=2240"}],"curies":[{"name":"wp","href":"https:\/\/api.w.org\/{rel}","templated":true}]}}