{"id":2163,"date":"2023-03-06T12:04:26","date_gmt":"2023-03-06T12:04:26","guid":{"rendered":"http:\/\/harasranchofatima.com\/?page_id=2163"},"modified":"2026-02-25T04:00:57","modified_gmt":"2026-02-25T04:00:57","slug":"super-nao","status":"publish","type":"page","link":"https:\/\/ranchofatima.com\/index.php\/super-nao\/","title":{"rendered":"Super Nao"},"content":{"rendered":"<p>[vc_row][vc_column][vc_separator border_width=\u00bb2&#8243;][vc_column_text css=\u00bb.vc_custom_1684873735003{margin-top: 50px !important;}\u00bb]<\/p>\n<h2 style=\"color: black; text-align: center;margin-bottom:-25px\">SUPER NAO (ARG)<\/h2>\n<p>[\/vc_column_text][vc_empty_space]<h5 class=\"sc_title sc_title_regular sc_align_center\" style=\"text-align:center;color:#000000;\"><\/p>\n<p style=\"margin-bottom: 20px; text-align: center;\"><strong>Super Saver-Royal Top por Giants Causeway<\/strong><\/p>\n<p><\/h5>[vc_empty_space][vc_single_image image=\u00bb2164&#8243; img_size=\u00bb750&#215;500&#8243; alignment=\u00bbcenter\u00bb][vc_tta_tabs shape=\u00bbsquare\u00bb spacing=\u00bb\u00bb alignment=\u00bbcenter\u00bb active_section=\u00bb1&#8243; no_fill_content_area=\u00bbtrue\u00bb][vc_tta_section title=\u00bbRese\u00f1a\u00bb tab_id=\u00bb1677670015874-8e1aa575-4f11&#8243;][vc_column_text el_class=\u00bbtexto-justificado\u00bb css=\u00bb.vc_custom_1685011640572{margin-top: 25px !important;}\u00bb]<strong>Super Nao<\/strong>\u00a0es hijo de Super Saver y Royal Top (Giant\u2019s Causeway); importado al Per\u00fa a los 2 a\u00f1os por el Stud Ju-Ya. En Monterrico gan\u00f3 5 carreras en 8 presentaciones entre 1.200 y 2.400m, incluido 4 cl\u00e1sicos y la <strong>Triple Corona<\/strong> de la h\u00edpica nacional: Polla de Potrillos (G1), Ricardo Ortiz de Zevallos (G1) y Derby Nacional (G1). Adicionalmente gan\u00f3 el cl\u00e1sico Alfredo Benavides (G2) \u2013 carrera clasificatoria para el Gran Premio Latinoamericano. A fines del 2021 fue galardonado como <strong>Caballo del A\u00f1o y Potrillo Campe\u00f3n de 3 a\u00f1os<\/strong> <strong>en el Per\u00fa.<\/strong><\/p>\n<p>Su campa\u00f1a deportiva culmin\u00f3 prematuramente debido a una lesi\u00f3n en un tend\u00f3n, y se inici\u00f3 como reproductor en el II semestre del 2022.[\/vc_column_text][\/vc_tta_section][vc_tta_section i_icon_fontawesome=\u00bbfar fa-file-pdf\u00bb add_icon=\u00bbtrue\u00bb title=\u00bbPedigree\u00bb tab_id=\u00bb1677670015874-7c27ce94-dcc5&#8243;][vc_column_text]<\/p>\n<p style=\"text-align: center;\"><strong>SUPER NAO<\/strong><\/p>\n<p style=\"text-align: center;\">Casta\u00f1o nacido el 7 de octubre de 2019<br \/>\nCriador: Haras Firmamento, Argentina<br \/>\nPropietario: Haras Rancho F\u00e1tima[\/vc_column_text][vc_empty_space][vc_single_image image=\u00bb3015&#8243; img_size=\u00bbfull\u00bb alignment=\u00bbcenter\u00bb][vc_single_image image=\u00bb2411&#8243; img_size=\u00bbfull\u00bb][\/vc_tta_section][vc_tta_section title=\u00bbProducci\u00f3n\u00bb tab_id=\u00bb1677670494909-c8ca0cc2-b39d\u00bb][vc_column_text]En su primera generaci\u00f3n, tiene como ganadores cl\u00e1sicos a:<\/p>\n<p><strong>BUJAMERO<\/strong> (m. 2023) (Tenta, por Dominus). Ganador en su debut del Cl\u00e1sico El Estreno en su \u00fanica actuaci\u00f3n a los 2 a\u00f1os.[\/vc_column_text][\/vc_tta_section][vc_tta_section title=\u00bbEstad\u00edsticas\u00bb tab_id=\u00bb1677670513028-1f000dbd-5ff3&#8243;][vc_column_text]En el a\u00f1o 2022 se inici\u00f3 como reproductor.[\/vc_column_text][\/vc_tta_section][vc_tta_section title=\u00bbGaler\u00eda\u00bb tab_id=\u00bb1677774347649-91be740c-f0d1&#8243;][vc_gallery type=\u00bbimage_grid\u00bb images=\u00bb2418,2212&#8243; img_size=\u00bbmedium\u00bb][\/vc_tta_section][\/vc_tta_tabs][\/vc_column][\/vc_row][vc_row full_width=\u00bbstretch_row_content\u00bb css=\u00bb.vc_custom_1681989441651{margin-top: 15px !important;}\u00bb][vc_column][vc_separator border_width=\u00bb2&#8243;][vc_empty_space height=\u00bb15px\u00bb][\/vc_column][\/vc_row][vc_row][vc_column][vc_separator style=\u00bbdouble\u00bb border_width=\u00bb2&#8243;][\/vc_column][\/vc_row]<\/p>\n","protected":false},"excerpt":{"rendered":"<p>[vc_row][vc_column][vc_separator border_width=\u00bb2&#8243;][vc_column_text css=\u00bb.vc_custom_1684873735003{margin-top: 50px !important;}\u00bb] SUPER NAO (ARG) [\/vc_column_text][vc_empty_space][vc_empty_space][vc_single_image image=\u00bb2164&#8243; img_size=\u00bb750&#215;500&#8243; alignment=\u00bbcenter\u00bb][vc_tta_tabs shape=\u00bbsquare\u00bb spacing=\u00bb\u00bb alignment=\u00bbcenter\u00bb active_section=\u00bb1&#8243; no_fill_content_area=\u00bbtrue\u00bb][vc_tta_section title=\u00bbRese\u00f1a\u00bb tab_id=\u00bb1677670015874-8e1aa575-4f11&#8243;][vc_column_text el_class=\u00bbtexto-justificado\u00bb css=\u00bb.vc_custom_1685011640572{margin-top: 25px !important;}\u00bb]Super Nao\u00a0es hijo de Super Saver y Royal Top (Giant\u2019s Causeway); importado al Per\u00fa a los 2 a\u00f1os por el Stud Ju-Ya. En Monterrico gan\u00f3 5 carreras en 8 presentaciones entre 1.200 y [&hellip;]<\/p>\n","protected":false},"author":1,"featured_media":0,"parent":0,"menu_order":0,"comment_status":"closed","ping_status":"closed","template":"","meta":{"_monsterinsights_skip_tracking":false,"_monsterinsights_sitenote_active":false,"_monsterinsights_sitenote_note":"","_monsterinsights_sitenote_category":0,"footnotes":""},"class_list":["post-2163","page","type-page","status-publish","hentry"],"aioseo_notices":[],"_links":{"self":[{"href":"https:\/\/ranchofatima.com\/index.php\/wp-json\/wp\/v2\/pages\/2163","targetHints":{"allow":["GET"]}}],"collection":[{"href":"https:\/\/ranchofatima.com\/index.php\/wp-json\/wp\/v2\/pages"}],"about":[{"href":"https:\/\/ranchofatima.com\/index.php\/wp-json\/wp\/v2\/types\/page"}],"author":[{"embeddable":true,"href":"https:\/\/ranchofatima.com\/index.php\/wp-json\/wp\/v2\/users\/1"}],"replies":[{"embeddable":true,"href":"https:\/\/ranchofatima.com\/index.php\/wp-json\/wp\/v2\/comments?post=2163"}],"version-history":[{"count":30,"href":"https:\/\/ranchofatima.com\/index.php\/wp-json\/wp\/v2\/pages\/2163\/revisions"}],"predecessor-version":[{"id":5400,"href":"https:\/\/ranchofatima.com\/index.php\/wp-json\/wp\/v2\/pages\/2163\/revisions\/5400"}],"wp:attachment":[{"href":"https:\/\/ranchofatima.com\/index.php\/wp-json\/wp\/v2\/media?parent=2163"}],"curies":[{"name":"wp","href":"https:\/\/api.w.org\/{rel}","templated":true}]}}