{"id":2066,"date":"2023-03-01T11:13:47","date_gmt":"2023-03-01T11:13:47","guid":{"rendered":"http:\/\/harasranchofatima.com\/?page_id=2066"},"modified":"2026-01-27T21:09:38","modified_gmt":"2026-01-27T21:09:38","slug":"riviera-cocktail","status":"publish","type":"page","link":"https:\/\/ranchofatima.com\/index.php\/riviera-cocktail\/","title":{"rendered":"Riviera Cocktail"},"content":{"rendered":"<p>[vc_row][vc_column][vc_separator border_width=\u00bb2&#8243;][vc_column_text css=\u00bb.vc_custom_1687941222850{margin-top: 50px !important;}\u00bb]<\/p>\n<h2 style=\"color: black; text-align: center;\">RIVIERA COCKTAIL (EEUU)<\/h2>\n<p>[\/vc_column_text]<h5 class=\"sc_title sc_title_regular\" style=\"color:#000000;\"><\/p>\n<p style=\"text-align: center;\"><strong>Giants Causeway-Starry Dreamer por Rubiano<\/strong><\/p>\n<p><\/h5>[vc_empty_space][vc_single_image image=\u00bb2095&#8243; img_size=\u00bb750&#215;500&#8243; alignment=\u00bbcenter\u00bb][vc_tta_tabs shape=\u00bbsquare\u00bb spacing=\u00bb\u00bb alignment=\u00bbcenter\u00bb active_section=\u00bb1&#8243; no_fill_content_area=\u00bbtrue\u00bb][vc_tta_section title=\u00bbRese\u00f1a\u00bb tab_id=\u00bb1677670015874-8e1aa575-4f11&#8243;][vc_column_text el_class=\u00bbtexto-justificado\u00bb css=\u00bb.vc_custom_1769543750235{margin-top: 25px !important;}\u00bb]<strong>Riviera Cocktail<\/strong> es hijo de Giant\u2019s Causeway y Starry Dreamer (Rubiano) que acumul\u00f3 US$ 204.095 en premios. Gan\u00f3 el Contested Bid Stakes sobre la milla en el c\u00e9sped del Hip\u00f3dromo de Hollywood Park (California, EE.UU.), qued\u00f3 2do. en el Emirates Airlines Appleton Stakes y 3ro. en el San Marcos Stakes, ambos de Grupo 2.<\/p>\n<p>Es medio hermano del padrillo l\u00edder en EEUU War Front (EEUU, Danzig), as\u00ed como del tambi\u00e9n padrillo l\u00edder en Uruguay Eclessiastic (EEUU, Pulpit). La madre de todos ellos, Starry Dreamer, fue una destacada ganadora cl\u00e1sica para los colores de Claiborne Farm, que super\u00f3 la barrera de los US$ 500.000 en premios.<\/p>\n<p>A la fecha, Riviera Cocktail cuenta con 12 generaciones en edad de correr en el Per\u00fa llegando a 117 hijos ganadores, de los cuales 16 son vencedores cl\u00e1sicos. Ellos encabezados por <strong>TONGA [G1]<\/strong>, <strong>EL GRAN BLANCO [G2], ASFALOTH [G3]<\/strong>\u00a0y\u00a0<strong>LADY KATHY [G3]<\/strong>.<\/p>\n<p>Hasta el 27 de enero del 2026 Riviera Cocktail cuenta con una producci\u00f3n total de 168 cr\u00edas de las cuales 144 (86%) han llegado a correr. De estas \u00faltimas, 117 (70%) han sido ganadores y 16 (10%) ganadores cl\u00e1sicos.<\/p>\n<p>Riviera Cocktail muri\u00f3 en diciembre del 2024.[\/vc_column_text][\/vc_tta_section][vc_tta_section i_icon_fontawesome=\u00bbfar fa-file-pdf\u00bb add_icon=\u00bbtrue\u00bb title=\u00bbPedigree\u00bb tab_id=\u00bb1677670015874-7c27ce94-dcc5&#8243;][vc_column_text]<\/p>\n<p style=\"text-align: center;\"><strong>RIVIERA COCKTAIL<\/strong><\/p>\n<p style=\"text-align: center;\">Casta\u00f1o nacido el 21 de febrero de 2006<br \/>\nCriador: Joseph Allen, Kentucky USA<br \/>\nPropietario: Haras Rancho F\u00e1tima[\/vc_column_text][vc_empty_space][vc_single_image image=\u00bb3087&#8243; img_size=\u00bbfull\u00bb alignment=\u00bbcenter\u00bb][vc_single_image image=\u00bb2471&#8243; img_size=\u00bbfull\u00bb alignment=\u00bbcenter\u00bb][\/vc_tta_section][vc_tta_section title=\u00bbProducci\u00f3n\u00bb tab_id=\u00bb1677670494909-c8ca0cc2-b39d\u00bb][vc_column_text el_class=\u00bbtexto-justificado\u00bb css=\u00bb.vc_custom_1741123795503{margin-top: 25px !important;}\u00bb]<strong><u>Hijos Ganadores Cl\u00e1sicos (16):<\/u><\/strong><\/p>\n<p><strong>TONGA<\/strong> (m, 2019) (Filosof\u00eda, por Farall\u00f3n P), <strong>Campe\u00f3n de 3 a\u00f1os en c\u00e9sped (2022)<\/strong>, 2 victorias, GPN Augusto B. Legu\u00eda (G1); 2do. Post\u00edn (G2).<\/p>\n<p><strong>EL GRAN BLANCO<\/strong> (m, 2013) (Fabella, por Farallon P), 2 victorias, Post\u00edn (G2); 2do. Gustavo Prado Heudebert (G3).<\/p>\n<p><strong>ASFALOTH<\/strong> (m, 2013) (Toowoomba, por Farall\u00f3n P), 23 victorias, Alfredo Benavides y Alfredo Benavides Diez Canseco (G3), Perinox (L) 2 veces, Coronel Francisco Bolognesi (L), Batalla de Tarapac\u00e1 (L), Comando \u00cdntimo 3 veces, Manuel Checa Solari 2 veces, Marina de Guerra del Per\u00fa 2 veces, Estado Plurinacional de Bolivia, Augusto N. Wiese, Rep\u00fablica de Chile, Batalla de Jun\u00edn, Antinoo; 2do. Batalla de Tarapac\u00e1 (L), Coronel Francisco Bolognesi (L), Enrique Martinelli Tiz\u00f3n (L), Snow Cort 2 veces, Coronel Leoncio Prado, Vaduz, Augusto N. Wiese, Diario El Comercio, Rep\u00fablica Francesa, 3ro. Enrique Meiggs (G2), Alfredo Benavides y A. Benavides Diez Canseco (G3), Juan Magot Rosell\u00f3 (L), Antinoo, Comando \u00cdntimo, Marina de Guerra del Per\u00fa, Rep\u00fablica de Chile, Batalla de Jun\u00edn.<\/p>\n<p><strong>LADY KATHY<\/strong> (h, 2015) (Katharina, por Alpha Plus), 7 victorias, \u00d3scar Berckemeyer Pazos (G3), Carlos Palacios Villacampa; 2da. Enrique Aguinaga Asenjo (2 veces); 3ra. Roberto \u00c1lvarez Calder\u00f3n G. (L).<\/p>\n<p><strong>WILLHUM<\/strong> (m, 2016) (Filosof\u00eda, por Farall\u00f3n P), 11 victorias, Santor\u00edn (G3), R\u00edo Pallanga; 3ro. Post\u00edn (G2), Victoria de Tarapac\u00e1 (L), R\u00edo Pallanga, Marina de Guerra del Per\u00fa, Comando \u00cdntimo, Rep\u00fablica de Chile.<\/p>\n<p><strong>ANT\u00c1RTICO<\/strong> (m, 2012) (Starfleet, por Stallion), 4 victorias, Claudio Fern\u00e1ndez Concha (G3); 2do. Comando \u00cdntimo.<\/p>\n<p><strong>QURI SAM<\/strong> (h, 2017) (Quiz, por Quintill\u00f3n), 7 victorias, Mari July, Batalla de Ayacucho; 2da. Kimba, Bi\u00f3grafo. En la reproducci\u00f3n.<\/p>\n<p><strong>I HAVE A DREAM<\/strong> (h, 2015) (Fabella, por Farall\u00f3n P), 6 victorias, Rep\u00fablica de Corea, Kimba; 2da. Kimba, Maidenform; 3ra. Mari July (L). En la reproducci\u00f3n.<\/p>\n<p><strong>TEQUILA BLUE<\/strong> (h, 2013) (St. Justi, por Stack), 8 victorias, Maidenform; 2da. Post\u00edn (G2); 3ra. \u00d3scar Berckemeyer P. (G3), Felipe Pardo y Barreda (L).<\/p>\n<p><strong>PRINCESA CATA<\/strong> (h, 2012) (Sky Fama, por Stack), 4 victorias, Kimba; 2da. Batalla de Ayacucho (L), India Brava, Mari July, Santa Rosa de Lima, Luis Rodr\u00edguez Mari\u00e1tegui; 3ra. Rep\u00fablica Argentina (L), Brava 2 veces, Portadora, La Sambi.<\/p>\n<p><strong>REVOLUCI\u00d3N<\/strong> (h, 2016) (Faena, por Farall\u00f3n P), 6 victorias, Eduardo Escribens Correa; 2da. Augusto Mostajo Barrera (L), Texfina, H\u00e9roe Nacional Cap. FAP Jos\u00e9 A. Qui\u00f1ones; 3ra. Enrique Ayulo Pardo (G1), Hip\u00f3dromo de Santa Beatriz (L), Lady Shatzi &#8211; Gonzalo de la Puente y Lavalle.<\/p>\n<p><strong>TIESTO<\/strong> (m, 2013) (Facunda, por Farall\u00f3n P), 4 victorias, Libertador Sim\u00f3n Bol\u00edvar; 2do. Francisco Bolognesi (L); 3ro. Presidente de la Rep\u00fablica (G2), Miguel A. Checa Eguiguren (G3).<\/p>\n<p>Adem\u00e1s, es padre de <strong>RUMANA<\/strong>, <strong>RAPERO<\/strong>, <strong>WITHIN TEMPTATION<\/strong>, <strong>TONI KROOS<\/strong>, <strong>Godsprecious (G3)<\/strong>, <strong>Mi Thali (L)<\/strong>, <strong>Ukrania<\/strong>, <strong>Antuquito<\/strong>, <strong>Red Velvet<\/strong>, etc.<\/p>\n<p><strong>RIVIERA COCKTAIL<\/strong> es padre de 78 hembras. Abuelo de 14 nietos registrados, 10 debutantes, 7 ganadores, entre ellos: <strong>Balentino<\/strong> (2do. Grozny, etc.)[\/vc_column_text][\/vc_tta_section][vc_tta_section title=\u00bbEstad\u00edsticas\u00bb tab_id=\u00bb1677670513028-1f000dbd-5ff3&#8243;][vc_single_image image=\u00bb3725&#8243; img_size=\u00bbfull\u00bb alignment=\u00bbcenter\u00bb][\/vc_tta_section][vc_tta_section title=\u00bbGaler\u00eda\u00bb tab_id=\u00bb1677774347649-91be740c-f0d1&#8243;][vc_gallery type=\u00bbimage_grid\u00bb images=\u00bb2207,2416&#8243; img_size=\u00bbmedium\u00bb][\/vc_tta_section][\/vc_tta_tabs][\/vc_column][\/vc_row][vc_row full_width=\u00bbstretch_row_content\u00bb css=\u00bb.vc_custom_1681989376842{margin-top: 15px !important;}\u00bb][vc_column][vc_separator border_width=\u00bb2&#8243;][vc_empty_space height=\u00bb15px\u00bb][\/vc_column][\/vc_row][vc_row][vc_column][vc_separator style=\u00bbdouble\u00bb border_width=\u00bb2&#8243;][\/vc_column][\/vc_row]<\/p>\n","protected":false},"excerpt":{"rendered":"<p>[vc_row][vc_column][vc_separator border_width=\u00bb2&#8243;][vc_column_text css=\u00bb.vc_custom_1687941222850{margin-top: 50px !important;}\u00bb] RIVIERA COCKTAIL (EEUU) [\/vc_column_text][vc_empty_space][vc_single_image image=\u00bb2095&#8243; img_size=\u00bb750&#215;500&#8243; alignment=\u00bbcenter\u00bb][vc_tta_tabs shape=\u00bbsquare\u00bb spacing=\u00bb\u00bb alignment=\u00bbcenter\u00bb active_section=\u00bb1&#8243; no_fill_content_area=\u00bbtrue\u00bb][vc_tta_section title=\u00bbRese\u00f1a\u00bb tab_id=\u00bb1677670015874-8e1aa575-4f11&#8243;][vc_column_text el_class=\u00bbtexto-justificado\u00bb css=\u00bb.vc_custom_1769543750235{margin-top: 25px !important;}\u00bb]Riviera Cocktail es hijo de Giant\u2019s Causeway y Starry Dreamer (Rubiano) que acumul\u00f3 US$ 204.095 en premios. Gan\u00f3 el Contested Bid Stakes sobre la milla en el c\u00e9sped del Hip\u00f3dromo de Hollywood Park [&hellip;]<\/p>\n","protected":false},"author":1,"featured_media":0,"parent":0,"menu_order":0,"comment_status":"closed","ping_status":"closed","template":"","meta":{"_monsterinsights_skip_tracking":false,"_monsterinsights_sitenote_active":false,"_monsterinsights_sitenote_note":"","_monsterinsights_sitenote_category":0,"footnotes":""},"class_list":["post-2066","page","type-page","status-publish","hentry"],"aioseo_notices":[],"_links":{"self":[{"href":"https:\/\/ranchofatima.com\/index.php\/wp-json\/wp\/v2\/pages\/2066","targetHints":{"allow":["GET"]}}],"collection":[{"href":"https:\/\/ranchofatima.com\/index.php\/wp-json\/wp\/v2\/pages"}],"about":[{"href":"https:\/\/ranchofatima.com\/index.php\/wp-json\/wp\/v2\/types\/page"}],"author":[{"embeddable":true,"href":"https:\/\/ranchofatima.com\/index.php\/wp-json\/wp\/v2\/users\/1"}],"replies":[{"embeddable":true,"href":"https:\/\/ranchofatima.com\/index.php\/wp-json\/wp\/v2\/comments?post=2066"}],"version-history":[{"count":65,"href":"https:\/\/ranchofatima.com\/index.php\/wp-json\/wp\/v2\/pages\/2066\/revisions"}],"predecessor-version":[{"id":5302,"href":"https:\/\/ranchofatima.com\/index.php\/wp-json\/wp\/v2\/pages\/2066\/revisions\/5302"}],"wp:attachment":[{"href":"https:\/\/ranchofatima.com\/index.php\/wp-json\/wp\/v2\/media?parent=2066"}],"curies":[{"name":"wp","href":"https:\/\/api.w.org\/{rel}","templated":true}]}}