{"id":1976,"date":"2023-01-27T17:25:03","date_gmt":"2023-01-27T17:25:03","guid":{"rendered":"http:\/\/harasranchofatima.com\/?page_id=1976"},"modified":"2024-02-01T18:16:30","modified_gmt":"2024-02-01T18:16:30","slug":"dos-cracks-historicos","status":"publish","type":"page","link":"https:\/\/ranchofatima.com\/index.php\/about\/dos-cracks-historicos\/","title":{"rendered":"Dos Cracks Hist\u00f3ricos"},"content":{"rendered":"<p>[vc_row][vc_column][vc_separator border_width=\u00bb2&#8243;][\/vc_column][\/vc_row][vc_row][vc_column][vc_raw_html]JTNDbmF2JTIwY2xhc3MlM0QlMjJtZW51X2hhcmFzJTIyJTNFJTBBJTIwJTIwJTIwJTIwJTIwJTIwJTIwJTIwJTNDdWwlM0UlMEElMjAlMjAlMjAlMjAlMjAlMjAlMjAlMjAlMjAlMjAlMjAlMjAlMjAlMjAlMjAlM0NsaSUzRSUzQ2ElMjAlMEFocmVmJTNEJTIyaHR0cHMlM0ElMkYlMkZyYW5jaG9mYXRpbWEuY29tJTJGaW5kZXgucGhwJTJGYWJvdXQlMkZsb3MtaW5pY2lvcyUyRiUyMiUzRUxvcyUyMEluaWNpb3MlM0MlMkZhJTNFJTNDJTJGbGklM0UlMEElMDklMDklM0NsaSUzRSUzQ2ElMjBocmVmJTNEJTIyaHR0cHMlM0ElMkYlMkZyYW5jaG9mYXRpbWEuY29tJTJGaW5kZXgucGhwJTJGYWJvdXQlMkZsYXMteWVndWFzLWZ1bmRhZG9yYXMlMkYlMjIlM0VNYWRyZXMlMjBGdW5kYWRvcmFzJTNDJTJGYSUzRSUzQyUyRmxpJTNFJTBBJTA5JTA5JTBBJTA5JTA5JTNDbGklM0UlM0NhJTIwaHJlZiUzRCUyMmh0dHBzJTNBJTJGJTJGcmFuY2hvZmF0aW1hLmNvbSUyRmluZGV4LnBocCUyRmFib3V0JTJGbG9zLXBhZHJpbGxvcyUyRiUyMiUzRUxvcyUyMFBhZHJpbGxvcyUzQyUyRmElM0UlM0MlMkZsJTNFJTBBJTA5JTA5JTNDbGklM0UlM0NhJTIwaHJlZiUzRCUyMmh0dHBzJTNBJTJGJTJGcmFuY2hvZmF0aW1hLmNvbSUyRmluZGV4LnBocCUyRmFib3V0JTJGcHJlc2VuY2lhLWludGVybmFjaW9uYWwlMkYlMjIlM0VQcmVzZW5jaWElMjBJbnRlcm5hY2lvbmFsJTNDJTJGYSUzRSUzQyUyRmxpJTNFJTBBJTA5JTA5JTNDbGklM0UlM0NhJTIwaHJlZiUzRCUyMmh0dHBzJTNBJTJGJTJGcmFuY2hvZmF0aW1hLmNvbSUyRmluZGV4LnBocCUyRmFib3V0JTJGbG9zLWdyYW5kZXMtdHJpdW5mb3MtY2xhc2ljb3MlMkYlMjIlM0VHcmFuZGVzJTIwVHJpdW5mb3MlM0MlMkZhJTNFJTNDJTJGbGklM0UlMEElMjAlMjAlMjAlMjAlMjAlMjAlMjAlMjAlMjAlMjAlMjAlMjAlMjAlMjAlMjAlMjAlM0NsaSUzRSUzQ2ElMjBocmVmJTNEJTIyaHR0cHMlM0ElMkYlMkZyYW5jaG9mYXRpbWEuY29tJTJGaW5kZXgucGhwJTJGYWJvdXQlMkZlbC1wcmVzZW50ZSUyRiUyMiUzRUVsJTIwUHJlc2VudGUlM0MlMkZhJTNFJTNDJTJGbGklM0UlMEElM0NsaSUzRSUzQ2ElMjBocmVmJTNEJTIyaHR0cHMlM0ElMkYlMkZyYW5jaG9mYXRpbWEuY29tJTJGaW5kZXgucGhwJTJGYWJvdXQlMkZsb3MtbWVqb3JlcyUyRiUyMiUzRUxvcyUyME1lam9yZXMlM0MlMkZhJTNFJTNDJTJGbGklM0UlMEElMjAlM0MlMkZ1bCUzRSUwQSUyMCUyMCUyMCUyMCUzQyUyRm5hdiUzRQ==[\/vc_raw_html][\/vc_column][\/vc_row][vc_row][vc_column]<h2 class=\"sc_title sc_title_regular margin_top_medium\" style=\"color:#000000;\">Dos Cracks Hist\u00f3ricos<\/h2>[\/vc_column][\/vc_row][vc_row][vc_column][vc_column_text css=\u00bb.vc_custom_1677856690521{margin-top: 25px !important;}\u00bb el_class=\u00bbtexto-justificado\u00bb]De la larga lista de grandes caballos que nacieron y se criaron en el Haras Rancho F\u00e1tima hubo dos verdaderos <em>cracks <\/em>que marcaron hitos importantes en la historia de la h\u00edpica peruana: Stash y St. Bernadette, cada uno con una campa\u00f1a espectacular que los llev\u00f3 a ser \u00edconos de nuestro turf.[\/vc_column_text][vc_empty_space][\/vc_column][\/vc_row][vc_row][vc_column]<h1 class=\"sc_title sc_title_regular margin_top_tiny\" style=\"color:#000000;\"><\/p>\n<h5><strong>STASH: SEGUNDO Y \u00daLTIMO CU\u00c1DRUPLE CORONADO <\/strong><\/h5>\n<p><\/h1>[vc_single_image image=\u00bb2131&#8243; img_size=\u00bb750&#215;500&#8243; alignment=\u00bbcenter\u00bb css=\u00bb.vc_custom_1683816956652{margin-top: 20px !important;}\u00bb][\/vc_column][\/vc_row][vc_row][vc_column][vc_column_text css=\u00bb.vc_custom_1677856698086{margin-top: 15px !important;}\u00bb el_class=\u00bbtexto-justificado\u00bb]La historia de <strong>STASH <\/strong>fue sensacional desde su inicio. Era un vistoso y bien con\u00adformado alaz\u00e1n cariblanco, hijo de Stack (EEUU, Nijinsky II) y S\u00edmper (EEUU) por Recupere, nacido el 1 de enero de 1989 y de propiedad del Stud Azul Marino. La citada caballeriza se hizo del prometedor producto canje\u00e1ndolo por la yegua No Me Sigan (Stallion), criada tambi\u00e9n en el Haras Rancho F\u00e1tima en Puente Piedra, y que finalmente se incorpor\u00f3 como yegua madre. Ella fue elegida Campeona Adulta en 1990. Descendiente de la l\u00ednea fundadora de Sovereign Rose (IRL, Sovereign Path), gan\u00f3 catorce carreras, inclusive el Cl\u00e1sico Competencia (G1).<\/p>\n<p>Stash mostr\u00f3 precocidad y velocidad en sus aprontes iniciales. Debut\u00f3 el 6 de julio de 1991 en una condicional para dosa\u00f1eros no ganadores sobre 1.000 metros. Entrenado por Eduardo Pianezzi y montado por Christian Arredondo lleg\u00f3 tercero de Terek (Rox) a 2 1\/4 cuerpos. El 27 de agosto de 1991, luego de otros dos plac\u00e9s, lleg\u00f3 la primera victoria. El Cl\u00e1sico Carlos II Watson y Eduardo F.G. Watson (1.200m) era su cuarta actuaci\u00f3n y el potrillo demostr\u00f3 su real val\u00eda. Montado por Luis Ranilla, Stash super\u00f3 un obst\u00e1culo en la recta final para llevarse el triunfo luego de una poderosa atropellada. Super\u00f3 por 1 cuerpo al americano Caro Cuore (EEUU, Eternal Prince) que estorb\u00f3 al pupilo del Stud Azul Marino a 300m de la meta.<\/p>\n<p>Tras ello, Pianezzi lo alist\u00f3 para el Cl\u00e1sico Selecci\u00f3n de Padrillos (1.300m), del 20 de octubre. All\u00ed, siempre con Ranilla en controles, demostr\u00f3 y convenci\u00f3 con su paso en\u00e9rgico. Pas\u00f3 de largo y estableci\u00f3 6 cuerpos sobre Don Azzaro (Absoslewtely). Ese progreso deb\u00eda ratificarlo el 22 de diciembre en la Copa de Oro, la \u00faltima gran carrera para los dosa\u00f1eros de 1991. La prueba se le hizo muy complicada con varios problemas de tr\u00e1fico, y pese a que pudo avanzar en el final con la monta de Ranilla, solo qued\u00f3 tercero a 1 1\/2 cuerpos de Lord Jack (Piz Buin).<\/p>\n<p>Tras un debut de temporada, donde nuevamente consigui\u00f3 un segundo puesto, empez\u00f3 a destacar enormemente como el mejor de su generaci\u00f3n. Lo demostr\u00f3 el 15 de febrero cuando gan\u00f3 el Cl\u00e1sico Jos\u00e9 Soyer Nash (1.500m) sobre Don Jorgito (Vaduz), pasando a ser valiosa carta para la Polla de Potrillos (G1) de 1992. Esa primera corona lleg\u00f3 el 19 de abril. Stash apareci\u00f3 firme en la recta final y dio cuenta de Cardinale (Cashel Prince) que fue un gran adversario. El brioso alaz\u00e1n, esta vez montado por Adolfo Morales, hab\u00eda alcanzado su mejor nivel ratificando lo hecho en las competencias previas a las esperadas coronas de la generaci\u00f3n. Al mes si\u00adguiente, el 24 de mayo, Stash dijo su verdad cuando fue a las dos curvas del Cl\u00e1sico Ricardo Ortiz de Zevallos (G1). Los 2.000 metros permitieron ver el crecimiento de un potrillo espectacular cuando apareci\u00f3 nuevamente por mitad de pista para dar caza a Cardinale y ganarlo por 1 3\/4 cuerpos.<\/p>\n<p>Lleg\u00f3 la tarde del 5 de julio de 1992 y Stash sali\u00f3 a confirmar que era el mejor de la generaci\u00f3n. Parti\u00f3 como favorito en el Gran Derby Nacional (G1) y sus severos 2.400 metros. Una enorme expectativa rodeaba su presentaci\u00f3n en la prueba insignia de la generaci\u00f3n con tribunas colmadas aguardando al prometedor juvenil. Adolfo Mora\u00adles volvi\u00f3 a lucir su depurado estilo con el alaz\u00e1n del Stud Azul Marino y avanz\u00f3 por mitad de pista para superar muy cerca de la meta a Cardinale, estirando 1 cuerpo de ventaja. La algarab\u00eda fue total en las tribunas del Hip\u00f3dromo de Monterrico vitorean\u00addo al nuevo crack. A cabeza del plac\u00e9 lleg\u00f3 la potranca Camiunch (EEUU, Rumbo), que hab\u00eda ganado las dos primeras coronas para las potrancas tresa\u00f1eras.<\/p>\n<p>El 9 de agosto se disput\u00f3 la cuarta corona, el GPN Augusto B. Legu\u00eda (G1) sobre 2.600 metros en la grama, y la expectativa que reinaba alrededor de la nueva pre\u00adsentaci\u00f3n de Stash era enorme. Est\u00e1bamos ante la posibilidad, veinte a\u00f1os despu\u00e9s, de que un caballo pudiera unir la ruta de la Cu\u00e1druple Corona que no se lograba desde 1972 cuando Santor\u00edn (Biomydrin) complet\u00f3 la haza\u00f1a. Hab\u00eda llegado el turno de ratificar, en el c\u00e9sped, lo hecho anteriormente en la arena. El planteamiento esta vez fue diferente. Lo decidieron llevar cerca de la vanguardia desde los metros ini\u00adciales y en la recta final sostuvo la punta con hidalgu\u00eda frente al potente descuento de Camiunch. Ambos se trenzaron en una disputa intensa por la victoria desde los \u00faltimos 120 metros llevando al frenes\u00ed a los aficionados. Al final, una cabeza de ven\u00adtaja a favor del potrillo sellaba una victoria inigualable. Luego de dos d\u00e9cadas, un caballo criado en el Per\u00fa lograba la haza\u00f1a de convertirse en cu\u00e1druple coronado.<\/p>\n<p>Tras ello, lleg\u00f3 la invitaci\u00f3n de las autoridades del Hip\u00f3dromo de San Isidro para estar presente en el GPI Carlos Pellegrini (G1). Stash fue el abanderado de esa de\u00adlegaci\u00f3n. Semanas antes, el Stud Azul Marino hab\u00eda terminado relaci\u00f3n con Eduardo Pianezzi y el caballo hab\u00eda sido puesto en manos del tambi\u00e9n sapiente Miguel Salas. Lamentablemente, el campe\u00f3n hizo gala de su fuerte temperamento y demor\u00f3 su ingreso al partidor del hip\u00f3dromo bonaerense, por lo que fue retirado.<\/p>\n<p>Por esos d\u00edas del Pellegrini se conoci\u00f3 que el Hip\u00f3dromo de La Rinconada no iba a poder organizar el GPI Latinoamericano (G1) de marzo del a\u00f1o siguiente y el encargo recay\u00f3 en Per\u00fa, que acept\u00f3 el reto.<\/p>\n<p>Con ello se decidi\u00f3 que el cu\u00e1druple coronado nacional, que no hab\u00eda podido lucirse en una prueba internacional, se luciera ahora corriendo de local. Retorn\u00f3 a Per\u00fa y en enero de 1993 corri\u00f3 el Cl\u00e1sico Ciudad de Lima (G2), sobre 2.000 metros. La carrera la gan\u00f3 de punta a punta Kimberley (Vaduz), en una magistral conducci\u00f3n de Ricardo Quispe, quien llev\u00f3 al mil\u00edmetro a su caballo y pudo unir partida y llegada de un solo aliento. Stash hab\u00eda ca\u00eddo por 1 cuerpo de ventaja, pero su 2do lugar lo dejaba pr\u00e1cticamente clasificado al Latino. Miguel Salas opt\u00f3 por cambiarle el siste\u00adma de entrenamiento. El alaz\u00e1n comenz\u00f3 a mostrar problemas porque no sudaba y fue cuando el experimentado preparador le coloc\u00f3 montura para los aprontes, algo que en su momento no necesitaba porque el hijo de Stack era muy cotejero y mar\u00adcaba tiempos sensacionales en los ejercicios matinales. A ra\u00edz de estos problemas, Salas decidi\u00f3 no ir a la segunda prueba de clasificaci\u00f3n, el Pedro Garc\u00eda Mir\u00f3. Esta se corri\u00f3 al mes siguiente y la gan\u00f3 el caballo Pup (Lutz).<\/p>\n<p>El 14 de marzo de 1993, Monterrico se visti\u00f3 de gala con motivo de la decimotercera edici\u00f3n del GPI Latinoamericano (G1). Stash, esta vez con la monta de Edwin Tala\u00adverano, enfrentaba por primera vez a Pup, la otra estrella de la generaci\u00f3n que no hab\u00eda podido correr la cu\u00e1druple corona, as\u00ed como a caballos destacados de Chile y Argentina. Los representantes de Brasil y Uruguay finalmente no llegaron a la cita, as\u00ed como tampoco Kimberly que tuvo un problema en uno de sus tendones. Esa tarde, Stash fue el puntero de la carrera y se desenvolvi\u00f3 de forma avasalladora. Era la primera vez que lideraba el lote, fruto de la estrategia del preparador y jinete frente al enorme reto. Talaverano lo condujo con tranquilidad y en la recta hizo explotar su calidad. El caballo campe\u00f3n, el cu\u00e1druple coronado, se escapaba para ganar por 5 1\/2 cuerpos la gran carrera continental. Cayumanque (CHI, El Morgon) y Barrio Chino (CHI, Roy) terminaron siendo sus escoltas. El primero de estos fue a Argentina y gan\u00f3 el GP Rep\u00fablica Argentina (G1) y el segundo regres\u00f3 a su pa\u00eds natal para dominar el escenario entre los fondistas y ser elegido Campe\u00f3n Adulto en 1993. A\u00f1os m\u00e1s tarde regres\u00f3 al Per\u00fa como padrillo.<\/p>\n<p>La victoria de Stash lo llev\u00f3 a lo m\u00e1s alto en la h\u00edpica latinoamericana. Llegaron ofrecimientos por el caballo, pero lamentablemente ninguno se pudo concretar. Stash tuvo un traspi\u00e9 en su entrenamiento y eso anticip\u00f3 su retiro de las pistas. No hab\u00eda necesidad de demostrar m\u00e1s. Fue llevado a la crianza y con pocas oportunida\u00addes extendi\u00f3 su calidad produciendo varios ganadores cl\u00e1sicos, como <strong>PALESTINO<\/strong>, <strong>GRAN RETRATISTA<\/strong>, <strong>STICH<\/strong>, <strong>FAVORITE STRIDER<\/strong>, entre otros.[\/vc_column_text][vc_empty_space][\/vc_column][\/vc_row][vc_row][vc_column]<h1 class=\"sc_title sc_title_regular margin_top_tiny margin_bottom_tiny\" style=\"color:#000000;\"><\/p>\n<h5><strong>ST. BERNADETTE: LA REINA DEL C\u00c9SPED <\/strong><\/h5>\n<p><\/h1>[vc_single_image image=\u00bb2132&#8243; img_size=\u00bb750&#215;500&#8243; alignment=\u00bbcenter\u00bb css=\u00bb.vc_custom_1683816904633{margin-top: 15px !important;}\u00bb][\/vc_column][\/vc_row][vc_row][vc_column][vc_column_text css=\u00bb.vc_custom_1677856708683{margin-top: 15px !important;}\u00bb el_class=\u00bbtexto-justificado\u00bb]Considerada la mejor yegua pastera de Monterrico de todos los tiempos, St. Berna\u00addette (Berry\u2019s Noble y Top Lass) fue una muy bien conformada alazana cariblanca, nacida el 10 de abril de 1996, reservada para defender los colores del Stud Haras Rancho F\u00e1tima. Hija del sensacional Berry\u2019s Noble, un linajudo padrillo nieto de la matrona peruana Pamplona (Post\u00edn), importado por el Haras Rancho F\u00e1tima y que ya hab\u00eda dado a Noble Sharon, m\u00faltiple ganadora cl\u00e1sica (diez) y de grupo (cinco). La madre de St. Bernadette era la argentina Top Lass (Tan Pronto), criada en Rancho Luj\u00e1n (Argentina) e importada como producto. Gan\u00f3 seis carreras y obtuvo cinco plac\u00e9s en solo diecis\u00e9is actuaciones en Monterrico.<\/p>\n<p>St. Bernadette debut\u00f3 el 6 de diciembre de 1998 en una condicional para dosa\u00f1eras sobre 1.400 metros. La mont\u00f3 David Cora y lleg\u00f3 fuera de marcador. En su siguiente presentaci\u00f3n, el 25 de diciembre, corri\u00f3 el Cl\u00e1sico Marcial (1.800mC) y la yegua se super\u00f3 notablemente. Fue su primera incursi\u00f3n en el pasto, y con Alfredo Clemente en los controles se impuso por contundentes 5 cuerpos de ventaja. Con ello cerr\u00f3 su corta campa\u00f1a de dos a\u00f1os.<\/p>\n<p>Para 1999, ya con 3 a\u00f1os, demostr\u00f3 su total capacidad. Tuvo debut de temporada con un plac\u00e9 en una condicional sobre 1.800 metros en la grama y el 17 de abril corri\u00f3 el Cl\u00e1sico Libertador Jos\u00e9 de San Mart\u00edn (L), la primera corona del c\u00e9sped para hembras. Luego de una imparable atropellada, se estir\u00f3 para establecer 15 1\/2 cuerpos de separaci\u00f3n, marcando 1min48s3 para la distancia. En la silla de la pupila de Juan Su\u00e1rez se luc\u00eda el maestro Julio Pez\u00faa. En medio de enorme expectativa fue anotada en el Cl\u00e1sico Miguel Fort Magot (G3), del 22 de mayo. No solo ratific\u00f3 su amplia superioridad sobre las potrancas grameras de su generaci\u00f3n, sino que sigui\u00f3 progresando y estir\u00f3 17 1\/2 cuerpos, estampando el tiempo de 2min04s1 para los 2.000 metros. En esa oportunidad la alazana tuvo en su silla a Carlos Hern\u00e1ndez. No hab\u00eda duda de que est\u00e1bamos ante la mejor potranca de la generaci\u00f3n en la grama, pero el 26 de junio ten\u00eda que medirse a los machos en el Cl\u00e1sico Post\u00edn (G2), so\u00adbre 2.400 metros, para ratificar tal condici\u00f3n. Tampoco tuvo problemas. Con Carlos Hern\u00e1ndez en la montura, el resultado fue un apabullante triunfo de punta a punta por 6 3\/4 cuerpos, cerrando el crono en 2min30s2, exponiendo tener velocidades, fondo y potencia final.<\/p>\n<p>Lleg\u00f3 la cita del GPN Augusto B. Legu\u00eda (G1), el 5 de septiembre de 1999. La expec\u00adtativa era enorme porque la reina de la pista de c\u00e9sped deb\u00eda medirse con la triple coronada de la arena, Batuka (EEUU, Bates Motel) \u2013 titular de la Polla de Potrancas (G1), Enrique Ayulo Pardo (G1) y Gran Derby Nacional (G1) \u2013 que ya hab\u00eda sido vendi\u00adda a los Estados Unidos. Era un choque sensacional, y el p\u00fablico respondi\u00f3 llenando las tribunas de Monterrico. La carrera fue la ratificaci\u00f3n de la calidad de la hija de Berry\u2019s Noble. Nuevamente con Julio Pez\u00faa en su silla, impuso su paso arrollador y venci\u00f3 por 8 cuerpos a Clapton (EEUU, Fly So Free) en 2min53s4 para 2.800 metros, dejando a 10 largos a la campeona de la arena. Fue la primera vez que un purasan\u00adgre hilvanaba las cuatro grandes pruebas de la grama para los productos de 3 a\u00f1os.<\/p>\n<p>Con tremenda campa\u00f1a, el paso siguiente era intentar mejores horizontes. Se decidi\u00f3 llevarla entonces a Estados Unidos, donde debut\u00f3 el 7 de noviembre en el Pe\u00adbbles Stakes (1.700mC) disputado en Gulfstream Park. Pese a no ser una distancia ideal para ella, con Julio Pez\u00faa en la montura, lleg\u00f3 a 4 3\/4 cuerpos de Pico Tenerife (EEUU, Red Ransom). Esta \u00faltima luego ser\u00eda doble ganadora cl\u00e1sica de Grupo y productora del sensacional Marchfield (CAN, A.P. Indy), por lo que fue elegida Ye\u00adgua Madre del A\u00f1o en Canad\u00e1. St. Bernadette corri\u00f3 posteriormente el My Charmer Handicap (G3-1.800mC) el 4 de diciembre en Calder y, superando algunos tropiezos, montada por Alfredo Clemente, lleg\u00f3 a 6 3\/4 cuerpos tras venir muy cerca desde la partida. Acto seguido, el 26 de diciembre, en el mismo hip\u00f3dromo, disput\u00f3 La Prevo\u00adyante Handicap (G2-2.400mC) y conquist\u00f3 la mejor actuaci\u00f3n de su corta campa\u00f1a en EEUU. Lleg\u00f3 tercera, a solo 3 cuerpos de Coretta (IRL, Caerleon), yegua que ven\u00eda de perder por menos de 1 cuerpo la Breeder\u2019s Cup Filly And Mare Turf (G1).<\/p>\n<p>St. Bernadette tuvo luego un problema de salud que la sac\u00f3 de escena y reapareci\u00f3 al a\u00f1o, corriendo dos cl\u00e1sicos m\u00e1s en Estados Unidos, donde no pudo figurar. Se decidi\u00f3, entonces, retirarla del entrenamiento y aprovecharla para la crianza. Se reimport\u00f3 para el Per\u00fa y entre las cr\u00edas que produjo destac\u00f3 <strong>LAUDETTE <\/strong>(Laubali), ganadora del Cl\u00e1sico Mari July (L), tres veces plac\u00e9 cl\u00e1sico en la pista de c\u00e9sped y madre de la plac\u00e9 cl\u00e1sico <strong>Elendil <\/strong>(Eye On Jacob).[\/vc_column_text][vc_empty_space][\/vc_column][\/vc_row][vc_row css=\u00bb.vc_custom_1678877331517{margin-top: 50px !important;}\u00bb][vc_column width=\u00bb1\/2&#8243;]<a href=\"https:\/\/ranchofatima.com\/index.php\/about\/los-padrillos\/\" class=\"sc_button sc_button_square sc_button_style_filled sc_button_size_small alignleft  sc_button_iconed icon-reply\">Los Padrillos<\/a>[\/vc_column][vc_column width=\u00bb1\/2&#8243;]<a href=\"https:\/\/ranchofatima.com\/index.php\/about\/presencia-internacional\/\" class=\"sc_button sc_button_square sc_button_style_filled sc_button_size_small alignright  sc_button_iconed icon-forward\">Presencia Internacional<\/a>[\/vc_column][\/vc_row][vc_row full_width=\u00bbstretch_row_content\u00bb][vc_column][vc_separator border_width=\u00bb2&#8243;][vc_empty_space height=\u00bb15px\u00bb][\/vc_column][\/vc_row][vc_row][vc_column][vc_separator style=\u00bbdouble\u00bb border_width=\u00bb2&#8243;][\/vc_column][\/vc_row]<\/p>\n","protected":false},"excerpt":{"rendered":"<p>[vc_row][vc_column][vc_separator border_width=\u00bb2&#8243;][\/vc_column][\/vc_row][vc_row][vc_column][vc_raw_html]JTNDbmF2JTIwY2xhc3MlM0QlMjJtZW51X2hhcmFzJTIyJTNFJTBBJTIwJTIwJTIwJTIwJTIwJTIwJTIwJTIwJTNDdWwlM0UlMEElMjAlMjAlMjAlMjAlMjAlMjAlMjAlMjAlMjAlMjAlMjAlMjAlMjAlMjAlMjAlM0NsaSUzRSUzQ2ElMjAlMEFocmVmJTNEJTIyaHR0cHMlM0ElMkYlMkZyYW5jaG9mYXRpbWEuY29tJTJGaW5kZXgucGhwJTJGYWJvdXQlMkZsb3MtaW5pY2lvcyUyRiUyMiUzRUxvcyUyMEluaWNpb3MlM0MlMkZhJTNFJTNDJTJGbGklM0UlMEElMDklMDklM0NsaSUzRSUzQ2ElMjBocmVmJTNEJTIyaHR0cHMlM0ElMkYlMkZyYW5jaG9mYXRpbWEuY29tJTJGaW5kZXgucGhwJTJGYWJvdXQlMkZsYXMteWVndWFzLWZ1bmRhZG9yYXMlMkYlMjIlM0VNYWRyZXMlMjBGdW5kYWRvcmFzJTNDJTJGYSUzRSUzQyUyRmxpJTNFJTBBJTA5JTA5JTBBJTA5JTA5JTNDbGklM0UlM0NhJTIwaHJlZiUzRCUyMmh0dHBzJTNBJTJGJTJGcmFuY2hvZmF0aW1hLmNvbSUyRmluZGV4LnBocCUyRmFib3V0JTJGbG9zLXBhZHJpbGxvcyUyRiUyMiUzRUxvcyUyMFBhZHJpbGxvcyUzQyUyRmElM0UlM0MlMkZsJTNFJTBBJTA5JTA5JTNDbGklM0UlM0NhJTIwaHJlZiUzRCUyMmh0dHBzJTNBJTJGJTJGcmFuY2hvZmF0aW1hLmNvbSUyRmluZGV4LnBocCUyRmFib3V0JTJGcHJlc2VuY2lhLWludGVybmFjaW9uYWwlMkYlMjIlM0VQcmVzZW5jaWElMjBJbnRlcm5hY2lvbmFsJTNDJTJGYSUzRSUzQyUyRmxpJTNFJTBBJTA5JTA5JTNDbGklM0UlM0NhJTIwaHJlZiUzRCUyMmh0dHBzJTNBJTJGJTJGcmFuY2hvZmF0aW1hLmNvbSUyRmluZGV4LnBocCUyRmFib3V0JTJGbG9zLWdyYW5kZXMtdHJpdW5mb3MtY2xhc2ljb3MlMkYlMjIlM0VHcmFuZGVzJTIwVHJpdW5mb3MlM0MlMkZhJTNFJTNDJTJGbGklM0UlMEElMjAlMjAlMjAlMjAlMjAlMjAlMjAlMjAlMjAlMjAlMjAlMjAlMjAlMjAlMjAlMjAlM0NsaSUzRSUzQ2ElMjBocmVmJTNEJTIyaHR0cHMlM0ElMkYlMkZyYW5jaG9mYXRpbWEuY29tJTJGaW5kZXgucGhwJTJGYWJvdXQlMkZlbC1wcmVzZW50ZSUyRiUyMiUzRUVsJTIwUHJlc2VudGUlM0MlMkZhJTNFJTNDJTJGbGklM0UlMEElM0NsaSUzRSUzQ2ElMjBocmVmJTNEJTIyaHR0cHMlM0ElMkYlMkZyYW5jaG9mYXRpbWEuY29tJTJGaW5kZXgucGhwJTJGYWJvdXQlMkZsb3MtbWVqb3JlcyUyRiUyMiUzRUxvcyUyME1lam9yZXMlM0MlMkZhJTNFJTNDJTJGbGklM0UlMEElMjAlM0MlMkZ1bCUzRSUwQSUyMCUyMCUyMCUyMCUzQyUyRm5hdiUzRQ==[\/vc_raw_html][\/vc_column][\/vc_row][vc_row][vc_column][\/vc_column][\/vc_row][vc_row][vc_column][vc_column_text css=\u00bb.vc_custom_1677856690521{margin-top: 25px !important;}\u00bb el_class=\u00bbtexto-justificado\u00bb]De la larga lista de grandes caballos que nacieron y se criaron en el Haras Rancho F\u00e1tima hubo dos verdaderos cracks que marcaron hitos importantes en la historia de la h\u00edpica peruana: Stash y St. Bernadette, cada uno con una campa\u00f1a espectacular que los llev\u00f3 a ser \u00edconos de nuestro [&hellip;]<\/p>\n","protected":false},"author":1,"featured_media":0,"parent":447,"menu_order":0,"comment_status":"closed","ping_status":"closed","template":"","meta":{"_monsterinsights_skip_tracking":false,"_monsterinsights_sitenote_active":false,"_monsterinsights_sitenote_note":"","_monsterinsights_sitenote_category":0,"footnotes":""},"class_list":["post-1976","page","type-page","status-publish","hentry"],"aioseo_notices":[],"_links":{"self":[{"href":"https:\/\/ranchofatima.com\/index.php\/wp-json\/wp\/v2\/pages\/1976","targetHints":{"allow":["GET"]}}],"collection":[{"href":"https:\/\/ranchofatima.com\/index.php\/wp-json\/wp\/v2\/pages"}],"about":[{"href":"https:\/\/ranchofatima.com\/index.php\/wp-json\/wp\/v2\/types\/page"}],"author":[{"embeddable":true,"href":"https:\/\/ranchofatima.com\/index.php\/wp-json\/wp\/v2\/users\/1"}],"replies":[{"embeddable":true,"href":"https:\/\/ranchofatima.com\/index.php\/wp-json\/wp\/v2\/comments?post=1976"}],"version-history":[{"count":34,"href":"https:\/\/ranchofatima.com\/index.php\/wp-json\/wp\/v2\/pages\/1976\/revisions"}],"predecessor-version":[{"id":3536,"href":"https:\/\/ranchofatima.com\/index.php\/wp-json\/wp\/v2\/pages\/1976\/revisions\/3536"}],"up":[{"embeddable":true,"href":"https:\/\/ranchofatima.com\/index.php\/wp-json\/wp\/v2\/pages\/447"}],"wp:attachment":[{"href":"https:\/\/ranchofatima.com\/index.php\/wp-json\/wp\/v2\/media?parent=1976"}],"curies":[{"name":"wp","href":"https:\/\/api.w.org\/{rel}","templated":true}]}}