{"id":1971,"date":"2023-01-27T16:29:17","date_gmt":"2023-01-27T16:29:17","guid":{"rendered":"http:\/\/harasranchofatima.com\/?page_id=1971"},"modified":"2026-02-14T16:57:07","modified_gmt":"2026-02-14T16:57:07","slug":"presencia-internacional","status":"publish","type":"page","link":"https:\/\/ranchofatima.com\/index.php\/about\/presencia-internacional\/","title":{"rendered":"Presencia Internacional"},"content":{"rendered":"<p>[vc_row][vc_column][vc_separator border_width=\u00bb2&#8243;][\/vc_column][\/vc_row][vc_row][vc_column][vc_raw_html]JTNDbmF2JTIwY2xhc3MlM0QlMjJtZW51X2hhcmFzJTIyJTNFJTBBJTIwJTIwJTIwJTIwJTIwJTIwJTIwJTIwJTNDdWwlM0UlMEElMjAlMjAlMjAlMjAlMjAlMjAlMjAlMjAlMjAlMjAlMjAlMjAlMjAlMjAlMjAlM0NsaSUzRSUzQ2ElMjAlMEFocmVmJTNEJTIyaHR0cHMlM0ElMkYlMkZyYW5jaG9mYXRpbWEuY29tJTJGaW5kZXgucGhwJTJGYWJvdXQlMkZsb3MtaW5pY2lvcyUyRiUyMiUzRUxvcyUyMEluaWNpb3MlM0MlMkZhJTNFJTNDJTJGbGklM0UlMEElMDklMDklM0NsaSUzRSUzQ2ElMjBocmVmJTNEJTIyaHR0cHMlM0ElMkYlMkZyYW5jaG9mYXRpbWEuY29tJTJGaW5kZXgucGhwJTJGYWJvdXQlMkZsYXMteWVndWFzLWZ1bmRhZG9yYXMlMkYlMjIlM0VNYWRyZXMlMjBGdW5kYWRvcmFzJTNDJTJGYSUzRSUzQyUyRmxpJTNFJTBBJTA5JTA5JTBBJTA5JTA5JTNDbGklM0UlM0NhJTIwaHJlZiUzRCUyMmh0dHBzJTNBJTJGJTJGcmFuY2hvZmF0aW1hLmNvbSUyRmluZGV4LnBocCUyRmFib3V0JTJGbG9zLXBhZHJpbGxvcyUyRiUyMiUzRUxvcyUyMFBhZHJpbGxvcyUzQyUyRmElM0UlM0MlMkZsJTNFJTBBJTA5JTA5JTNDbGklM0UlM0NhJTIwaHJlZiUzRCUyMmh0dHBzJTNBJTJGJTJGcmFuY2hvZmF0aW1hLmNvbSUyRmluZGV4LnBocCUyRmFib3V0JTJGZG9zLWNyYWNrcy1oaXN0b3JpY29zJTJGJTIyJTNFRG9zJTIwQ3JhY2tzJTIwSGlzdCVDMyVCM3JpY29zJTNDJTJGYSUzRSUzQyUyRmxpJTNFJTBBJTA5JTA5JTNDbGklM0UlM0NhJTIwaHJlZiUzRCUyMmh0dHBzJTNBJTJGJTJGcmFuY2hvZmF0aW1hLmNvbSUyRmluZGV4LnBocCUyRmFib3V0JTJGbG9zLWdyYW5kZXMtdHJpdW5mb3MtY2xhc2ljb3MlMkYlMjIlM0VHcmFuZGVzJTIwVHJpdW5mb3MlM0MlMkZhJTNFJTNDJTJGbGklM0UlMEElMjAlMjAlMjAlMjAlMjAlMjAlMjAlMjAlMjAlMjAlMjAlMjAlMjAlMjAlMjAlMjAlM0NsaSUzRSUzQ2ElMjBocmVmJTNEJTIyaHR0cHMlM0ElMkYlMkZyYW5jaG9mYXRpbWEuY29tJTJGaW5kZXgucGhwJTJGYWJvdXQlMkZlbC1wcmVzZW50ZSUyRiUyMiUzRUVsJTIwUHJlc2VudGUlM0MlMkZhJTNFJTNDJTJGbGklM0UlMEElM0NsaSUzRSUzQ2ElMjBocmVmJTNEJTIyaHR0cHMlM0ElMkYlMkZyYW5jaG9mYXRpbWEuY29tJTJGaW5kZXgucGhwJTJGYWJvdXQlMkZsb3MtbWVqb3JlcyUyRiUyMiUzRUxvcyUyME1lam9yZXMlM0MlMkZhJTNFJTNDJTJGbGklM0UlMEElMjAlM0MlMkZ1bCUzRSUwQSUyMCUyMCUyMCUyMCUzQyUyRm5hdiUzRQ==[\/vc_raw_html][\/vc_column][\/vc_row][vc_row][vc_column]<h2 class=\"sc_title sc_title_regular margin_top_small\" style=\"color:#000000;\">Presencia Internacional<\/h2>[vc_empty_space][\/vc_column][\/vc_row][vc_row][vc_column][vc_column_text el_class=\u00bbtexto-justificado\u00bb css=\u00bb.vc_custom_1677856969306{margin-top: 20px !important;}\u00bb]Los \u00e9xitos del Haras Rancho F\u00e1tima no s\u00f3lo se vieron en el \u00e1mbito local. El crecimiento y consolidaci\u00f3n de las operaciones en Per\u00fa incentivaron a su fundador, Jaime Rizo Patr\u00f3n R., a expandirse a otras plazas donde tambi\u00e9n impuso su sello de calidad.[\/vc_column_text][\/vc_column][\/vc_row][vc_row][vc_column]<h5 class=\"sc_title sc_title_regular margin_top_small\" style=\"color:#000000;\"><strong>HARAS RANCHO LUJAN \u2013 ARG. <\/strong><\/h5>[\/vc_column][\/vc_row][vc_row css=\u00bb.vc_custom_1680103698338{margin-top: 15px !important;}\u00bb][vc_column][vc_column_text css=\u00bb.vc_custom_1687941835681{margin-top: 15px !important;}\u00bb el_class=\u00bbtexto-justificado\u00bb]Debido a su cercana relaci\u00f3n con el turf argentino, en la d\u00e9cada de 1970 abri\u00f3 en la provincia de Buenos Aires el <strong>Stud y Haras Rancho Luj\u00e1n <\/strong>produciendo caballos carrera que no solo fueron importantes en la pujante h\u00edpica albiceleste, sino que tambi\u00e9n mejoraron la raza purasangre en el Per\u00fa con las importaciones realizadas. El Haras Rancho Luj\u00e1n tuvo a Tan Pronto (EEUU) como su primer gran represen\u00adtante; hijo de Pronto y Syrian Sea, e importado de producto en 1974. Pronto (ARG, Timor) fue un destacado corredor argentino, invicto ganador de cuatro carreras, incluso el Cl\u00e1sico Miguel A. Mart\u00ednez de Hoz (hoy G1) y que fue tres veces padrillo l\u00edder en su pa\u00eds de origen antes de ser exportado a Estados Unidos. Syrian Sea, por otro lado, era una hija de Bold Ruler y Somethingroyal, propia hermana del crack Secretariat, que fue una de las mejores potrancas de su generaci\u00f3n.<\/p>\n<p>Tan Pronto fue invicto ganador de dos carreras y retirado prematuramente de las pistas por causa de una lesi\u00f3n. En la crianza, fue la base del Haras Rancho Luj\u00e1n donde produjo a caballos de la talla de <strong>TANGAROA <\/strong>y <strong>TAXI GIRL <\/strong>(GP Selecci\u00f3n \u2013 G1), <strong>TELLO <\/strong>(GP Jockey Club \u2013 G1), <strong>TARANTA <\/strong>(Cl\u00e1sico Sibila \u2013 G2), entre otros destacados purasangres. De su primera generaci\u00f3n en Argentina, lleg\u00f3 a nuestro pa\u00eds <strong>STA\u00adLLION<\/strong>. Este gan\u00f3 siete carreras en Monterrico, incluyendo un cl\u00e1sico, antes de ser enviado a la crianza donde fue un generoso reproductor. Otra importada hija de Tan Pronto que destac\u00f3 en nuestro medio fue <strong>TIABAYA <\/strong>(ganadora cl\u00e1sica y abuela de <strong>LATINO <\/strong>(Laubali) \u2013 G1). De las dos \u00fanicas generaciones que tuvo en Per\u00fa, podemos mencionar a las matronas <strong>TAN SANTA<\/strong>, <strong>TAN SOLA <\/strong>y <strong>TAR\u00cdM<\/strong>.<\/p>\n<p>Tras la muerte de Tan Pronto lleg\u00f3 Forever Sparkle (EEUU, Secretariat), un corre\u00addor tordillo que hab\u00eda ganado tres de sus cuatro actuaciones en Belmont Park (NY, EEUU) y por el que Jaime Rizo Patr\u00f3n R. apost\u00f3 como semental. Antes de llegar a Rancho Luj\u00e1n actu\u00f3 como reproductor en Santa Cruz Ranch (EEUU). En Argentina tuvo una larga lista de noventa y siete caballos ganadores, entre ellos cinco vence\u00addores cl\u00e1sicos, incluso dos de Grupo 1: <strong>BLUE BABY BLUE <\/strong>y <strong>FOREVER CINDY<\/strong>.[\/vc_column_text][\/vc_column][\/vc_row][vc_row css=\u00bb.vc_custom_1680103715739{margin-top: 15px !important;}\u00bb][vc_column width=\u00bb1\/2&#8243; offset=\u00bbvc_col-lg-7&#8243;][vc_column_text el_class=\u00bbtexto-justificado\u00bb]Otro caballo que tuvo una destacada presencia en el Haras Rancho Luj\u00e1n fue <strong>KIS\u00adSING <\/strong>(Stack), ganador del Cl\u00e1sico Post\u00edn (G2) y GPN Augusto B. Legu\u00eda (G1) de 1995 en Monterrico, y exportado al a\u00f1o siguiente como reproductor a la Argentina. Produjo veintiocho ganadores, de los cuales tres fueron vencedores en pruebas cl\u00e1\u00adsicas. El m\u00e1s destacado fue <strong>SUGAR KID<\/strong>, ganador del Cl\u00e1sico Reconquista (L) en el Hip\u00f3dromo de San Isidro. Este era un producto 100% Rancho Luj\u00e1n, pues la madre, Sugar Maple (ARG, Fain), naci\u00f3 y defendi\u00f3 dichos colores.<\/p>\n<p>Un hecho anecd\u00f3tico en la historia del Stud y Haras Rancho Luj\u00e1n tuvo lugar el 11 de diciembre de 1993, durante la tarde del GPI Carlos Pellegrini (G1). All\u00ed, el sensacional jockey brit\u00e1nico Lester Piggot gan\u00f3 su \u00fanica carrera en Argentina vistiendo la gorra roja y camiseta blanco y negro a cuadros de Rancho Luj\u00e1n, montando a la yegua <strong>FABULARIA <\/strong>(ARG, Forever Sparkle) en el Premio Jockey Club de Paraguay.[\/vc_column_text][\/vc_column][vc_column width=\u00bb1\/2&#8243; offset=\u00bbvc_col-lg-5 vc_col-md-3&#8243;][vc_single_image image=\u00bb2138&#8243; img_size=\u00bbfull\u00bb][vc_column_text]<\/p>\n<p style=\"text-align: center;\">SUGAR KID (Kissing &#8211; Sugar Maple por Fain)<\/p>\n<p>[\/vc_column_text][\/vc_column][\/vc_row][vc_row][vc_column]<h5 class=\"sc_title sc_title_regular margin_top_small\" style=\"color:#000000;\"><strong>SANTA CRUZ RANCH \u2013 EEUU <\/strong><\/h5>[vc_column_text css=\u00bb.vc_custom_1740365092406{margin-top: 15px !important;}\u00bb el_class=\u00bbtexto-justificado\u00bb]Con Forever Sparkle de reproductor, en 1981 se fund\u00f3 Santa Cruz Ranch en Ocala, Florida, Estados Unidos. Los \u00e9xitos no demoraron en llegar. De la primera produc\u00adci\u00f3n salieron varios ganadores, incluyendo a Fina Estampa que con los a\u00f1os ser\u00eda una influyente reproductora en Argentina y Per\u00fa. En la segunda generaci\u00f3n apareci\u00f3 <strong>FAMA<\/strong>, m\u00faltiple ganadora cl\u00e1sica, incluyendo dos de G3 y con m\u00e1s de US$ 300 mil en premios. En esa generaci\u00f3n tambi\u00e9n surgi\u00f3 Faster Than Ever, madre de <strong>STAY FAST <\/strong>(Stallion), titular de ocho cl\u00e1sicos (incluido el Hip\u00f3dromo Santa Beatriz \u2013 G3). Esta \u00faltima a su vez fue madre de <strong>LADY FAST <\/strong>(Laubali), ganadora del GP Augusto B. Legu\u00eda (G1) en Monterrico.<\/p>\n<p>Varios caballos de Santa Cruz Ranch llegaron al medio peruano e impusieron su calidad en las pistas de Monterrico. Una de ellas fue <strong>FESTIVAL\u00cdA <\/strong>(EEUU, Forever Sparkle), una destacada tordilla, m\u00faltiple ganadora cl\u00e1sica que alcanz\u00f3 la gloria m\u00e1xima en el Internacional Pamplona (G1) en octubre de 1990. A trav\u00e9s de su nieta Fabella (Farall\u00f3n P.) es la bisabuela de los m\u00faltiples ganadores cl\u00e1sicos <strong>EL GRAN BLANCO <\/strong>\u2013 G2 (Riviera Cocktail), <strong>SIR JAMES <\/strong>(Singe The Turf), <strong>I HAVE A DREAM <\/strong>(Riviera Cocktail) y <strong>DON FERES <\/strong>\u2013 G2 (Singe The Turf). Un par de a\u00f1os m\u00e1s tarde apareci\u00f3 <strong>FORTE <\/strong>(EEUU, Forever Sparkle), Campe\u00f3n Adulto del C\u00e9sped en 1992, titular de doce cl\u00e1sicos, incluyendo el Baldoromero Asp\u00edllaga Delgado (G2) y el Almi\u00adrante Miguel Grau Seminario (G3). Tambi\u00e9n destac\u00f3 la figura de <strong>PLATANAL <\/strong>(EEUU, Stack), brillante ganador del Cl\u00e1sico OSAF (G1) en octubre de 1999 donde impuso el r\u00e9cord vigente de 1min35s0 para 1.600 metros en arena.[\/vc_column_text][\/vc_column][\/vc_row][vc_row css=\u00bb.vc_custom_1680103741034{margin-top: 15px !important;}\u00bb][vc_column width=\u00bb1\/2&#8243;][vc_single_image image=\u00bb2137&#8243; img_size=\u00bbfull\u00bb][vc_column_text]<\/p>\n<p style=\"text-align: center;\">STAY FOREVER (Stack &#8211; Forever Lady por Forever Sparkle)<\/p>\n<p>[\/vc_column_text][\/vc_column][vc_column width=\u00bb1\/2&#8243; offset=\u00bbvc_col-lg-6 vc_col-md-5&#8243;][vc_column_text el_class=\u00bbtexto-justificado\u00bb]Igualmente vale la pena mencionar a <strong>SKY MARSHAL <\/strong>(EEUU, Stack), ganador del Cl\u00e1sico Presidente de la Rep\u00fablica (G2); <strong>SUCRE <\/strong>(EEUU, Stack), titular del Cl\u00e1sico Hip\u00f3dromo de Monterrico (G2); y <strong>CONCRETERO <\/strong>(EEUU, Defensive Play), primero en el Batalla de Tarapac\u00e1 (G3).<\/p>\n<p>Asimismo, aparecieron otras grandes figuras que prestigiaron al criadero en los Es\u00adtados Unidos. Luego de la aparici\u00f3n de Fama, lleg\u00f3 <strong>CARTERISTA <\/strong>(EEUU, Dr. Carter) ganador de veintisiete carreras. Entre ellas, el Christmas Day Handicap (G3), Miami Budweiser Breeders\u2019 Cup Handicap (G3) y el Tropical Turf Handicap (G3) generan\u00addo premios de US$ 753.599. Lleg\u00f3 a correr hasta los 10 a\u00f1os y adquiri\u00f3 tanto prestigio que el Hip\u00f3dromo de Calder instaur\u00f3 el Carterista Handicap en su carta cl\u00e1sica, prueba que lleg\u00f3 a tener una bolsa de US$ 75 mil. Casi a la par lleg\u00f3 el tordillo <strong>FOREVER WHIRL <\/strong>(EEUU, Island Whirl), ganador con absoluta facilidad del Ohio Derby (G2) y del Creme Fraiche Handicap (G3), acumulando m\u00e1s de US$ 450 mil en premios.[\/vc_column_text][\/vc_column][\/vc_row][vc_row css=\u00bb.vc_custom_1680269464790{margin-top: 15px !important;}\u00bb][vc_column][vc_column_text el_class=\u00bbtexto-justificado\u00bb]Luego vino la \u00e9poca de los grandes hijos de Stack. Primero fue <strong>SIERRA VIR\u00adGEN <\/strong>(EEUU, Stack), ganadora del Ascot Handicap (G3) y acumulando premios por US$194,655. Despu\u00e9s lleg\u00f3 <strong>STOKOSKY <\/strong>(EEUU, Stack), con ocho triunfos incluyendo el Tropical Turf Handicap (G3) y US$ 358.116 en premios. Finalmente aparecieron <strong>STAY FOREVER <\/strong>(EEUU, Stack), notable corredora titular de diez carreras, entre ellas el Galaxy Stakes (G2) y el Mint Julep Handicap (G3) en Gulfstream Park, Miami, acu\u00admulando premios de US$ 910.399. Y m\u00e1s recientemente <strong>STAY RED <\/strong>( EEUU, R ed Bullet), venciendo en el Island Whirl Florida Thoroughbred Charities Stakes de Gulfs\u00adtream Park, llegando a acumular US$ 111.636 en premios.[\/vc_column_text][\/vc_column][\/vc_row][vc_row][vc_column][vc_single_image image=\u00bb2136&#8243; img_size=\u00bb750&#215;500&#8243; alignment=\u00bbcenter\u00bb][\/vc_column][\/vc_row][vc_row][vc_column]<h5 class=\"sc_title sc_title_regular margin_top_small\" style=\"color:#000000;\"><strong>FABRIA, OTRA ESTRELLA INTERNACIONAL <\/strong><\/h5>[vc_column_text css=\u00bb.vc_custom_1683536575961{margin-top: 15px !important;}\u00bb el_class=\u00bbtexto-justificado\u00bb]Nacida en el Haras Rancho F\u00e1tima, la casta\u00f1a FABRIA (Farallon P) gan\u00f3 sus siete actuaciones en Monterrico, incluso el Gustavo Prado Heudebert (G2) y C\u00e9sar del R\u00edo (G3), antes de ser vendida a Arabia Saudita. All\u00ed, en el Hip\u00f3dromo King Abdulaziz Park venci\u00f3 en sus primeras cinco carreras, incluso dos cl\u00e1sicos, antes de participar en la Godolphin Mile (G2) de Dubai en el 2003. Luego regres\u00f3 a Arabia y sigui\u00f3 cosechando victorias antes de ser enviada a la reproducci\u00f3n.[\/vc_column_text][vc_row_inner][vc_column_inner]<h5 class=\"sc_title sc_title_regular margin_top_small\" style=\"color:#000000;\"><strong>LA \u00c9POCA DE DON FERES<\/strong><\/h5>[vc_column_text]Si hay un caballo que en los \u00faltimos a\u00f1os se ha ganado un espacio importante en la historia del Haras Rancho F\u00e1tima es <strong>DON FERES<\/strong>.<\/p>\n<p>Producto del cruce de Singe The Turf (IRL, Galileo) con Farall\u00f3n P (EEUU, Fappiano), pertenece a la generosa familia 1-w, que extendi\u00f3 la matrona Delaware Crossing (EEUU, T.V. Commercial) en Santa Cruz Ranch y posteriormente su hija Festival\u00eda (EEUU, Forever Sparkle) en el Haras Rancho F\u00e1tima.<\/p>\n<p>Notable corredor desde su debut, <strong>DON FERES<\/strong> no solo fue Campe\u00f3n de 2 a\u00f1os en el c\u00e9sped, manteni\u00e9ndose invicto en sus cinco primeras actuaciones, sino que su campa\u00f1a internacional ha sido reconocida por la afici\u00f3n. Fue segundo en el GPI Latinoamericano (G1-2.000mC) del 2023 ante el campe\u00f3n brasile\u00f1o Doutor Sure\u00f1o (BRA, Agnes Gold) y al a\u00f1o siguiente fue tercero en el GPI Carlos Pellegrini (G1-2.400mC) antes los cracks argentinos Intense For Me (ARG, Fortify) y El Kodigo (ARG, Equal Stripes). Ambas pruebas disputadas en el Hip\u00f3dromo de San Isidro, en Buenos Aires, Argentina.<\/p>\n<p>Sus presentaciones internacionales le permitieron ser elegido Campe\u00f3n Adulto en C\u00e9sped en Per\u00fa en 2023 y 2024, recibiendo el Premio Post\u00edn de la categor\u00eda de parte de la Asociaci\u00f3n de Criadores de Caballos de Carrera del Per\u00fa (ACCCP).<\/p>\n<p>Adem\u00e1s, su actuaci\u00f3n en el GPI Carlos Pellegrini (G1) lo llev\u00f3 a recibir tambi\u00e9n un rating de 115 libras (puntos) por parte de la International Federation Horseracing Authorities (IFHA) en el 2024, siendo el caballo peruano con mejor puntuaci\u00f3n en el mundo ese a\u00f1o.<\/p>\n<p>Don Feres muri\u00f3 en 2026 cuando radicaba en Argentina.[\/vc_column_text][\/vc_column_inner][\/vc_row_inner][\/vc_column][\/vc_row][vc_row css=\u00bb.vc_custom_1678877439801{margin-top: 50px !important;}\u00bb][vc_column width=\u00bb1\/2&#8243;]<a href=\"https:\/\/ranchofatima.com\/index.php\/about\/dos-cracks-historicos\/\" class=\"sc_button sc_button_square sc_button_style_filled sc_button_size_small alignleft  sc_button_iconed icon-reply\">Dos Cracks Hist\u00f3ricos<\/a>[\/vc_column][vc_column width=\u00bb1\/2&#8243;]<a href=\"https:\/\/ranchofatima.com\/index.php\/about\/los-grandes-triunfos-clasicos\/\" class=\"sc_button sc_button_square sc_button_style_filled sc_button_size_small alignright  sc_button_iconed icon-forward\">Los Grandes Triunfos Cl\u00e1sicos<\/a>[\/vc_column][\/vc_row][vc_row full_width=\u00bbstretch_row_content\u00bb][vc_column][vc_separator border_width=\u00bb2&#8243;][vc_empty_space height=\u00bb15px\u00bb][\/vc_column][\/vc_row][vc_row][vc_column][vc_separator style=\u00bbdouble\u00bb border_width=\u00bb2&#8243;][\/vc_column][\/vc_row]<\/p>\n","protected":false},"excerpt":{"rendered":"<p>[vc_row][vc_column][vc_separator border_width=\u00bb2&#8243;][\/vc_column][\/vc_row][vc_row][vc_column][vc_raw_html]JTNDbmF2JTIwY2xhc3MlM0QlMjJtZW51X2hhcmFzJTIyJTNFJTBBJTIwJTIwJTIwJTIwJTIwJTIwJTIwJTIwJTNDdWwlM0UlMEElMjAlMjAlMjAlMjAlMjAlMjAlMjAlMjAlMjAlMjAlMjAlMjAlMjAlMjAlMjAlM0NsaSUzRSUzQ2ElMjAlMEFocmVmJTNEJTIyaHR0cHMlM0ElMkYlMkZyYW5jaG9mYXRpbWEuY29tJTJGaW5kZXgucGhwJTJGYWJvdXQlMkZsb3MtaW5pY2lvcyUyRiUyMiUzRUxvcyUyMEluaWNpb3MlM0MlMkZhJTNFJTNDJTJGbGklM0UlMEElMDklMDklM0NsaSUzRSUzQ2ElMjBocmVmJTNEJTIyaHR0cHMlM0ElMkYlMkZyYW5jaG9mYXRpbWEuY29tJTJGaW5kZXgucGhwJTJGYWJvdXQlMkZsYXMteWVndWFzLWZ1bmRhZG9yYXMlMkYlMjIlM0VNYWRyZXMlMjBGdW5kYWRvcmFzJTNDJTJGYSUzRSUzQyUyRmxpJTNFJTBBJTA5JTA5JTBBJTA5JTA5JTNDbGklM0UlM0NhJTIwaHJlZiUzRCUyMmh0dHBzJTNBJTJGJTJGcmFuY2hvZmF0aW1hLmNvbSUyRmluZGV4LnBocCUyRmFib3V0JTJGbG9zLXBhZHJpbGxvcyUyRiUyMiUzRUxvcyUyMFBhZHJpbGxvcyUzQyUyRmElM0UlM0MlMkZsJTNFJTBBJTA5JTA5JTNDbGklM0UlM0NhJTIwaHJlZiUzRCUyMmh0dHBzJTNBJTJGJTJGcmFuY2hvZmF0aW1hLmNvbSUyRmluZGV4LnBocCUyRmFib3V0JTJGZG9zLWNyYWNrcy1oaXN0b3JpY29zJTJGJTIyJTNFRG9zJTIwQ3JhY2tzJTIwSGlzdCVDMyVCM3JpY29zJTNDJTJGYSUzRSUzQyUyRmxpJTNFJTBBJTA5JTA5JTNDbGklM0UlM0NhJTIwaHJlZiUzRCUyMmh0dHBzJTNBJTJGJTJGcmFuY2hvZmF0aW1hLmNvbSUyRmluZGV4LnBocCUyRmFib3V0JTJGbG9zLWdyYW5kZXMtdHJpdW5mb3MtY2xhc2ljb3MlMkYlMjIlM0VHcmFuZGVzJTIwVHJpdW5mb3MlM0MlMkZhJTNFJTNDJTJGbGklM0UlMEElMjAlMjAlMjAlMjAlMjAlMjAlMjAlMjAlMjAlMjAlMjAlMjAlMjAlMjAlMjAlMjAlM0NsaSUzRSUzQ2ElMjBocmVmJTNEJTIyaHR0cHMlM0ElMkYlMkZyYW5jaG9mYXRpbWEuY29tJTJGaW5kZXgucGhwJTJGYWJvdXQlMkZlbC1wcmVzZW50ZSUyRiUyMiUzRUVsJTIwUHJlc2VudGUlM0MlMkZhJTNFJTNDJTJGbGklM0UlMEElM0NsaSUzRSUzQ2ElMjBocmVmJTNEJTIyaHR0cHMlM0ElMkYlMkZyYW5jaG9mYXRpbWEuY29tJTJGaW5kZXgucGhwJTJGYWJvdXQlMkZsb3MtbWVqb3JlcyUyRiUyMiUzRUxvcyUyME1lam9yZXMlM0MlMkZhJTNFJTNDJTJGbGklM0UlMEElMjAlM0MlMkZ1bCUzRSUwQSUyMCUyMCUyMCUyMCUzQyUyRm5hdiUzRQ==[\/vc_raw_html][\/vc_column][\/vc_row][vc_row][vc_column][vc_empty_space][\/vc_column][\/vc_row][vc_row][vc_column][vc_column_text el_class=\u00bbtexto-justificado\u00bb css=\u00bb.vc_custom_1677856969306{margin-top: 20px !important;}\u00bb]Los \u00e9xitos del Haras Rancho F\u00e1tima no s\u00f3lo se vieron en el \u00e1mbito local. El crecimiento y consolidaci\u00f3n de las operaciones en Per\u00fa incentivaron a su fundador, Jaime Rizo Patr\u00f3n R., a expandirse a otras plazas donde tambi\u00e9n impuso su sello de calidad.[\/vc_column_text][\/vc_column][\/vc_row][vc_row][vc_column][\/vc_column][\/vc_row][vc_row css=\u00bb.vc_custom_1680103698338{margin-top: 15px !important;}\u00bb][vc_column][vc_column_text css=\u00bb.vc_custom_1687941835681{margin-top: 15px !important;}\u00bb el_class=\u00bbtexto-justificado\u00bb]Debido [&hellip;]<\/p>\n","protected":false},"author":1,"featured_media":0,"parent":447,"menu_order":0,"comment_status":"closed","ping_status":"closed","template":"","meta":{"_monsterinsights_skip_tracking":false,"_monsterinsights_sitenote_active":false,"_monsterinsights_sitenote_note":"","_monsterinsights_sitenote_category":0,"footnotes":""},"class_list":["post-1971","page","type-page","status-publish","hentry"],"aioseo_notices":[],"_links":{"self":[{"href":"https:\/\/ranchofatima.com\/index.php\/wp-json\/wp\/v2\/pages\/1971","targetHints":{"allow":["GET"]}}],"collection":[{"href":"https:\/\/ranchofatima.com\/index.php\/wp-json\/wp\/v2\/pages"}],"about":[{"href":"https:\/\/ranchofatima.com\/index.php\/wp-json\/wp\/v2\/types\/page"}],"author":[{"embeddable":true,"href":"https:\/\/ranchofatima.com\/index.php\/wp-json\/wp\/v2\/users\/1"}],"replies":[{"embeddable":true,"href":"https:\/\/ranchofatima.com\/index.php\/wp-json\/wp\/v2\/comments?post=1971"}],"version-history":[{"count":40,"href":"https:\/\/ranchofatima.com\/index.php\/wp-json\/wp\/v2\/pages\/1971\/revisions"}],"predecessor-version":[{"id":5341,"href":"https:\/\/ranchofatima.com\/index.php\/wp-json\/wp\/v2\/pages\/1971\/revisions\/5341"}],"up":[{"embeddable":true,"href":"https:\/\/ranchofatima.com\/index.php\/wp-json\/wp\/v2\/pages\/447"}],"wp:attachment":[{"href":"https:\/\/ranchofatima.com\/index.php\/wp-json\/wp\/v2\/media?parent=1971"}],"curies":[{"name":"wp","href":"https:\/\/api.w.org\/{rel}","templated":true}]}}