{"id":1962,"date":"2023-01-27T16:01:18","date_gmt":"2023-01-27T16:01:18","guid":{"rendered":"http:\/\/harasranchofatima.com\/?page_id=1962"},"modified":"2024-04-05T13:12:35","modified_gmt":"2024-04-05T13:12:35","slug":"las-yeguas-fundadoras","status":"publish","type":"page","link":"https:\/\/ranchofatima.com\/index.php\/about\/las-yeguas-fundadoras\/","title":{"rendered":"Las Yeguas Fundadoras"},"content":{"rendered":"<p>[vc_row css=\u00bb.vc_custom_1684875361179{margin-top: -5px !important;}\u00bb][vc_column][vc_separator border_width=\u00bb2&#8243;][\/vc_column][\/vc_row][vc_row][vc_column][vc_raw_html]JTNDbmF2JTIwY2xhc3MlM0QlMjJtZW51X2hhcmFzJTIyJTNFJTBBJTIwJTIwJTIwJTIwJTIwJTIwJTIwJTIwJTNDdWwlM0UlMEElMDklMDklM0NsaSUzRSUzQ2ElMjBocmVmJTNEJTIyaHR0cCUzQSUyRiUyRnJhbmNob2ZhdGltYS5jb20lMkZpbmRleC5waHAlMkZhYm91dCUyRmxvcy1pbmljaW9zJTJGJTIyJTNFTG9zJTIwSW5pY2lvcyUzQyUyRmElM0UlM0MlMkZsaSUzRSUwQSUwOSUwOSUzQ2xpJTNFJTNDYSUyMGhyZWYlM0QlMjJodHRwJTNBJTJGJTJGcmFuY2hvZmF0aW1hLmNvbSUyRmluZGV4LnBocCUyRmFib3V0JTJGbG9zLXBhZHJpbGxvcyUyRiUyMiUzRUxvcyUyMFBhZHJpbGxvcyUzQyUyRmElM0UlM0MlMkZsaSUzRSUwQSUwOSUwOSUzQ2xpJTNFJTNDYSUyMGhyZWYlM0QlMjJodHRwJTNBJTJGJTJGcmFuY2hvZmF0aW1hLmNvbSUyRmluZGV4LnBocCUyRmFib3V0JTJGZG9zLWNyYWNrcy1oaXN0b3JpY29zJTJGJTIyJTNFRG9zJTIwQ3JhY2tzJTIwSGlzdG9yaWNvcyUzQyUyRmElM0UlM0MlMkZsJTNFJTBBJTA5JTA5JTNDbGklM0UlM0NhJTIwaHJlZiUzRCUyMmh0dHAlM0ElMkYlMkZyYW5jaG9mYXRpbWEuY29tJTJGaW5kZXgucGhwJTJGYWJvdXQlMkZwcmVzZW5jaWEtaW50ZXJuYWNpb25hbCUyRiUyMiUzRVByZXNlbmNpYSUyMEludGVybmFjaW9uYWwlM0MlMkZhJTNFJTNDJTJGbGklM0UlMEElMDklMDklM0NsaSUzRSUzQ2ElMjBocmVmJTNEJTIyaHR0cCUzQSUyRiUyRnJhbmNob2ZhdGltYS5jb20lMkZpbmRleC5waHAlMkZhYm91dCUyRmxvcy1ncmFuZGVzLXRyaXVuZm9zLWNsYXNpY29zJTJGJTIyJTNFR3JhbmRlcyUyMFRyaXVuZm9zJTNDJTJGYSUzRSUzQyUyRmxpJTNFJTBBJTIwJTIwJTIwJTIwJTIwJTIwJTIwJTIwJTIwJTIwJTIwJTIwJTIwJTIwJTIwJTIwJTNDbGklM0UlM0NhJTIwaHJlZiUzRCUyMmh0dHAlM0ElMkYlMkZyYW5jaG9mYXRpbWEuY29tJTJGaW5kZXgucGhwJTJGYWJvdXQlMkZlbC1wcmVzZW50ZSUyRiUyMiUzRUVsJTIwUHJlc2VudGUlM0MlMkZhJTNFJTNDJTJGbGklM0UlMEElMjAlMjAlMjAlMjAlMjAlMjAlMjAlMjAlMjAlMjAlMjAlMjAlMjAlMjAlMjAlMjAlM0NsaSUzRSUzQ2ElMjBocmVmJTNEJTIyaHR0cCUzQSUyRiUyRnJhbmNob2ZhdGltYS5jb20lMkZpbmRleC5waHAlMkZhYm91dCUyRmxvcy1tZWpvcmVzJTJGJTIyJTNFTG9zJTIwTWVqb3JlcyUzQyUyRmElM0UlM0MlMkZsaSUzRSUwQSUwOSUyMCUzQyUyRnVsJTNFJTBBJTIwJTIwJTIwJTIwJTNDJTJGbmF2JTNF[\/vc_raw_html][\/vc_column][\/vc_row][vc_row][vc_column]<h2 class=\"sc_title sc_title_regular margin_top_medium\" style=\"color:#000000;\">Las Madres Fundadoras<\/h2>[vc_empty_space][\/vc_column][\/vc_row][vc_row][vc_column width=\u00bb1\/2&#8243; offset=\u00bbvc_col-lg-6&#8243;][vc_column_text el_class=\u00bbtexto-justificado\u00bb]Jaime Rizo Patr\u00f3n Remy sab\u00eda que para alcanzar la excelencia deb\u00eda tener repro\u00adductoras de primer nivel. Ante una importaci\u00f3n de yeguas madres, efectuada por el Jockey Club del Per\u00fa en 1972, adquiri\u00f3 en subasta p\u00fablica a Detchema (GB, Darius), quien inici\u00f3 la historia del criadero hace cincuenta a\u00f1os.<\/p>\n<p>En Inglaterra, Detchema produjo a Pirate\u2019s Pride, ganador cl\u00e1sico en Windsor, y lleg\u00f3 a Per\u00fa pre\u00f1ada por Town Crier (Sovereign Path). La cr\u00eda resultante fue Dinky Town. Dinky Town extendi\u00f3 la rama primero con Dinky Star (Society II), ganadora de tres carreras y madre de <strong>CHONO\u00a0<\/strong>(Valetchka), campe\u00f3n velocista en Monterrico. Luego tendr\u00eda a Three Towns (Three Kingdoms), titular de siete carreras y madre de Valetr\u00e9s (Valet\u00adchka), tambi\u00e9n ganadora de siete, y productora a su vez de <strong>QUICKLIFT\u00a0<\/strong>(Stallion), ganador de catorce cl\u00e1sicos, entre ellos el Gran Derby Nacional (G1), dos veces el Cl\u00e1sico Independencia (G1) y otras diez carreras de Grupo.[\/vc_column_text][\/vc_column][vc_column width=\u00bb1\/2&#8243; offset=\u00bbvc_col-lg-6 vc_col-md-4&#8243;][vc_single_image image=\u00bb2108&#8243; img_size=\u00bbfull\u00bb][\/vc_column][\/vc_row][vc_row css=\u00bb.vc_custom_1677847364338{margin-top: 15px !important;}\u00bb][vc_column][vc_column_text el_class=\u00bbtexto-justificado\u00bb]Pocos meses despu\u00e9s se incorporaron otras destacadas l\u00edneas inglesas. La primera fue <strong>Grindalythe<\/strong> (GB, Ballymoss y Chambord), hermana materna del gran caballo Caro (IRL, Fortino y Chambord), que hab\u00eda llegado segunda en el Middleton Stakes. Lleg\u00f3 pre\u00f1ada de Pall Mall (IRL, Palestine) para producir a <strong>BUCHANAN<\/strong>, ganador de trece carreras, incluso un Premio Especial. Ya instalada en el medio peruano pro\u00addujo a\u00a0<strong>AGADIR\u00a0<\/strong>(Agamen\u00f3n), titular de seis competencias, incluyendo dos Premios Especiales. Grindalythe se convirti\u00f3 en una madre generosa e influyente. Su l\u00ednea se ramific\u00f3 en nuestro mercado b\u00e1sicamente a trav\u00e9s de dos vertientes: Sharon (Society II) y Tres Mar\u00edas (Three Kingdoms).<\/p>\n<p>Sharon produjo a\u00a0<strong>TAN SOLA\u00a0<\/strong>(Tan Pronto), madre de\u00a0<strong>FARMAX\u00a0<\/strong>(Forte), ganadora de G3; y a Vasha (Valetchka), que a su vez fue madre de\u00a0<strong>MUFASA\u00a0<\/strong>(Berry\u2019s Noble), ganador de Grupo 2 y 3, y de\u00a0<strong>NOBLE SHARON\u00a0<\/strong>(Berry\u2019s Noble), ganadora de diez cl\u00e1sicos, cinco de Grupo incluido el Pamplona (G1) y posteriormente madre de\u00a0<strong>LAU\u00adDABLE\u00a0<\/strong>(Laubali).<\/p>\n<p>Por el lado de Tres Mar\u00edas, su vertiente llega hasta nuestros d\u00edas mediante su hija Fuxia, que produjo a\u00a0<strong>SKAXIA<\/strong>,\u00a0<strong>SKIXIA\u00a0<\/strong>(madre de\u00a0<strong>STOWE\u00a0<\/strong>y\u00a0<strong>LAUXIN<\/strong>) y\u00a0<strong>SUGESTIVA<\/strong>, quien fue Yegua Madre del A\u00f1o en 2003 y fue base para otros criaderos locales. Produjo a varios ganadores, enca\u00adbezados por los propios hermanos (todos hijos de Prospector\u2019s Cap):\u00a0<strong>POR ALGO SER\u00c1\u00a0<\/strong>(Campe\u00f3n de 3 a\u00f1os en grama y cu\u00e1druple coronado del c\u00e9sped) y\u00a0<strong>CABULE\u00adRA\u00a0<\/strong>(Campeona Adulta en c\u00e9sped, dos veces ganadora del Pamplona \u2013 G1 y expor\u00adtada a Francia donde tambi\u00e9n produjo ganadores). Sugestiva tambi\u00e9n es la madre de\u00a0<strong>PRECIOSA\u00a0<\/strong>que produjo a\u00a0<strong>BRAYAN MANUEL<\/strong>, ganador del Cl\u00e1sico Post\u00edn \u2013 G2.[\/vc_column_text][\/vc_column][\/vc_row][vc_row][vc_column width=\u00bb1\/2&#8243; offset=\u00bbvc_col-lg-5 vc_col-md-4&#8243;][vc_empty_space][vc_single_image image=\u00bb2112&#8243; img_size=\u00bbfull\u00bb alignment=\u00bbright\u00bb][\/vc_column][vc_column width=\u00bb1\/2&#8243; offset=\u00bbvc_col-lg-7&#8243;][vc_empty_space][vc_column_text el_class=\u00bbtexto-justificado\u00bb]<strong>Red Cloud <\/strong>(GB, Red God) fue otra de las yeguas fundadoras del Haras Rancho F\u00e1tima. Importada de producto y ganadora de tres carreras, hizo sentir su gran influencia a trav\u00e9s de dos de sus hijas.<\/p>\n<p>Una de ellas fue La Calvados (Datour), ganadora de tres carreras y madre de\u00a0<strong>NI\u00adNIVEH\u00a0<\/strong>(Vaduz), Campeona Adulta, m\u00faltiple ganadora de Grupo y que produjo a\u00a0<strong>SHAWSHANK<\/strong>, ganador del Derby Nacional (G1); de\u00a0<strong>VALEDERO\u00a0<\/strong>(Vaduz) vencedor de la Polla de Potrillos (G1) y Ricardo Ortiz de Zevallos (G1); y de\u00a0<strong>PAUL\u00a0<\/strong>(Vaduz), titular de veintinueve carreras, incluyendo cl\u00e1sico. <strong>NI\u00adNIVEH<\/strong> tambi\u00e9n aparece como abuela de\u00a0<strong>SARALICIA<\/strong>, Campeona de la Velocidad <span lang=\"ES-PE\" style=\"font-family: 'Arial',sans-serif;\">en c\u00e9sped y m\u00faltiple gana\u00addora cl\u00e1sica, incluso G2 y G3.<\/span><\/p>\n<p>La otra hija de Red Cloud fue Red Queen (Three Kingdoms), titular de tres carreras y madre de los ganadores cl\u00e1sicos\u00a0<strong>SUGAR RAY\u00a0<\/strong>(Stack) y\u00a0<strong>L\u2019GRAND ROBESPIERRE\u00a0<\/strong>(Stack), as\u00ed como abuela del doble coronado y Campe\u00f3n de 3 a\u00f1os\u00a0<strong>ST. CLOUD\u00a0<\/strong>(Stallion), ganador de la Polla de Potrillos (G1) y Ricardo Ortiz de Zevallos (G1); y de\u00a0<strong>GOLDFIELD\u00a0<\/strong>(El Duce), m\u00faltiple ganador cl\u00e1sico en el c\u00e9sped.[\/vc_column_text][\/vc_column][\/vc_row][vc_row][vc_column]<h5 class=\"sc_title sc_title_regular margin_top_small\" style=\"color:#000000;\"><strong>SIMPER \u2013 UNA MATRONA EXCEPCIONAL<\/strong><\/h5>[\/vc_column][\/vc_row][vc_row][vc_column][vc_column_text css=\u00bb.vc_custom_1687941905697{margin-top: 15px !important;}\u00bb el_class=\u00bbtexto-justificado\u00bb]<strong>Simper\u00a0<\/strong>(EEUU, Recupere), una de las matronas m\u00e1s influyentes del Per\u00fa y que se mantiene muy vigente en nues\u00adtros d\u00edas, fue adquirida por Jaime Rizo Patr\u00f3n R. en 1976, en otra importaci\u00f3n de productos efectuada por el Jockey Club del Per\u00fa. S\u00edmper gan\u00f3 tres carreras y fue cuarta en el Cl\u00e1sico Rep\u00fablica del Ecuador. Llevada a la cr\u00eda produjo a\u00a0<strong>TAYLOR\u00a0<\/strong>(Tan Pronto), m\u00faltiple ganador cl\u00e1sico, as\u00ed como a Singer (Stallion),\u00a0<strong>SAINT SARI\u00a0<\/strong>(Stallion),\u00a0<strong>STANLEY\u00a0<\/strong>(Stallion), Saband\u00eda (Stack), Sterling Silver (Stack), Miss Soraya (Stack) y\u00a0<strong>QUEEN OF SABA\u00a0<\/strong>(Stack).<\/p>\n<p>Singer dio a\u00a0<strong>SKINGER\u00a0<\/strong>(Stack), campeona y ganadora del Enrique Ayulo Pardo (G1) en 1998;\u00a0<strong>FABRIA\u00a0<\/strong>(Farall\u00f3n P), campeona tambi\u00e9n, m\u00faltiple ganadora de Grupo y vencedora cl\u00e1sica en Arabia Saudita; y\u00a0<strong>LADY SINGER\u00a0<\/strong>(Laubali), abuela de\u00a0<strong>ASFALO\u00adTH\u00a0<\/strong>(Riviera Cocktail), titular de diecisiete cl\u00e1sicos a la fecha.<\/p>\n<p>Saint Sari produjo a\u00a0<strong>FARENZA\u00a0<\/strong>(Farall\u00f3n P), ganadora de G3 y abuela de\u00a0<strong>Juego de Tronos\u00a0<\/strong>(Singe The Turf) y\u00a0<strong>Reserva\u00a0<\/strong>(Riviera Cocktail).[\/vc_column_text][\/vc_column][\/vc_row][vc_row css=\u00bb.vc_custom_1677848262706{margin-top: 15px !important;}\u00bb][vc_column width=\u00bb1\/2&#8243; offset=\u00bbvc_col-md-6&#8243;][vc_column_text el_class=\u00bbtexto-justificado\u00bb]Saband\u00eda dio a Faena (Farall\u00f3n P), madre de la ganadora cl\u00e1sica y figuradora de grupo\u00a0<strong>REVOLUCI\u00d3N\u00a0<\/strong>(Riviera Cocktail).<\/p>\n<p>Sterling Silver produjo a\u00a0<strong>LIGHTNING SILVER\u00a0<\/strong>(Laubali) y\u00a0<strong>SILVERA\u00a0<\/strong>(Stallion) mientras que Miss Soraya dio a\u00a0<strong>LA SORAYA\u00a0<\/strong>(Laubali), Campeona de 3 a\u00f1os en c\u00e9sped, dos veces ganadora del Pamplona (G1) y madre de\u00a0<strong>Chinchilla\u00a0<\/strong>(Admiral\u2019s Cruise).<\/p>\n<p>La \u00faltima cr\u00eda de la sensacional S\u00edmper fue\u00a0<strong>QUEEN OF SABA\u00a0<\/strong>(Stack), doble ganadora cl\u00e1sica y madre de\u00a0<strong>Lasaba\u00a0<\/strong>(Laubali).[\/vc_column_text][\/vc_column][vc_column width=\u00bb1\/2&#8243; offset=\u00bbvc_col-lg-6 vc_col-md-4&#8243;][vc_single_image image=\u00bb2113&#8243; img_size=\u00bbfull\u00bb][vc_column_text]<\/p>\n<p style=\"text-align: center;\">FABRIA (Farallon P. &#8211; Singer por Stallion)<\/p>\n<p>[\/vc_column_text][\/vc_column][\/vc_row][vc_row css=\u00bb.vc_custom_1677850202183{margin-top: 15px !important;}\u00bb][vc_column][vc_column_text el_class=\u00bbtexto-justificado\u00bb]La cr\u00eda m\u00e1s destacada de S\u00edmper, sin lugar a duda, fue\u00a0<strong>STASH\u00a0<\/strong>(Stack). Este naci\u00f3 en 1989 y fue el segundo y \u00faltimo caballo en la historia en conquistar la Cu\u00e1druple Corona Peruana. En 1992 gan\u00f3 la Polla de Potrillos (G1), Ricardo Ortiz de Zevallos (G1),Derby Nacional (G1) y GPN Augusto B. Legu\u00eda (G1), raz\u00f3n por la que fue elegido Caballo del A\u00f1o, Campe\u00f3n de 3 a\u00f1os y Caballo Campe\u00f3n. Al a\u00f1o siguiente, en marzo de 1993, venci\u00f3 de punta a punta en el GPI Latinoamericano (G1), que se celebr\u00f3 en Monterrico.<\/p>\n<p>En total, S\u00edmper tuvo diez cr\u00edas, ocho ganadoras y de la que descienden m\u00e1s de una veintena de caballos cl\u00e1sicos.[\/vc_column_text][vc_row_inner css=\u00bb.vc_custom_1680014753018{margin-top: -15px !important;border-bottom-width: 15px !important;}\u00bb][vc_column_inner]<h5 class=\"sc_title sc_title_regular margin_top_small margin_bottom_small\" style=\"color:#000000;\"><strong>OTRAS LINEAS DESTACADAS<\/strong><\/h5>[\/vc_column_inner][\/vc_row_inner][\/vc_column][\/vc_row][vc_row][vc_column width=\u00bb1\/2&#8243; offset=\u00bbvc_col-lg-6 vc_col-md-4&#8243;][vc_single_image image=\u00bb2115&#8243; img_size=\u00bbfull\u00bb add_caption=\u00bbyes\u00bb alignment=\u00bbcenter\u00bb][vc_column_text]<\/p>\n<p style=\"text-align: center;\">TAMBORINE (Timely Advice &#8211; Faraqueen por Farallon P.)<\/p>\n<p>[\/vc_column_text][\/vc_column][vc_column width=\u00bb1\/2&#8243;][vc_column_text el_class=\u00bbtexto-justificado\u00bb]En la d\u00e9cada de 1970 se incorporaron otras yeguas de propietarios nacionales que se hicieron importantes con los a\u00f1os. Una de ellas fue\u00a0<strong>Portadora<\/strong>(Parrot), Cam\u00adpeona de 3 a\u00f1os y Campeona Adulta, ganadora de veintiocho carreras, incluyendo la Polla de Potrancas (G1) y el Cotejo de Potrancas (G1); fue la mejor potranca de la generaci\u00f3n que encabez\u00f3 el crack Santor\u00edn. Llevada a la reproducci\u00f3n solo tuvo una cr\u00eda, Peruvian Queen (Three Kingdoms), suficiente para extender ese linaje hasta nuestros d\u00edas.<\/p>\n<p>Peruvian Queen produjo yeguas de gran nivel, empezando por\u00a0<strong>SLOVENIA\u00a0<\/strong>(Stack), m\u00faltiple ganadora cl\u00e1sica y madre del dos veces campe\u00f3n\u00a0<strong>GRANIZO\u00a0<\/strong>(Farall\u00f3n P), ganador del Gran Premio Nacional (GPN) Augusto B. Legu\u00eda (G1), y de\u00a0<strong>FELIPE\u00a0<\/strong>(Farall\u00f3n P) (G3).<\/p>\n<p>Peruvian Queen tambi\u00e9n produjo a:\u00a0<strong>SKY LILLY\u00a0<\/strong>(Stack), madre de\u00a0<strong>FA\u00adRABELLA\u00a0<\/strong>(Farall\u00f3n P) (G3);\u00a0<strong>Slovaquia\u00a0<\/strong>(Stack), madre de\u00a0<strong>IRON<\/strong>[\/vc_column_text][\/vc_column][\/vc_row][vc_row css=\u00bb.vc_custom_1677852124756{margin-top: 15px !important;}\u00bb][vc_column][vc_column_text el_class=\u00bbtexto-justificado\u00bb]<strong>\u00a0WESTERN <\/strong>(Farall\u00f3n P); y a Noble Queen (Berry\u2019s Noble), que produjo a los ganadores cl\u00e1sicos\u00a0<strong>FORERO\u00a0<\/strong>(Forte) (G2) y\u00a0<strong>FARAQUEEN\u00a0<\/strong>(Farall\u00f3n P), ganadora del Enrique Ayulo Pardo (G1). Esta \u00faltima es madre de la m\u00faltiple ganadora cl\u00e1sica\u00a0<strong>TAMBORINE\u00a0<\/strong>(Timely Advice) que actualmente se encuentra como reproductora en el Haras Rancho F\u00e1tima y cuya primera cr\u00eda\u00a0<strong>WITHIN TEMPTATION\u00a0<\/strong>(Riviera Cocktail) ya es ganadora cl\u00e1sica.<\/p>\n<p>Otra yegua que se uni\u00f3 a la lista fue <strong>L\u00f3riga<\/strong> (Oak Ridge), Campeona de 2 y 3 a\u00f1os, ganadora de la Polla de Potrancas (G1), del Cotejo de Potrancas (G1) y plac\u00e9 en el Gran Derby Nacional (G1). Extendi\u00f3 su linaje mediante su hija\u00a0<strong>LADY FLEET\u00a0<\/strong>(Society II), abuela de los ganadores cl\u00e1sicos\u00a0<strong>IVORY\u00a0<\/strong>(Berry\u2019s Noble) y\u00a0<strong>BILLBOARD\u00a0<\/strong>(King Claridge), y bisabuela de\u00a0<strong>TEAHUPPO\u00a0<\/strong>(Farall\u00f3n P) ganador del Ricardo Ortiz de Zevallos (G1) y de\u00a0<strong>ANTARTICO\u00a0<\/strong>(Riviera Cocktail), titular de G3.<\/p>\n<p>A mediados de los 70s lleg\u00f3 Fancy Sue (Forum), vencedora de seis carreras y pos\u00adterior madre de\u00a0<strong>SANTA CRUZ\u00a0<\/strong>(Society II), que le dio su primer G1 al Stud y Haras Rancho F\u00e1tima al ganar la Polla de Potrancas en 1980. En el criadero, Santa Cruz fue una matrona excepcional, produciendo corredores como\u00a0<strong>SANTA SOF\u00cdA\u00a0<\/strong>(Stack) y\u00a0<strong>TORREALBA\u00a0<\/strong>(Tan Pronto); y fue abuela de\u00a0<strong>FANTAS\u00cdA\u00a0<\/strong>(Farall\u00f3n P) (Campeona y ganadora del Enrique Ayulo Pardo \u2013 G1),\u00a0<strong>LA SOFI\u00a0<\/strong>(Laubali) (G2),\u00a0<strong>BERTRAN\u00a0<\/strong>(Berry\u2019s Noble) y\u00a0<strong>FARACRUZ\u00a0<\/strong>(Farall\u00f3n P). La madre de esta \u00faltima fue St. Croix (Stallion), quien tambi\u00e9n produjo a la matrona Bene Croix (Berry\u2019s Noble), generosa reproduc\u00adtora y abuela de la ganadora cl\u00e1sica\u00a0<strong>RUMANA\u00a0<\/strong>(Riviera Cocktail), a trav\u00e9s de la yegua Tyler (Quintill\u00f3n). Es bueno complementar que Fancy Sue es hija de Malestrella (ARG, Masked Light), que produjo al\u00a0<em>crack\u00a0<\/em>millero\u00a0<strong>UPS\u00a0<\/strong>(Deming). Esta l\u00ednea materna, que se ramific\u00f3 tambi\u00e9n a otros criaderos, se encuentra muy vigente en la actualidad. Nombres como los de\u00a0<strong>PROMOCI\u00d3N<\/strong>,\u00a0<strong>ILUMINATO\u00a0<\/strong>y\u00a0<strong>ABDEL NAZER\u00a0<\/strong>descienden di\u00adrectamente de esa destacada matrona.[\/vc_column_text][\/vc_column][\/vc_row][vc_row css=\u00bb.vc_custom_1677852197000{margin-top: 15px !important;}\u00bb][vc_column width=\u00bb1\/2&#8243;][vc_column_text el_class=\u00bbtexto-justificado\u00bb]En la segunda mitad de la d\u00e9cada de los 70s lleg\u00f3 Sovereign Rose (IRL, Sovereign Path), que gan\u00f3 tres carreras en Monterrico y extendi\u00f3 su linaje mediante Vogue (Valetchka), madre de\u00a0<strong>LENIN\u00a0<\/strong>(Stallion), ganador del Cl\u00e1sico Post\u00edn (G1) y de\u00a0<strong>NO ME SIGAN\u00a0<\/strong>(Stallion), m\u00faltiple ganadora cl\u00e1sica (G1 y G3) y madre de\u00a0<strong>SAMIRIA\u00a0<\/strong>(Stack), titular de la Polla de Potrancas (G1). \u00a0En el criadero, Samiria dio a\u00a0<strong>LA SAMI\u00a0<\/strong>(Laubali), Campeona de 3 a\u00f1os, ganadora del Derby Nacional (G1) y de la Polla de Potrancas (G1), y a\u00a0<strong>LARIA\u00a0<\/strong>(Laubali), tambi\u00e9n ganadora de la Polla de Potrancas (G1) y abuela de\u00a0<strong>Ulpiano\u00a0<\/strong>(Singe The Turf). Vogue fue exportada a Chile en 1990 y all\u00e1 produjo a\u00a0<strong>VISTE BIEN\u00a0<\/strong>(CHI, Stately Forum), Campeona de 3 a\u00f1os en ese pa\u00eds, tras ganar las Oaks (G1) en el c\u00e9sped del Club H\u00edpico de Santiago.[\/vc_column_text][\/vc_column][vc_column width=\u00bb1\/2&#8243; offset=\u00bbvc_col-lg-6 vc_col-md-3&#8243;][vc_single_image image=\u00bb2117&#8243; img_size=\u00bbfull\u00bb][vc_column_text]<\/p>\n<p style=\"text-align: center;\">LA SAMI (Laubali &#8211; Samiria por Stack)<\/p>\n<p>[\/vc_column_text][\/vc_column][\/vc_row][vc_row css=\u00bb.vc_custom_1680015138835{margin-top: 10px !important;}\u00bb][vc_column][vc_column_text el_class=\u00bbtexto-justificado\u00bb]El Haras Rancho F\u00e1tima tambi\u00e9n incorpor\u00f3 a Julie Andrews (IRL, Red God), que sigue siendo un nombre presente en pedigr\u00eds actuales. A trav\u00e9s de su hija Shandu (Three Kingdoms) produjo nietos como\u00a0<strong>TABACO\u00a0<\/strong>(Large As Life) y\u00a0<strong>NEVER SAY NE\u00adVER\u00a0<\/strong>(Valetchka) y bisnietos como\u00a0<strong>LORDONIO\u00a0<\/strong>(Lord Layabout) y\u00a0<strong>LUTZANA\u00a0<\/strong>(Lutz).<\/p>\n<p>En tanto que mediante su hija Tintaya, dio nietos como\u00a0<strong>SKY FLIGHT\u00a0<\/strong>(Stack) (G2) (madre de\u00a0<strong>LUCINA<\/strong>),\u00a0<strong>FREQUENCIA\u00a0<\/strong>(Farall\u00f3n P) (G2),\u00a0<strong>FABRE\u00a0<\/strong>(Farall\u00f3n P) (G3) y\u00a0<strong>SKIYA\u00a0<\/strong>(Stack). Esta \u00faltima es madre de\u00a0<strong>FASKY\u00a0<\/strong>(Farall\u00f3n P) y abuela de\u00a0<strong>SAGRADA\u00a0<\/strong>(Singe The Turf).<\/p>\n<p>Al t\u00e9rmino de la d\u00e9cada de los 70s surgi\u00f3 Swagili (First Tudor), m\u00faltiple ganadora cl\u00e1sica en Monterrico y exportada como yegua madre a la sede de Rancho F\u00e1tima en Estados Unidos (Santa Cruz Ranch). All\u00ed produjo a\u00a0<strong>EL PORQUE\u00a0<\/strong>(EEUU, Forever Sparkle), importado de producto y ganador cl\u00e1sico en Monterrico y a las matronas Faster Than Ever (EEUU, Forever Sparkle) y Fina Estampa (EEUU, Forever Sparkle).<\/p>\n<p>Esta \u00faltima fue exportada a Argentina donde produjo a\u00a0<strong>LA QUIPA\u00a0<\/strong>(ARG, Southern Halo), madre del destacado velocista\u00a0<strong>ASSET\u00a0<\/strong>(ARG, Salt Lake), ganador del Estrellas Sprint (G1) y exportado a Gran Breta\u00f1a. De la misma l\u00ednea de Fina Estampa, a trav\u00e9s de su otra hija Gran V\u00eda (Festival Town), tambi\u00e9n se encuentran nombres como los de\u00a0<strong>FASTWAY\u00a0<\/strong>(Combsway) (G1), madre de\u00a0<strong>KINKINA\u00a0<\/strong>(Duarf) y abuela de\u00a0<strong>ROYAL FIELDS\u00a0<\/strong>(Flanders Fields).<\/p>\n<p>Entretanto, Faster Than Ever extendi\u00f3 la l\u00ednea en el Haras Rancho F\u00e1tima a trav\u00e9s de la corredora\u00a0<strong>STAY FAST\u00a0<\/strong>(Stallion), m\u00faltiple ganadora cl\u00e1sica y madre de las campeo\u00adnas y propias hermanas\u00a0<strong>LADY FAST\u00a0<\/strong>y\u00a0<strong>LADIES FIRST<\/strong>, ambas hijas de Laubali (Mr. Prospector); la primera ganadora de Grupo 1 (GPN Augusto B. Legu\u00eda) y la segunda ganadora de Grupo 2 y 3.<\/p>\n<p>El Haras Rancho F\u00e1tima tambi\u00e9n se precia de haber tenido en su plantel de repro\u00adductoras a grandes yeguas nacionales adquiridas de sus propietarios peruanos, como Flor de Loto (Fort Duke), triple ganadora internacional de la velocidad; su hermana Jerarqu\u00eda (Jimmy Cannon); la cl\u00e1sica Beautiful (Babus On), hermana de la campeona Maidenform y Swagili (First Tudor), m\u00faltiple ganadora cl\u00e1sica.[\/vc_column_text][\/vc_column][\/vc_row][vc_row css=\u00bb.vc_custom_1678735852422{margin-top: 50px !important;}\u00bb][vc_column width=\u00bb1\/2&#8243;]<a href=\"http:\/\/ranchofatima.com\/index.php\/about\/los-inicios\/\" class=\"sc_button sc_button_square sc_button_style_filled sc_button_size_small alignleft  sc_button_iconed icon-reply\">Los Inicios<\/a>[\/vc_column][vc_column width=\u00bb1\/2&#8243;]<a href=\"http:\/\/ranchofatima.com\/index.php\/about\/los-padrillos\/\" class=\"sc_button sc_button_square sc_button_style_filled sc_button_size_small alignright  sc_button_iconed icon-forward\">Los Padrillos<\/a>[\/vc_column][\/vc_row][vc_row full_width=\u00bbstretch_row_content\u00bb][vc_column][vc_separator border_width=\u00bb2&#8243;][vc_empty_space height=\u00bb15px\u00bb][\/vc_column][\/vc_row][vc_row][vc_column][vc_separator style=\u00bbdouble\u00bb border_width=\u00bb2&#8243;][\/vc_column][\/vc_row]<\/p>\n","protected":false},"excerpt":{"rendered":"<p>[vc_row css=\u00bb.vc_custom_1684875361179{margin-top: -5px !important;}\u00bb][vc_column][vc_separator border_width=\u00bb2&#8243;][\/vc_column][\/vc_row][vc_row][vc_column][vc_raw_html]JTNDbmF2JTIwY2xhc3MlM0QlMjJtZW51X2hhcmFzJTIyJTNFJTBBJTIwJTIwJTIwJTIwJTIwJTIwJTIwJTIwJTNDdWwlM0UlMEElMDklMDklM0NsaSUzRSUzQ2ElMjBocmVmJTNEJTIyaHR0cCUzQSUyRiUyRnJhbmNob2ZhdGltYS5jb20lMkZpbmRleC5waHAlMkZhYm91dCUyRmxvcy1pbmljaW9zJTJGJTIyJTNFTG9zJTIwSW5pY2lvcyUzQyUyRmElM0UlM0MlMkZsaSUzRSUwQSUwOSUwOSUzQ2xpJTNFJTNDYSUyMGhyZWYlM0QlMjJodHRwJTNBJTJGJTJGcmFuY2hvZmF0aW1hLmNvbSUyRmluZGV4LnBocCUyRmFib3V0JTJGbG9zLXBhZHJpbGxvcyUyRiUyMiUzRUxvcyUyMFBhZHJpbGxvcyUzQyUyRmElM0UlM0MlMkZsaSUzRSUwQSUwOSUwOSUzQ2xpJTNFJTNDYSUyMGhyZWYlM0QlMjJodHRwJTNBJTJGJTJGcmFuY2hvZmF0aW1hLmNvbSUyRmluZGV4LnBocCUyRmFib3V0JTJGZG9zLWNyYWNrcy1oaXN0b3JpY29zJTJGJTIyJTNFRG9zJTIwQ3JhY2tzJTIwSGlzdG9yaWNvcyUzQyUyRmElM0UlM0MlMkZsJTNFJTBBJTA5JTA5JTNDbGklM0UlM0NhJTIwaHJlZiUzRCUyMmh0dHAlM0ElMkYlMkZyYW5jaG9mYXRpbWEuY29tJTJGaW5kZXgucGhwJTJGYWJvdXQlMkZwcmVzZW5jaWEtaW50ZXJuYWNpb25hbCUyRiUyMiUzRVByZXNlbmNpYSUyMEludGVybmFjaW9uYWwlM0MlMkZhJTNFJTNDJTJGbGklM0UlMEElMDklMDklM0NsaSUzRSUzQ2ElMjBocmVmJTNEJTIyaHR0cCUzQSUyRiUyRnJhbmNob2ZhdGltYS5jb20lMkZpbmRleC5waHAlMkZhYm91dCUyRmxvcy1ncmFuZGVzLXRyaXVuZm9zLWNsYXNpY29zJTJGJTIyJTNFR3JhbmRlcyUyMFRyaXVuZm9zJTNDJTJGYSUzRSUzQyUyRmxpJTNFJTBBJTIwJTIwJTIwJTIwJTIwJTIwJTIwJTIwJTIwJTIwJTIwJTIwJTIwJTIwJTIwJTIwJTNDbGklM0UlM0NhJTIwaHJlZiUzRCUyMmh0dHAlM0ElMkYlMkZyYW5jaG9mYXRpbWEuY29tJTJGaW5kZXgucGhwJTJGYWJvdXQlMkZlbC1wcmVzZW50ZSUyRiUyMiUzRUVsJTIwUHJlc2VudGUlM0MlMkZhJTNFJTNDJTJGbGklM0UlMEElMjAlMjAlMjAlMjAlMjAlMjAlMjAlMjAlMjAlMjAlMjAlMjAlMjAlMjAlMjAlMjAlM0NsaSUzRSUzQ2ElMjBocmVmJTNEJTIyaHR0cCUzQSUyRiUyRnJhbmNob2ZhdGltYS5jb20lMkZpbmRleC5waHAlMkZhYm91dCUyRmxvcy1tZWpvcmVzJTJGJTIyJTNFTG9zJTIwTWVqb3JlcyUzQyUyRmElM0UlM0MlMkZsaSUzRSUwQSUwOSUyMCUzQyUyRnVsJTNFJTBBJTIwJTIwJTIwJTIwJTNDJTJGbmF2JTNF[\/vc_raw_html][\/vc_column][\/vc_row][vc_row][vc_column][vc_empty_space][\/vc_column][\/vc_row][vc_row][vc_column width=\u00bb1\/2&#8243; offset=\u00bbvc_col-lg-6&#8243;][vc_column_text el_class=\u00bbtexto-justificado\u00bb]Jaime Rizo Patr\u00f3n Remy sab\u00eda que para alcanzar la excelencia deb\u00eda tener repro\u00adductoras de primer nivel. Ante una importaci\u00f3n de yeguas madres, efectuada por el Jockey Club del Per\u00fa en 1972, adquiri\u00f3 en subasta p\u00fablica a Detchema (GB, Darius), quien inici\u00f3 la historia del criadero hace cincuenta a\u00f1os. [&hellip;]<\/p>\n","protected":false},"author":1,"featured_media":0,"parent":447,"menu_order":0,"comment_status":"closed","ping_status":"closed","template":"","meta":{"_monsterinsights_skip_tracking":false,"_monsterinsights_sitenote_active":false,"_monsterinsights_sitenote_note":"","_monsterinsights_sitenote_category":0,"footnotes":""},"class_list":["post-1962","page","type-page","status-publish","hentry"],"aioseo_notices":[],"_links":{"self":[{"href":"https:\/\/ranchofatima.com\/index.php\/wp-json\/wp\/v2\/pages\/1962","targetHints":{"allow":["GET"]}}],"collection":[{"href":"https:\/\/ranchofatima.com\/index.php\/wp-json\/wp\/v2\/pages"}],"about":[{"href":"https:\/\/ranchofatima.com\/index.php\/wp-json\/wp\/v2\/types\/page"}],"author":[{"embeddable":true,"href":"https:\/\/ranchofatima.com\/index.php\/wp-json\/wp\/v2\/users\/1"}],"replies":[{"embeddable":true,"href":"https:\/\/ranchofatima.com\/index.php\/wp-json\/wp\/v2\/comments?post=1962"}],"version-history":[{"count":66,"href":"https:\/\/ranchofatima.com\/index.php\/wp-json\/wp\/v2\/pages\/1962\/revisions"}],"predecessor-version":[{"id":3728,"href":"https:\/\/ranchofatima.com\/index.php\/wp-json\/wp\/v2\/pages\/1962\/revisions\/3728"}],"up":[{"embeddable":true,"href":"https:\/\/ranchofatima.com\/index.php\/wp-json\/wp\/v2\/pages\/447"}],"wp:attachment":[{"href":"https:\/\/ranchofatima.com\/index.php\/wp-json\/wp\/v2\/media?parent=1962"}],"curies":[{"name":"wp","href":"https:\/\/api.w.org\/{rel}","templated":true}]}}