{"id":1954,"date":"2023-01-27T15:39:49","date_gmt":"2023-01-27T15:39:49","guid":{"rendered":"http:\/\/harasranchofatima.com\/?page_id=1954"},"modified":"2024-02-01T18:09:59","modified_gmt":"2024-02-01T18:09:59","slug":"los-inicios","status":"publish","type":"page","link":"https:\/\/ranchofatima.com\/index.php\/about\/los-inicios\/","title":{"rendered":"Los Inicios"},"content":{"rendered":"<p>[vc_row][vc_column][vc_separator border_width=\u00bb2&#8243;][\/vc_column][\/vc_row][vc_row][vc_column][vc_raw_html]JTIwJTNDbmF2JTIwY2xhc3MlM0QlMjJtZW51X2hhcmFzJTIyJTNFJTBBJTIwJTIwJTIwJTIwJTIwJTIwJTIwJTIwJTNDdWwlM0UlMEElMDklMDklM0NsaSUzRSUzQ2ElMjBocmVmJTNEJTIyaHR0cHMlM0ElMkYlMkZyYW5jaG9mYXRpbWEuY29tJTJGaW5kZXgucGhwJTJGYWJvdXQlMkZsYXMteWVndWFzLWZ1bmRhZG9yYXMlMkYlMjIlM0VNYWRyZXMlMjBGdW5kYWRvcmFzJTNDJTJGYSUzRSUzQyUyRmxpJTNFJTBBJTA5JTA5JTNDbGklM0UlM0NhJTIwaHJlZiUzRCUyMmh0dHBzJTNBJTJGJTJGcmFuY2hvZmF0aW1hLmNvbSUyRmluZGV4LnBocCUyRmFib3V0JTJGbG9zLXBhZHJpbGxvcyUyRiUyMiUzRUxvcyUyMFBhZHJpbGxvcyUzQyUyRmElM0UlM0MlMkZsaSUzRSUwQSUwOSUwOSUzQ2xpJTNFJTNDYSUyMGhyZWYlM0QlMjJodHRwcyUzQSUyRiUyRnJhbmNob2ZhdGltYS5jb20lMkZpbmRleC5waHAlMkZhYm91dCUyRmRvcy1jcmFja3MtaGlzdG9yaWNvcyUyRiUyMiUzRURvcyUyMENyYWNrcyUyMEhpc3Rvcmljb3MlM0MlMkZhJTNFJTNDJTJGbCUzRSUwQSUwOSUwOSUzQ2xpJTNFJTNDYSUyMGhyZWYlM0QlMjJodHRwcyUzQSUyRiUyRnJhbmNob2ZhdGltYS5jb20lMkZpbmRleC5waHAlMkZhYm91dCUyRnByZXNlbmNpYS1pbnRlcm5hY2lvbmFsJTJGJTIyJTNFUHJlc2VuY2lhJTIwSW50ZXJuYWNpb25hbCUzQyUyRmElM0UlM0MlMkZsaSUzRSUwQSUwOSUwOSUzQ2xpJTNFJTNDYSUyMGhyZWYlM0QlMjJodHRwcyUzQSUyRiUyRnJhbmNob2ZhdGltYS5jb20lMkZpbmRleC5waHAlMkZhYm91dCUyRmxvcy1ncmFuZGVzLXRyaXVuZm9zLWNsYXNpY29zJTJGJTIyJTNFR3JhbmRlcyUyMFRyaXVuZm9zJTNDJTJGYSUzRSUzQyUyRmxpJTNFJTBBJTIwJTIwJTIwJTIwJTIwJTIwJTIwJTIwJTIwJTIwJTIwJTIwJTIwJTIwJTIwJTIwJTNDbGklM0UlM0NhJTIwaHJlZiUzRCUyMmh0dHBzJTNBJTJGJTJGcmFuY2hvZmF0aW1hLmNvbSUyRmluZGV4LnBocCUyRmFib3V0JTJGZWwtcHJlc2VudGUlMkYlMjIlM0VFbCUyMFByZXNlbnRlJTNDJTJGYSUzRSUzQyUyRmxpJTNFJTBBJTIwJTIwJTIwJTIwJTIwJTIwJTIwJTIwJTIwJTIwJTIwJTIwJTIwJTIwJTIwJTIwJTNDbGklM0UlM0NhJTIwaHJlZiUzRCUyMmh0dHBzJTNBJTJGJTJGcmFuY2hvZmF0aW1hLmNvbSUyRmluZGV4LnBocCUyRmFib3V0JTJGbG9zLW1lam9yZXMlMkYlMjIlM0VMb3MlMjBNZWpvcmVzJTNDJTJGYSUzRSUzQyUyRmxpJTNFJTBBJTA5JTIwJTNDJTJGdWwlM0UlMEElMjAlMjAlMjAlMjAlM0MlMkZuYXYlM0U=[\/vc_raw_html][\/vc_column][\/vc_row][vc_row full_width=\u00bbstretch_row\u00bb][vc_column]<h2 class=\"sc_title sc_title_regular margin_top_small margin_bottom_null\" style=\"color:#000000;\">50 A\u00f1os de Historia<\/h2>[\/vc_column][\/vc_row][vc_row full_width=\u00bbstretch_row\u00bb][vc_column][vc_empty_space][vc_row_inner][vc_column_inner width=\u00bb1\/2&#8243; offset=\u00bbvc_col-lg-6 vc_col-md-7&#8243;][vc_column_text el_class=\u00bbtexto-justificado\u00bb]Rancho F\u00e1tima se inici\u00f3 a comienzos de la d\u00e9cada de los 70s, poco tiempo despu\u00e9s de las confiscaciones de terrenos agr\u00edcolas e industrias de la Dictadura Militar, que destruy\u00f3 la agricultura peruana y origin\u00f3 el cierre forzado de muchos importantes criaderos. El Haras arranc\u00f3 pues con fuerte viento en contra y su crecimiento fue prueba cabal del temple y coraje de su fundador Jaime Rizo Patr\u00f3n Remy R.<\/p>\n<p>Quiz\u00e1s el hecho que m\u00e1s impuls\u00f3 la evoluci\u00f3n inicial de Rancho F\u00e1tima fue en noviembre de 1973 cuando Jaime asisti\u00f3 a los categ\u00f3ricos triunfos cl\u00e1sicos de Santor\u00edn y Flor de Loto en el Hip\u00f3dromo de Palermo en Buenos Aires, frente a los mejores caballos del continente. Fue una demostraci\u00f3n palpable que caballos peruanos criados en limitadas extensiones, pod\u00edan competir de manera internacional y vaya en qu\u00e9 forma.[\/vc_column_text][\/vc_column_inner][vc_column_inner width=\u00bb1\/2&#8243; offset=\u00bbvc_col-lg-6 vc_col-md-5&#8243;][vc_single_image image=\u00bb2054&#8243; img_size=\u00bbfull\u00bb][\/vc_column_inner][\/vc_row_inner][\/vc_column][\/vc_row][vc_row css=\u00bb.vc_custom_1677844810842{margin-top: 15px !important;}\u00bb][vc_column][vc_column_text el_class=\u00bbtexto-justificado\u00bb]En la primera d\u00e9cada de operaci\u00f3n, el Haras estuvo ubicado en el distrito de Santiago de Surco y adem\u00e1s contaba con unos potreros en Hipocampo, distrito de Villa el Salvador. Con el aumento y selecci\u00f3n del plantel de reproductores vino el l\u00f3gico crecimiento de la producci\u00f3n; por lo tanto, hab\u00eda que buscar terrenos adecuados para avanzar con la operaci\u00f3n. En 1981 el Haras Rancho F\u00e1tima se traslad\u00f3 de sus ubicaciones iniciales al valle agr\u00edcola de Puente Piedra a un terreno de 31 hect\u00e1reas. Funcion\u00f3 all\u00ed por casi treinta a\u00f1os hasta que la expansi\u00f3n de Lima Metropolitana lleg\u00f3 al cono norte de la ciudad.[\/vc_column_text][\/vc_column][\/vc_row][vc_row css=\u00bb.vc_custom_1677844796669{margin-top: 15px !important;}\u00bb][vc_column width=\u00bb1\/2&#8243; offset=\u00bbvc_col-lg-6 vc_col-md-4&#8243;][vc_single_image image=\u00bb2056&#8243; img_size=\u00bbfull\u00bb][\/vc_column][vc_column width=\u00bb1\/2&#8243; offset=\u00bbvc_col-lg-6&#8243;][vc_column_text el_class=\u00bbtexto-justificado\u00bb]Jaime Rizo Patr\u00f3n R., ya con sus hijos involucrados en el manejo del criadero, apun\u00adt\u00f3 hacia Ca\u00f1ete, donde adquiri\u00f3 41 hect\u00e1reas en Quilman\u00e1, uno de los valles m\u00e1s f\u00e9rtiles del pa\u00eds. Se habilitaron doce potreros de 400 metros de largo para el buen desarrollo de los potrillos, cuatro padrilleras y treintaid\u00f3s boxes; modernas instala\u00adciones dedicadas exclusivamente a la crianza del purasangre de carrera.<\/p>\n<p>Adicionalmente, Hipocampo se mantuvo y potenci\u00f3 como centro de entrenamiento con capacidad para albergar setenta y dos caballos. Aqu\u00ed llegaban los potrillos me\u00adses antes de cumplir los 2 a\u00f1os para ser formados como excelentes corredores, pri\u00admero en el torno, luego en la pista chica de 200 metros, para finalmente completar su entrenamiento en la pista principal de 1,200 metros.[\/vc_column_text][\/vc_column][\/vc_row][vc_row full_width=\u00bbstretch_row\u00bb][vc_column css=\u00bb.vc_custom_1678735251591{margin-top: 15px !important;}\u00bb][vc_column_text el_class=\u00bbtexto-justificado\u00bb]Asimismo, el Haras Rancho F\u00e1tima se proyect\u00f3 a otras plazas en el extranjero. A finales de la d\u00e9cada de los setenta abri\u00f3 el Haras Rancho Luj\u00e1n en Argentina y en 1981 hizo lo propio con Santa Cruz Ranch en EEUU, produciendo en ambas h\u00edpicas varios ganadores cl\u00e1sicos.<\/p>\n<p>Tras m\u00e1s de cincuenta a\u00f1os de historia, siguen prevaleciendo en Rancho F\u00e1tima la filosof\u00eda y las metas de su fundador:<br \/>\ngenerar l\u00edneas de sangre propias y criar caballos fuertes que respiren la distancia y puedan competir con brillo primero en las Coronas de tres a\u00f1os y luego en los grandes cl\u00e1sicos de adultos.<\/p>\n<p>Para honrar ese legado, en los a\u00f1os recientes Rancho F\u00e1tima ha iniciado un proceso de actualizaci\u00f3n constante, incorporando nuevos padrillos de gran val\u00eda, yeguas j\u00f3venes de excelente linaje y m\u00e1s \u00e1rea de pasturas. La pasi\u00f3n y dedicaci\u00f3n de los directivos y del personal del haras se trasluce en esta evoluci\u00f3n, con el objetivo que en el Per\u00fa se siga criando campeones que compitan triunfalmente en los grandes cl\u00e1sicos del continente.[\/vc_column_text][\/vc_column][\/vc_row][vc_row full_width=\u00bbstretch_row\u00bb css=\u00bb.vc_custom_1678735390577{margin-top: 50px !important;}\u00bb][vc_column width=\u00bb1\/2&#8243;][\/vc_column][vc_column width=\u00bb1\/2&#8243;]<a href=\"https:\/\/ranchofatima.com\/index.php\/about\/las-yeguas-fundadoras\/\" class=\"sc_button sc_button_square sc_button_style_filled sc_button_size_small alignright  sc_button_iconed icon-forward\">Madres Fundadoras<\/a>[\/vc_column][\/vc_row][vc_row full_width=\u00bbstretch_row_content\u00bb][vc_column][vc_separator border_width=\u00bb2&#8243;][vc_empty_space height=\u00bb15px\u00bb][\/vc_column][\/vc_row][vc_row][vc_column][vc_separator style=\u00bbdouble\u00bb border_width=\u00bb2&#8243;][\/vc_column][\/vc_row]<\/p>\n","protected":false},"excerpt":{"rendered":"<p>[vc_row][vc_column][vc_separator border_width=\u00bb2&#8243;][\/vc_column][\/vc_row][vc_row][vc_column][vc_raw_html]JTIwJTNDbmF2JTIwY2xhc3MlM0QlMjJtZW51X2hhcmFzJTIyJTNFJTBBJTIwJTIwJTIwJTIwJTIwJTIwJTIwJTIwJTNDdWwlM0UlMEElMDklMDklM0NsaSUzRSUzQ2ElMjBocmVmJTNEJTIyaHR0cHMlM0ElMkYlMkZyYW5jaG9mYXRpbWEuY29tJTJGaW5kZXgucGhwJTJGYWJvdXQlMkZsYXMteWVndWFzLWZ1bmRhZG9yYXMlMkYlMjIlM0VNYWRyZXMlMjBGdW5kYWRvcmFzJTNDJTJGYSUzRSUzQyUyRmxpJTNFJTBBJTA5JTA5JTNDbGklM0UlM0NhJTIwaHJlZiUzRCUyMmh0dHBzJTNBJTJGJTJGcmFuY2hvZmF0aW1hLmNvbSUyRmluZGV4LnBocCUyRmFib3V0JTJGbG9zLXBhZHJpbGxvcyUyRiUyMiUzRUxvcyUyMFBhZHJpbGxvcyUzQyUyRmElM0UlM0MlMkZsaSUzRSUwQSUwOSUwOSUzQ2xpJTNFJTNDYSUyMGhyZWYlM0QlMjJodHRwcyUzQSUyRiUyRnJhbmNob2ZhdGltYS5jb20lMkZpbmRleC5waHAlMkZhYm91dCUyRmRvcy1jcmFja3MtaGlzdG9yaWNvcyUyRiUyMiUzRURvcyUyMENyYWNrcyUyMEhpc3Rvcmljb3MlM0MlMkZhJTNFJTNDJTJGbCUzRSUwQSUwOSUwOSUzQ2xpJTNFJTNDYSUyMGhyZWYlM0QlMjJodHRwcyUzQSUyRiUyRnJhbmNob2ZhdGltYS5jb20lMkZpbmRleC5waHAlMkZhYm91dCUyRnByZXNlbmNpYS1pbnRlcm5hY2lvbmFsJTJGJTIyJTNFUHJlc2VuY2lhJTIwSW50ZXJuYWNpb25hbCUzQyUyRmElM0UlM0MlMkZsaSUzRSUwQSUwOSUwOSUzQ2xpJTNFJTNDYSUyMGhyZWYlM0QlMjJodHRwcyUzQSUyRiUyRnJhbmNob2ZhdGltYS5jb20lMkZpbmRleC5waHAlMkZhYm91dCUyRmxvcy1ncmFuZGVzLXRyaXVuZm9zLWNsYXNpY29zJTJGJTIyJTNFR3JhbmRlcyUyMFRyaXVuZm9zJTNDJTJGYSUzRSUzQyUyRmxpJTNFJTBBJTIwJTIwJTIwJTIwJTIwJTIwJTIwJTIwJTIwJTIwJTIwJTIwJTIwJTIwJTIwJTIwJTNDbGklM0UlM0NhJTIwaHJlZiUzRCUyMmh0dHBzJTNBJTJGJTJGcmFuY2hvZmF0aW1hLmNvbSUyRmluZGV4LnBocCUyRmFib3V0JTJGZWwtcHJlc2VudGUlMkYlMjIlM0VFbCUyMFByZXNlbnRlJTNDJTJGYSUzRSUzQyUyRmxpJTNFJTBBJTIwJTIwJTIwJTIwJTIwJTIwJTIwJTIwJTIwJTIwJTIwJTIwJTIwJTIwJTIwJTIwJTNDbGklM0UlM0NhJTIwaHJlZiUzRCUyMmh0dHBzJTNBJTJGJTJGcmFuY2hvZmF0aW1hLmNvbSUyRmluZGV4LnBocCUyRmFib3V0JTJGbG9zLW1lam9yZXMlMkYlMjIlM0VMb3MlMjBNZWpvcmVzJTNDJTJGYSUzRSUzQyUyRmxpJTNFJTBBJTA5JTIwJTNDJTJGdWwlM0UlMEElMjAlMjAlMjAlMjAlM0MlMkZuYXYlM0U=[\/vc_raw_html][\/vc_column][\/vc_row][vc_row full_width=\u00bbstretch_row\u00bb][vc_column][\/vc_column][\/vc_row][vc_row full_width=\u00bbstretch_row\u00bb][vc_column][vc_empty_space][vc_row_inner][vc_column_inner width=\u00bb1\/2&#8243; offset=\u00bbvc_col-lg-6 vc_col-md-7&#8243;][vc_column_text el_class=\u00bbtexto-justificado\u00bb]Rancho F\u00e1tima se inici\u00f3 a comienzos de la d\u00e9cada de los 70s, poco tiempo despu\u00e9s de las confiscaciones de terrenos agr\u00edcolas e industrias de la Dictadura Militar, que destruy\u00f3 la agricultura peruana y origin\u00f3 el cierre forzado de muchos importantes criaderos. El Haras arranc\u00f3 pues con fuerte viento [&hellip;]<\/p>\n","protected":false},"author":1,"featured_media":0,"parent":447,"menu_order":0,"comment_status":"closed","ping_status":"closed","template":"","meta":{"_monsterinsights_skip_tracking":false,"_monsterinsights_sitenote_active":false,"_monsterinsights_sitenote_note":"","_monsterinsights_sitenote_category":0,"footnotes":""},"class_list":["post-1954","page","type-page","status-publish","hentry"],"aioseo_notices":[],"_links":{"self":[{"href":"https:\/\/ranchofatima.com\/index.php\/wp-json\/wp\/v2\/pages\/1954","targetHints":{"allow":["GET"]}}],"collection":[{"href":"https:\/\/ranchofatima.com\/index.php\/wp-json\/wp\/v2\/pages"}],"about":[{"href":"https:\/\/ranchofatima.com\/index.php\/wp-json\/wp\/v2\/types\/page"}],"author":[{"embeddable":true,"href":"https:\/\/ranchofatima.com\/index.php\/wp-json\/wp\/v2\/users\/1"}],"replies":[{"embeddable":true,"href":"https:\/\/ranchofatima.com\/index.php\/wp-json\/wp\/v2\/comments?post=1954"}],"version-history":[{"count":55,"href":"https:\/\/ranchofatima.com\/index.php\/wp-json\/wp\/v2\/pages\/1954\/revisions"}],"predecessor-version":[{"id":3534,"href":"https:\/\/ranchofatima.com\/index.php\/wp-json\/wp\/v2\/pages\/1954\/revisions\/3534"}],"up":[{"embeddable":true,"href":"https:\/\/ranchofatima.com\/index.php\/wp-json\/wp\/v2\/pages\/447"}],"wp:attachment":[{"href":"https:\/\/ranchofatima.com\/index.php\/wp-json\/wp\/v2\/media?parent=1954"}],"curies":[{"name":"wp","href":"https:\/\/api.w.org\/{rel}","templated":true}]}}